{"id":358,"date":"2017-08-04T11:59:39","date_gmt":"2017-08-04T09:59:39","guid":{"rendered":"https:\/\/www.mmc.nl\/dialysecentrum\/?page_id=358"},"modified":"2023-04-25T09:12:16","modified_gmt":"2023-04-25T07:12:16","slug":"over-het-dialysecentrum","status":"publish","type":"page","link":"https:\/\/www.mmc.nl\/dialysecentrum\/over-het-dialysecentrum\/","title":{"rendered":"Over Dialysecentrum M\u00e1xima MC"},"content":{"rendered":"<p><strong>Dialysecentrum M\u00e1xima MC is een professioneel en innovatief dialysecentrum. Een centrum waar we pati\u00ebnten verschillende nierfunctievervangende behandelingen aanbieden. Onze medewerkers doen er alles aan om de dialyse zo goed mogelijk in te passen in het dagelijkse leven van de pati\u00ebnt.<\/strong><\/p>\n<p>De nierfunctievervangende therapie kan plaatsvinden in ons dialysecentrum op onze locatie in Veldhoven, maar ook <a href=\"https:\/\/www.mmc.nl\/dialysecentrum\/aandoening-en-behandeling\/thuisdialyse\/\">thuis<\/a>. Samen met de pati\u00ebnt onderzoeken we welke <a href=\"\/dialysecentrum\/aandoening-en-behandeling\/\">behandelingsvorm<\/a> het beste past, bijvoorbeeld <a href=\"\/dialysecentrum\/aandoening-en-behandeling\/hemodialyse\/\">hemodialyse<\/a> of een <a href=\"\/dialysecentrum\/aandoening-en-behandeling\/peritoneaal-dialyse\/\">buikspoeling<\/a>. Kiest de pati\u00ebnt ervoor om thuis te dialyseren dan bieden wij training en begeleiding aan om de pati\u00ebnt hier op voor te bereiden. Ook biedt Dialysecentrum M\u00e1xima MC <a href=\"https:\/\/www.mmc.nl\/dialysecentrum\/vakantiedialyse\/\">vakantiedialyse <\/a>aan.<\/p>\n<p><img decoding=\"async\" class=\"aligncenter size-full wp-image-1471 lazyload\" data-src=\"https:\/\/www.mmc.nl\/dialysecentrum\/wp-content\/uploads\/sites\/15\/2019\/08\/dialysecentrum-mmc.jpg\" alt=\"Dialysecentrum MMC\" width=\"800\" height=\"477\" data-srcset=\"https:\/\/www.mmc.nl\/dialysecentrum\/wp-content\/uploads\/sites\/15\/2019\/08\/dialysecentrum-mmc.jpg 800w, https:\/\/www.mmc.nl\/dialysecentrum\/wp-content\/uploads\/sites\/15\/2019\/08\/dialysecentrum-mmc-300x179.jpg 300w, https:\/\/www.mmc.nl\/dialysecentrum\/wp-content\/uploads\/sites\/15\/2019\/08\/dialysecentrum-mmc-768x458.jpg 768w, https:\/\/www.mmc.nl\/dialysecentrum\/wp-content\/uploads\/sites\/15\/2019\/08\/dialysecentrum-mmc-150x89.jpg 150w\" data-sizes=\"(max-width: 800px) 100vw, 800px\" src=\"data:image\/svg+xml;base64,PHN2ZyB3aWR0aD0iMSIgaGVpZ2h0PSIxIiB4bWxucz0iaHR0cDovL3d3dy53My5vcmcvMjAwMC9zdmciPjwvc3ZnPg==\" style=\"--smush-placeholder-width: 800px; --smush-placeholder-aspect-ratio: 800\/477;\" \/><\/p>\n","protected":false},"excerpt":{"rendered":"<p>Dialysecentrum M\u00e1xima MC is een professioneel en innovatief dialysecentrum. Een centrum waar we pati\u00ebnten verschillende nierfunctievervangende behandelingen aanbieden. Onze medewerkers doen er alles aan om de dialyse zo goed mogelijk in te passen in het dagelijkse leven van de pati\u00ebnt. De nierfunctievervangende therapie kan plaatsvinden in ons dialysecentrum op onze locatie in Veldhoven, maar ook [&hellip;]<\/p>\n","protected":false},"author":1,"featured_media":1,"parent":0,"menu_order":0,"comment_status":"closed","ping_status":"closed","template":"page.php","meta":{"_acf_changed":false,"ep_exclude_from_search":false,"footnotes":""},"tags":[29,669],"class_list":["post-358","page","type-page","status-publish","has-post-thumbnail","hentry","tag-dialysecentrum","tag-nefrologie"],"acf":[],"yoast_head":"<!-- This site is optimized with the Yoast SEO Premium plugin v27.1 (Yoast SEO v27.1.1) - https:\/\/yoast.com\/product\/yoast-seo-premium-wordpress\/ -->\n<title>Over het dialysecentrum \u2013 M\u00e1xima MC<\/title>\n<meta name=\"description\" content=\"Dialysecentrum M\u00e1xima is een professioneel en innovatief dialysecentrum in Eindhoven en Veldhoven. Een dialysecentrum waar we pati\u00ebnten verschillende nierfunctievervangende behandelingen aanbieden, zoals hemodialyse of een buikspoeling.\" \/>\n<meta name=\"robots\" content=\"index, follow, max-snippet:-1, max-image-preview:large, max-video-preview:-1\" \/>\n<link rel=\"canonical\" href=\"https:\/\/www.mmc.nl\/dialysecentrum\/over-het-dialysecentrum\/\" \/>\n<meta property=\"og:locale\" content=\"nl_NL\" \/>\n<meta property=\"og:type\" content=\"article\" \/>\n<meta property=\"og:title\" content=\"Over Dialysecentrum M\u00e1xima MC\" \/>\n<meta property=\"og:description\" content=\"Dialysecentrum M\u00e1xima is een professioneel en innovatief dialysecentrum in Eindhoven en Veldhoven. Een dialysecentrum waar we pati\u00ebnten verschillende nierfunctievervangende behandelingen aanbieden, zoals hemodialyse of een buikspoeling.\" \/>\n<meta property=\"og:url\" content=\"https:\/\/www.mmc.nl\/dialysecentrum\/over-het-dialysecentrum\/\" \/>\n<meta property=\"og:site_name\" content=\"Dialysecentrum M\u00e1xima MC\" \/>\n<meta property=\"article:modified_time\" content=\"2023-04-25T07:12:16+00:00\" \/>\n<meta name=\"twitter:card\" content=\"summary_large_image\" \/>\n<meta name=\"twitter:label1\" content=\"Geschatte leestijd\" \/>\n\t<meta name=\"twitter:data1\" content=\"1 minuut\" \/>\n<script type=\"application\/ld+json\" class=\"yoast-schema-graph\">{\"@context\":\"https:\/\/schema.org\",\"@graph\":[{\"@type\":\"WebPage\",\"@id\":\"https:\/\/www.mmc.nl\/dialysecentrum\/over-het-dialysecentrum\/\",\"url\":\"https:\/\/www.mmc.nl\/dialysecentrum\/over-het-dialysecentrum\/\",\"name\":\"Over het dialysecentrum \u2013 M\u00e1xima MC\",\"isPartOf\":{\"@id\":\"https:\/\/www.mmc.nl\/dialysecentrum\/#website\"},\"primaryImageOfPage\":{\"@id\":\"https:\/\/www.mmc.nl\/dialysecentrum\/over-het-dialysecentrum\/#primaryimage\"},\"image\":{\"@id\":\"https:\/\/www.mmc.nl\/dialysecentrum\/over-het-dialysecentrum\/#primaryimage\"},\"thumbnailUrl\":\"\",\"datePublished\":\"2017-08-04T09:59:39+00:00\",\"dateModified\":\"2023-04-25T07:12:16+00:00\",\"description\":\"Dialysecentrum M\u00e1xima is een professioneel en innovatief dialysecentrum in Eindhoven en Veldhoven. Een dialysecentrum waar we pati\u00ebnten verschillende nierfunctievervangende behandelingen aanbieden, zoals hemodialyse of een buikspoeling.\",\"breadcrumb\":{\"@id\":\"https:\/\/www.mmc.nl\/dialysecentrum\/over-het-dialysecentrum\/#breadcrumb\"},\"inLanguage\":\"nl-NL\",\"potentialAction\":[{\"@type\":\"ReadAction\",\"target\":[\"https:\/\/www.mmc.nl\/dialysecentrum\/over-het-dialysecentrum\/\"]}]},{\"@type\":\"ImageObject\",\"inLanguage\":\"nl-NL\",\"@id\":\"https:\/\/www.mmc.nl\/dialysecentrum\/over-het-dialysecentrum\/#primaryimage\",\"url\":\"\",\"contentUrl\":\"\"},{\"@type\":\"BreadcrumbList\",\"@id\":\"https:\/\/www.mmc.nl\/dialysecentrum\/over-het-dialysecentrum\/#breadcrumb\",\"itemListElement\":[{\"@type\":\"ListItem\",\"position\":1,\"name\":\"Dialysecentrum M\u00e1xima MC\",\"item\":\"https:\/\/www.mmc.nl\/dialysecentrum\/\"},{\"@type\":\"ListItem\",\"position\":2,\"name\":\"Over Dialysecentrum M\u00e1xima MC\"}]},{\"@type\":\"WebSite\",\"@id\":\"https:\/\/www.mmc.nl\/dialysecentrum\/#website\",\"url\":\"https:\/\/www.mmc.nl\/dialysecentrum\/\",\"name\":\"Dialysecentrum M\u00e1xima MC\",\"description\":\"\",\"potentialAction\":[{\"@type\":\"SearchAction\",\"target\":{\"@type\":\"EntryPoint\",\"urlTemplate\":\"https:\/\/www.mmc.nl\/dialysecentrum\/?s={search_term_string}\"},\"query-input\":{\"@type\":\"PropertyValueSpecification\",\"valueRequired\":true,\"valueName\":\"search_term_string\"}}],\"inLanguage\":\"nl-NL\"}]}<\/script>\n<!-- \/ Yoast SEO Premium plugin. -->","yoast_head_json":{"title":"Over het dialysecentrum \u2013 M\u00e1xima MC","description":"Dialysecentrum M\u00e1xima is een professioneel en innovatief dialysecentrum in Eindhoven en Veldhoven. Een dialysecentrum waar we pati\u00ebnten verschillende nierfunctievervangende behandelingen aanbieden, zoals hemodialyse of een buikspoeling.","robots":{"index":"index","follow":"follow","max-snippet":"max-snippet:-1","max-image-preview":"max-image-preview:large","max-video-preview":"max-video-preview:-1"},"canonical":"https:\/\/www.mmc.nl\/dialysecentrum\/over-het-dialysecentrum\/","og_locale":"nl_NL","og_type":"article","og_title":"Over Dialysecentrum M\u00e1xima MC","og_description":"Dialysecentrum M\u00e1xima is een professioneel en innovatief dialysecentrum in Eindhoven en Veldhoven. Een dialysecentrum waar we pati\u00ebnten verschillende nierfunctievervangende behandelingen aanbieden, zoals hemodialyse of een buikspoeling.","og_url":"https:\/\/www.mmc.nl\/dialysecentrum\/over-het-dialysecentrum\/","og_site_name":"Dialysecentrum M\u00e1xima MC","article_modified_time":"2023-04-25T07:12:16+00:00","twitter_card":"summary_large_image","twitter_misc":{"Geschatte leestijd":"1 minuut"},"schema":{"@context":"https:\/\/schema.org","@graph":[{"@type":"WebPage","@id":"https:\/\/www.mmc.nl\/dialysecentrum\/over-het-dialysecentrum\/","url":"https:\/\/www.mmc.nl\/dialysecentrum\/over-het-dialysecentrum\/","name":"Over het dialysecentrum \u2013 M\u00e1xima MC","isPartOf":{"@id":"https:\/\/www.mmc.nl\/dialysecentrum\/#website"},"primaryImageOfPage":{"@id":"https:\/\/www.mmc.nl\/dialysecentrum\/over-het-dialysecentrum\/#primaryimage"},"image":{"@id":"https:\/\/www.mmc.nl\/dialysecentrum\/over-het-dialysecentrum\/#primaryimage"},"thumbnailUrl":"","datePublished":"2017-08-04T09:59:39+00:00","dateModified":"2023-04-25T07:12:16+00:00","description":"Dialysecentrum M\u00e1xima is een professioneel en innovatief dialysecentrum in Eindhoven en Veldhoven. Een dialysecentrum waar we pati\u00ebnten verschillende nierfunctievervangende behandelingen aanbieden, zoals hemodialyse of een buikspoeling.","breadcrumb":{"@id":"https:\/\/www.mmc.nl\/dialysecentrum\/over-het-dialysecentrum\/#breadcrumb"},"inLanguage":"nl-NL","potentialAction":[{"@type":"ReadAction","target":["https:\/\/www.mmc.nl\/dialysecentrum\/over-het-dialysecentrum\/"]}]},{"@type":"ImageObject","inLanguage":"nl-NL","@id":"https:\/\/www.mmc.nl\/dialysecentrum\/over-het-dialysecentrum\/#primaryimage","url":"","contentUrl":""},{"@type":"BreadcrumbList","@id":"https:\/\/www.mmc.nl\/dialysecentrum\/over-het-dialysecentrum\/#breadcrumb","itemListElement":[{"@type":"ListItem","position":1,"name":"Dialysecentrum M\u00e1xima MC","item":"https:\/\/www.mmc.nl\/dialysecentrum\/"},{"@type":"ListItem","position":2,"name":"Over Dialysecentrum M\u00e1xima MC"}]},{"@type":"WebSite","@id":"https:\/\/www.mmc.nl\/dialysecentrum\/#website","url":"https:\/\/www.mmc.nl\/dialysecentrum\/","name":"Dialysecentrum M\u00e1xima MC","description":"","potentialAction":[{"@type":"SearchAction","target":{"@type":"EntryPoint","urlTemplate":"https:\/\/www.mmc.nl\/dialysecentrum\/?s={search_term_string}"},"query-input":{"@type":"PropertyValueSpecification","valueRequired":true,"valueName":"search_term_string"}}],"inLanguage":"nl-NL"}]}},"_links":{"self":[{"href":"https:\/\/www.mmc.nl\/dialysecentrum\/wp-json\/wp\/v2\/pages\/358","targetHints":{"allow":["GET"]}}],"collection":[{"href":"https:\/\/www.mmc.nl\/dialysecentrum\/wp-json\/wp\/v2\/pages"}],"about":[{"href":"https:\/\/www.mmc.nl\/dialysecentrum\/wp-json\/wp\/v2\/types\/page"}],"author":[{"embeddable":true,"href":"https:\/\/www.mmc.nl\/dialysecentrum\/wp-json\/wp\/v2\/users\/1"}],"replies":[{"embeddable":true,"href":"https:\/\/www.mmc.nl\/dialysecentrum\/wp-json\/wp\/v2\/comments?post=358"}],"version-history":[{"count":18,"href":"https:\/\/www.mmc.nl\/dialysecentrum\/wp-json\/wp\/v2\/pages\/358\/revisions"}],"predecessor-version":[{"id":2066,"href":"https:\/\/www.mmc.nl\/dialysecentrum\/wp-json\/wp\/v2\/pages\/358\/revisions\/2066"}],"wp:featuredmedia":[{"embeddable":true,"href":"https:\/\/www.mmc.nl\/dialysecentrum\/wp-json\/"}],"wp:attachment":[{"href":"https:\/\/www.mmc.nl\/dialysecentrum\/wp-json\/wp\/v2\/media?parent=358"}],"wp:term":[{"taxonomy":"post_tag","embeddable":true,"href":"https:\/\/www.mmc.nl\/dialysecentrum\/wp-json\/wp\/v2\/tags?post=358"}],"curies":[{"name":"wp","href":"https:\/\/api.w.org\/{rel}","templated":true}]}}