{"id":367,"date":"2017-08-04T13:51:49","date_gmt":"2017-08-04T11:51:49","guid":{"rendered":"https:\/\/www.mmc.nl\/dialysecentrum\/?page_id=367"},"modified":"2022-05-06T09:05:14","modified_gmt":"2022-05-06T07:05:14","slug":"keurmerken","status":"publish","type":"page","link":"https:\/\/www.mmc.nl\/dialysecentrum\/keurmerken\/","title":{"rendered":"Keurmerken"},"content":{"rendered":"<p><strong>Een keurmerk is een offici\u00eble erkenning dat een ziekenhuis voldoet aan bepaalde vastgestelde kwaliteitseisen. Dialysecentrum M\u00e1xima MC heeft &#8211; met trots &#8211; het Qualicor-keurmerk in ontvangst mogen nemen.<\/strong><\/p>\n<p>&nbsp;<\/p>\n<p><strong>QUALICOR ACCREDITATIE<\/strong><\/p>\n<p>H\u00c9T KWALITEITSLABEL VOOR ZIEKENHUIZEN<\/p>\n<p>&nbsp;<\/p>\n<p>Qualicor ontwikkelt kwaliteitsnormen en toetst zorginstellingen hierop. Beoordeeld wordt of instellingen hun organisatie zo hebben ingericht dat zij op een reproduceerbare wijze een acceptabel kwaliteitsniveau van zorg voortbrengen. Als dat het geval is krijgt de instelling een accreditatie voor vier jaren, waarna een volledige hertoetsing plaatsvindt. Tussentijds gaat Qualicor de voortgang van de afgesproken verbeterpunten na. De accreditatiestatus beoogt derden \u2013 zoals pati\u00ebnten, verzekeraars, overheden \u2013 het vertrouwen in een goed en veilig georganiseerde instelling te geven.<\/p>\n<p>Deelname aan het programma van het Qualicor is vrijwillig, het geschiedt altijd op verzoek van de zorginstelling zelf. De toetsing vindt plaats op basis van tevoren bekende en gepubliceerde normen en een overeenkomstige auditprocedure. De door Qualicor ontwikkelde Kwaliteitsnorm Zorginstelling is gebaseerd op het INK-model en de operationele inhoud is grotendeels ontleend aan wat deskundigen uit het zorgveld zelf hebben ontwikkeld.<\/p>\n<p>De voorwaarden waaraan moet worden voldaan voor het verkrijgen en continueren van een accreditatiestatus zijn:<\/p>\n<ul>\n<li>een aantoonbare verbetercultuur<\/li>\n<li>een voldoende mate van borging<\/li>\n<li>een gerechtvaardigd vertrouwen in de kwaliteit van de instelling<\/li>\n<\/ul>\n<p>Het behalen van een Qualicor-accreditatie is h\u00e9t belangrijkste kwaliteitslabel voor ziekenhuizen. Met dit keurmerk laat een ziekenhuis zien dat zij de zorg voor haar cli\u00ebnten continu wil verbeteren, veiliger maken en borgen.<\/p>\n<ul>\n<li>Analyseer en verbeter werkprocessen<\/li>\n<li>Koppel bedrijfsprocessen aan geldende normen<\/li>\n<li>Toon aan dat processen in overeenstemming zijn met de normen<\/li>\n<\/ul>\n","protected":false},"excerpt":{"rendered":"<p>Een keurmerk is een offici\u00eble erkenning dat een ziekenhuis voldoet aan bepaalde vastgestelde kwaliteitseisen. Dialysecentrum M\u00e1xima MC heeft &#8211; met trots &#8211; het Qualicor-keurmerk in ontvangst mogen nemen. &nbsp; QUALICOR ACCREDITATIE H\u00c9T KWALITEITSLABEL VOOR ZIEKENHUIZEN &nbsp; Qualicor ontwikkelt kwaliteitsnormen en toetst zorginstellingen hierop. Beoordeeld wordt of instellingen hun organisatie zo hebben ingericht dat zij op [&hellip;]<\/p>\n","protected":false},"author":1,"featured_media":367,"parent":0,"menu_order":0,"comment_status":"closed","ping_status":"closed","template":"","meta":{"_acf_changed":false,"ep_exclude_from_search":false,"footnotes":""},"tags":[114,112,115,113],"class_list":["post-367","page","type-page","status-publish","has-post-thumbnail","hentry","tag-dialyse-keurmerk","tag-hkz","tag-hkz-certificaat","tag-hkz-keurmerk"],"acf":[],"yoast_head":"<!-- This site is optimized with the Yoast SEO Premium plugin v27.3 (Yoast SEO v27.3) - https:\/\/yoast.com\/product\/yoast-seo-premium-wordpress\/ -->\n<title>Keurmerken dialysecentrum - M\u00e1xima MC<\/title>\n<meta name=\"description\" content=\"Een keurmerk is een offici\u00eble erkenning dat een ziekenhuis voldoet aan bepaalde vastgestelde kwaliteitseisen. Dialysecentrum M\u00e1xima MC heeft het HKZ-keurmerk in ontvangst mogen nemen.\" \/>\n<meta name=\"robots\" content=\"index, follow, max-snippet:-1, max-image-preview:large, max-video-preview:-1\" \/>\n<link rel=\"canonical\" href=\"https:\/\/www.mmc.nl\/dialysecentrum\/keurmerken\/\" \/>\n<meta property=\"og:locale\" content=\"nl_NL\" \/>\n<meta property=\"og:type\" content=\"article\" \/>\n<meta property=\"og:title\" content=\"Keurmerken\" \/>\n<meta property=\"og:description\" content=\"Een keurmerk is een offici\u00eble erkenning dat een ziekenhuis voldoet aan bepaalde vastgestelde kwaliteitseisen. Dialysecentrum M\u00e1xima MC heeft het HKZ-keurmerk in ontvangst mogen nemen.\" \/>\n<meta property=\"og:url\" content=\"https:\/\/www.mmc.nl\/dialysecentrum\/keurmerken\/\" \/>\n<meta property=\"og:site_name\" content=\"Dialysecentrum M\u00e1xima MC\" \/>\n<meta property=\"article:modified_time\" content=\"2022-05-06T07:05:14+00:00\" \/>\n<meta name=\"twitter:card\" content=\"summary_large_image\" \/>\n<meta name=\"twitter:label1\" content=\"Geschatte leestijd\" \/>\n\t<meta name=\"twitter:data1\" content=\"2 minuten\" \/>\n<script type=\"application\/ld+json\" class=\"yoast-schema-graph\">{\"@context\":\"https:\\\/\\\/schema.org\",\"@graph\":[{\"@type\":\"WebPage\",\"@id\":\"https:\\\/\\\/www.mmc.nl\\\/dialysecentrum\\\/keurmerken\\\/\",\"url\":\"https:\\\/\\\/www.mmc.nl\\\/dialysecentrum\\\/keurmerken\\\/\",\"name\":\"Keurmerken dialysecentrum - M\u00e1xima MC\",\"isPartOf\":{\"@id\":\"https:\\\/\\\/www.mmc.nl\\\/dialysecentrum\\\/#website\"},\"primaryImageOfPage\":{\"@id\":\"https:\\\/\\\/www.mmc.nl\\\/dialysecentrum\\\/keurmerken\\\/#primaryimage\"},\"image\":{\"@id\":\"https:\\\/\\\/www.mmc.nl\\\/dialysecentrum\\\/keurmerken\\\/#primaryimage\"},\"thumbnailUrl\":\"https:\\\/\\\/www.mmc.nl\\\/dialysecentrum\\\/wp-content\\\/uploads\\\/sites\\\/15\\\/2018\\\/08\\\/Lloyds.jpg\",\"datePublished\":\"2017-08-04T11:51:49+00:00\",\"dateModified\":\"2022-05-06T07:05:14+00:00\",\"description\":\"Een keurmerk is een offici\u00eble erkenning dat een ziekenhuis voldoet aan bepaalde vastgestelde kwaliteitseisen. Dialysecentrum M\u00e1xima MC heeft het HKZ-keurmerk in ontvangst mogen nemen.\",\"breadcrumb\":{\"@id\":\"https:\\\/\\\/www.mmc.nl\\\/dialysecentrum\\\/keurmerken\\\/#breadcrumb\"},\"inLanguage\":\"nl-NL\",\"potentialAction\":[{\"@type\":\"ReadAction\",\"target\":[\"https:\\\/\\\/www.mmc.nl\\\/dialysecentrum\\\/keurmerken\\\/\"]}]},{\"@type\":\"ImageObject\",\"inLanguage\":\"nl-NL\",\"@id\":\"https:\\\/\\\/www.mmc.nl\\\/dialysecentrum\\\/keurmerken\\\/#primaryimage\",\"url\":\"https:\\\/\\\/www.mmc.nl\\\/dialysecentrum\\\/wp-content\\\/uploads\\\/sites\\\/15\\\/2018\\\/08\\\/Lloyds.jpg\",\"contentUrl\":\"https:\\\/\\\/www.mmc.nl\\\/dialysecentrum\\\/wp-content\\\/uploads\\\/sites\\\/15\\\/2018\\\/08\\\/Lloyds.jpg\"},{\"@type\":\"BreadcrumbList\",\"@id\":\"https:\\\/\\\/www.mmc.nl\\\/dialysecentrum\\\/keurmerken\\\/#breadcrumb\",\"itemListElement\":[{\"@type\":\"ListItem\",\"position\":1,\"name\":\"Dialysecentrum M\u00e1xima MC\",\"item\":\"https:\\\/\\\/www.mmc.nl\\\/dialysecentrum\\\/\"},{\"@type\":\"ListItem\",\"position\":2,\"name\":\"Keurmerken\"}]},{\"@type\":\"WebSite\",\"@id\":\"https:\\\/\\\/www.mmc.nl\\\/dialysecentrum\\\/#website\",\"url\":\"https:\\\/\\\/www.mmc.nl\\\/dialysecentrum\\\/\",\"name\":\"Dialysecentrum M\u00e1xima MC\",\"description\":\"\",\"potentialAction\":[{\"@type\":\"SearchAction\",\"target\":{\"@type\":\"EntryPoint\",\"urlTemplate\":\"https:\\\/\\\/www.mmc.nl\\\/dialysecentrum\\\/?s={search_term_string}\"},\"query-input\":{\"@type\":\"PropertyValueSpecification\",\"valueRequired\":true,\"valueName\":\"search_term_string\"}}],\"inLanguage\":\"nl-NL\"}]}<\/script>\n<!-- \/ Yoast SEO Premium plugin. -->","yoast_head_json":{"title":"Keurmerken dialysecentrum - M\u00e1xima MC","description":"Een keurmerk is een offici\u00eble erkenning dat een ziekenhuis voldoet aan bepaalde vastgestelde kwaliteitseisen. Dialysecentrum M\u00e1xima MC heeft het HKZ-keurmerk in ontvangst mogen nemen.","robots":{"index":"index","follow":"follow","max-snippet":"max-snippet:-1","max-image-preview":"max-image-preview:large","max-video-preview":"max-video-preview:-1"},"canonical":"https:\/\/www.mmc.nl\/dialysecentrum\/keurmerken\/","og_locale":"nl_NL","og_type":"article","og_title":"Keurmerken","og_description":"Een keurmerk is een offici\u00eble erkenning dat een ziekenhuis voldoet aan bepaalde vastgestelde kwaliteitseisen. Dialysecentrum M\u00e1xima MC heeft het HKZ-keurmerk in ontvangst mogen nemen.","og_url":"https:\/\/www.mmc.nl\/dialysecentrum\/keurmerken\/","og_site_name":"Dialysecentrum M\u00e1xima MC","article_modified_time":"2022-05-06T07:05:14+00:00","twitter_card":"summary_large_image","twitter_misc":{"Geschatte leestijd":"2 minuten"},"schema":{"@context":"https:\/\/schema.org","@graph":[{"@type":"WebPage","@id":"https:\/\/www.mmc.nl\/dialysecentrum\/keurmerken\/","url":"https:\/\/www.mmc.nl\/dialysecentrum\/keurmerken\/","name":"Keurmerken dialysecentrum - M\u00e1xima MC","isPartOf":{"@id":"https:\/\/www.mmc.nl\/dialysecentrum\/#website"},"primaryImageOfPage":{"@id":"https:\/\/www.mmc.nl\/dialysecentrum\/keurmerken\/#primaryimage"},"image":{"@id":"https:\/\/www.mmc.nl\/dialysecentrum\/keurmerken\/#primaryimage"},"thumbnailUrl":"https:\/\/www.mmc.nl\/dialysecentrum\/wp-content\/uploads\/sites\/15\/2018\/08\/Lloyds.jpg","datePublished":"2017-08-04T11:51:49+00:00","dateModified":"2022-05-06T07:05:14+00:00","description":"Een keurmerk is een offici\u00eble erkenning dat een ziekenhuis voldoet aan bepaalde vastgestelde kwaliteitseisen. Dialysecentrum M\u00e1xima MC heeft het HKZ-keurmerk in ontvangst mogen nemen.","breadcrumb":{"@id":"https:\/\/www.mmc.nl\/dialysecentrum\/keurmerken\/#breadcrumb"},"inLanguage":"nl-NL","potentialAction":[{"@type":"ReadAction","target":["https:\/\/www.mmc.nl\/dialysecentrum\/keurmerken\/"]}]},{"@type":"ImageObject","inLanguage":"nl-NL","@id":"https:\/\/www.mmc.nl\/dialysecentrum\/keurmerken\/#primaryimage","url":"https:\/\/www.mmc.nl\/dialysecentrum\/wp-content\/uploads\/sites\/15\/2018\/08\/Lloyds.jpg","contentUrl":"https:\/\/www.mmc.nl\/dialysecentrum\/wp-content\/uploads\/sites\/15\/2018\/08\/Lloyds.jpg"},{"@type":"BreadcrumbList","@id":"https:\/\/www.mmc.nl\/dialysecentrum\/keurmerken\/#breadcrumb","itemListElement":[{"@type":"ListItem","position":1,"name":"Dialysecentrum M\u00e1xima MC","item":"https:\/\/www.mmc.nl\/dialysecentrum\/"},{"@type":"ListItem","position":2,"name":"Keurmerken"}]},{"@type":"WebSite","@id":"https:\/\/www.mmc.nl\/dialysecentrum\/#website","url":"https:\/\/www.mmc.nl\/dialysecentrum\/","name":"Dialysecentrum M\u00e1xima MC","description":"","potentialAction":[{"@type":"SearchAction","target":{"@type":"EntryPoint","urlTemplate":"https:\/\/www.mmc.nl\/dialysecentrum\/?s={search_term_string}"},"query-input":{"@type":"PropertyValueSpecification","valueRequired":true,"valueName":"search_term_string"}}],"inLanguage":"nl-NL"}]}},"_links":{"self":[{"href":"https:\/\/www.mmc.nl\/dialysecentrum\/wp-json\/wp\/v2\/pages\/367","targetHints":{"allow":["GET"]}}],"collection":[{"href":"https:\/\/www.mmc.nl\/dialysecentrum\/wp-json\/wp\/v2\/pages"}],"about":[{"href":"https:\/\/www.mmc.nl\/dialysecentrum\/wp-json\/wp\/v2\/types\/page"}],"author":[{"embeddable":true,"href":"https:\/\/www.mmc.nl\/dialysecentrum\/wp-json\/wp\/v2\/users\/1"}],"replies":[{"embeddable":true,"href":"https:\/\/www.mmc.nl\/dialysecentrum\/wp-json\/wp\/v2\/comments?post=367"}],"version-history":[{"count":12,"href":"https:\/\/www.mmc.nl\/dialysecentrum\/wp-json\/wp\/v2\/pages\/367\/revisions"}],"predecessor-version":[{"id":1983,"href":"https:\/\/www.mmc.nl\/dialysecentrum\/wp-json\/wp\/v2\/pages\/367\/revisions\/1983"}],"wp:featuredmedia":[{"embeddable":true,"href":"https:\/\/www.mmc.nl\/dialysecentrum\/wp-json\/wp\/v2\/pages\/367"}],"wp:attachment":[{"href":"https:\/\/www.mmc.nl\/dialysecentrum\/wp-json\/wp\/v2\/media?parent=367"}],"wp:term":[{"taxonomy":"post_tag","embeddable":true,"href":"https:\/\/www.mmc.nl\/dialysecentrum\/wp-json\/wp\/v2\/tags?post=367"}],"curies":[{"name":"wp","href":"https:\/\/api.w.org\/{rel}","templated":true}]}}