{"id":2227,"date":"2024-10-09T13:08:47","date_gmt":"2024-10-09T13:08:47","guid":{"rendered":"https:\/\/www.mmc.nl\/fonds\/?page_id=2227"},"modified":"2024-10-10T09:09:20","modified_gmt":"2024-10-10T09:09:20","slug":"optimaliseren-van-informatie-voor-ouders-van-kinderen-met-heupdysplasie","status":"publish","type":"page","link":"https:\/\/www.mmc.nl\/fonds\/onze-projecten-oud\/optimaliseren-van-informatie-voor-ouders-van-kinderen-met-heupdysplasie\/","title":{"rendered":"Optimaliseren van informatie voor ouders van kinderen met heupdysplasie"},"content":{"rendered":"<p><strong>Heupdysplasie is de meest voorkomende aandoening van het bewegingsstelsel bij jonge kinderen. In Nederland krijgt 3-4% van de kinderen onder de leeftijd van 6 maanden hiermee te maken. <\/strong><\/p>\n<p>Heupdysplasie houdt in dat het heupgewricht niet goed ontwikkeld is, waarbij de heupkom geen mooie ronde vorm heeft waardoor de heupkop niet goed in de heupkom past. Heupdysplasie kent verschillende maten van ernst, vari\u00ebrend van stabiele heupdysplasie (meest milde vorm) tot een heupluxatie (meest ernstige vorm), zie afbeelding. Als heupdysplasie op jonge leeftijd onbehandeld blijft, kan dit op latere leeftijd leiden tot loopproblemen, pijn en zelfs een heupprothese op jonge leeftijd (&lt;60 jaar). Het M\u00e1xima MC is een landelijk expertise centrum voor kinderen met heupdysplasie, waarin behandeling in de volle breedte wordt uitgevoerd: actieve monitoring, spreidbroekje, gipsbroek en bekkenoperaties. Jaarlijks worden er ongeveer 400 nieuwe pati\u00ebnten met heupdysplasie in ons ziekenhuis gezien.<\/p>\n<p>Verschillende vormen van heupdysplasie:<img decoding=\"async\" class=\"wp-image-2228 alignnone lazyload\" data-src=\"https:\/\/www.mmc.nl\/fonds\/wp-content\/uploads\/sites\/48\/2024\/10\/heupdysplasie.jpg\" alt=\"heupdysplasie\" width=\"799\" height=\"253\" data-srcset=\"https:\/\/www.mmc.nl\/fonds\/wp-content\/uploads\/sites\/48\/2024\/10\/heupdysplasie.jpg 799w, https:\/\/www.mmc.nl\/fonds\/wp-content\/uploads\/sites\/48\/2024\/10\/heupdysplasie-300x95.jpg 300w, https:\/\/www.mmc.nl\/fonds\/wp-content\/uploads\/sites\/48\/2024\/10\/heupdysplasie-768x243.jpg 768w, https:\/\/www.mmc.nl\/fonds\/wp-content\/uploads\/sites\/48\/2024\/10\/heupdysplasie-150x47.jpg 150w\" data-sizes=\"(max-width: 799px) 100vw, 799px\" src=\"data:image\/svg+xml;base64,PHN2ZyB3aWR0aD0iMSIgaGVpZ2h0PSIxIiB4bWxucz0iaHR0cDovL3d3dy53My5vcmcvMjAwMC9zdmciPjwvc3ZnPg==\" style=\"--smush-placeholder-width: 799px; --smush-placeholder-aspect-ratio: 799\/253;\" \/><strong>v.l.n.r. Stabiele heupdysplasie, Onstabiele heupdysplasie, Heupluxatie<\/strong><\/p>\n<p>Uit recent onderzoek is gebleken dat de informatie die ouders van kinderen met heupdysplasie krijgen aangeleverd, niet voldoet aan de wensen van de ouders. Hierdoor zijn ze slecht ge\u00efnformeerd en komen ze met veel zorgen en ongerustheid te zitten. Mede dankzij een bijdrage van het M\u00e1xima MC Fonds is de afgelopen jaren een nieuwe onderzoekslijn opgezet binnen de kinderorthopedie van het M\u00e1xima MC, die kijkt hoe de informatievoorziening voor ouders van kinderen met heupdysplasie verbeterd kan worden. Aan de hand van interviews met meer dan 20 ouders is gebleken dat ouders zijn met name ge\u00efnteresseerd in: (1) betere informatie voorafgaand aan het 1e ziekenhuisbezoek zodat ze beter voorbereid zijn, (2) meer gepersonaliseerde informatie die van toepassing is op hun kind en (3) visuele informatie. Deze resultaten zijn in 2023 gepubliceerd in een wetenschappelijk tijdschrift (Bone &amp; Joint Journal), zodat deze resultaten wereldwijd zichtbaar zijn voor iedereen die kinderen met heupdysplasie behandeld: <a href=\"https:\/\/boneandjoint.org.uk\/article\/10.1302\/2633-1462.47.BJO-2023-0072.R1\" target=\"_blank\" rel=\"noopener\">https:\/\/boneandjoint.org.uk\/article\/10.1302\/2633-1462.47.BJO-2023-0072.R1<\/a><\/p>\n<p>Als vervolg op dit onderzoek, hebben we de afgelopen maanden een landelijke studie uitgevoerd waarbij we ouders door heel Nederland hebben gevraagd hoe zij de informatievoorziening bij heupdysplasie ervaren. Dit hebben we gecombineerd met een rondvraag onder kinderorthopedisch chirurgen. Deze resultaten worden op dit moment geanalyseerd. Het uiteindelijke doel is om de informatievoorziening voor ouders van kinderen met heupdysplasie beter af te stemmen op hun wensen, om op die manier de zorgen en ongerustheid verder weg te nemen.<\/p>\n","protected":false},"excerpt":{"rendered":"<p>Heupdysplasie is de meest voorkomende aandoening van het bewegingsstelsel bij jonge kinderen. In Nederland krijgt 3-4% van de kinderen onder de leeftijd van 6 maanden hiermee te maken. Heupdysplasie houdt in dat het heupgewricht niet goed ontwikkeld is, waarbij de heupkom geen mooie ronde vorm heeft waardoor de heupkop niet goed in de heupkom past. [&hellip;]<\/p>\n","protected":false},"author":221,"featured_media":1,"parent":610,"menu_order":0,"comment_status":"closed","ping_status":"closed","template":"","meta":{"_acf_changed":false,"ep_exclude_from_search":false,"footnotes":""},"tags":[],"class_list":["post-2227","page","type-page","status-publish","has-post-thumbnail","hentry"],"acf":[],"yoast_head":"<!-- This site is optimized with the Yoast SEO Premium plugin v27.3 (Yoast SEO v27.3) - https:\/\/yoast.com\/product\/yoast-seo-premium-wordpress\/ -->\n<title>Optimaliseren van informatie voor ouders van kinderen met heupdysplasie - M\u00e1xima MC Fonds<\/title>\n<meta name=\"robots\" content=\"index, follow, max-snippet:-1, max-image-preview:large, max-video-preview:-1\" \/>\n<link rel=\"canonical\" href=\"https:\/\/www.mmc.nl\/fonds\/onze-projecten-oud\/optimaliseren-van-informatie-voor-ouders-van-kinderen-met-heupdysplasie\/\" \/>\n<meta property=\"og:locale\" content=\"nl_NL\" \/>\n<meta property=\"og:type\" content=\"article\" \/>\n<meta property=\"og:title\" content=\"Optimaliseren van informatie voor ouders van kinderen met heupdysplasie\" \/>\n<meta property=\"og:description\" content=\"Heupdysplasie is de meest voorkomende aandoening van het bewegingsstelsel bij jonge kinderen. In Nederland krijgt 3-4% van de kinderen onder de leeftijd van 6 maanden hiermee te maken. Heupdysplasie houdt in dat het heupgewricht niet goed ontwikkeld is, waarbij de heupkom geen mooie ronde vorm heeft waardoor de heupkop niet goed in de heupkom past. [&hellip;]\" \/>\n<meta property=\"og:url\" content=\"https:\/\/www.mmc.nl\/fonds\/onze-projecten-oud\/optimaliseren-van-informatie-voor-ouders-van-kinderen-met-heupdysplasie\/\" \/>\n<meta property=\"og:site_name\" content=\"M\u00e1xima MC Fonds\" \/>\n<meta property=\"article:modified_time\" content=\"2024-10-10T09:09:20+00:00\" \/>\n<meta name=\"twitter:card\" content=\"summary_large_image\" \/>\n<meta name=\"twitter:label1\" content=\"Geschatte leestijd\" \/>\n\t<meta name=\"twitter:data1\" content=\"2 minuten\" \/>\n<script type=\"application\/ld+json\" class=\"yoast-schema-graph\">{\"@context\":\"https:\\\/\\\/schema.org\",\"@graph\":[{\"@type\":\"WebPage\",\"@id\":\"https:\\\/\\\/www.mmc.nl\\\/fonds\\\/onze-projecten-oud\\\/optimaliseren-van-informatie-voor-ouders-van-kinderen-met-heupdysplasie\\\/\",\"url\":\"https:\\\/\\\/www.mmc.nl\\\/fonds\\\/onze-projecten-oud\\\/optimaliseren-van-informatie-voor-ouders-van-kinderen-met-heupdysplasie\\\/\",\"name\":\"Optimaliseren van informatie voor ouders van kinderen met heupdysplasie - M\u00e1xima MC Fonds\",\"isPartOf\":{\"@id\":\"https:\\\/\\\/www.mmc.nl\\\/fonds\\\/#website\"},\"primaryImageOfPage\":{\"@id\":\"https:\\\/\\\/www.mmc.nl\\\/fonds\\\/onze-projecten-oud\\\/optimaliseren-van-informatie-voor-ouders-van-kinderen-met-heupdysplasie\\\/#primaryimage\"},\"image\":{\"@id\":\"https:\\\/\\\/www.mmc.nl\\\/fonds\\\/onze-projecten-oud\\\/optimaliseren-van-informatie-voor-ouders-van-kinderen-met-heupdysplasie\\\/#primaryimage\"},\"thumbnailUrl\":\"\",\"datePublished\":\"2024-10-09T13:08:47+00:00\",\"dateModified\":\"2024-10-10T09:09:20+00:00\",\"breadcrumb\":{\"@id\":\"https:\\\/\\\/www.mmc.nl\\\/fonds\\\/onze-projecten-oud\\\/optimaliseren-van-informatie-voor-ouders-van-kinderen-met-heupdysplasie\\\/#breadcrumb\"},\"inLanguage\":\"nl-NL\",\"potentialAction\":[{\"@type\":\"ReadAction\",\"target\":[\"https:\\\/\\\/www.mmc.nl\\\/fonds\\\/onze-projecten-oud\\\/optimaliseren-van-informatie-voor-ouders-van-kinderen-met-heupdysplasie\\\/\"]}]},{\"@type\":\"ImageObject\",\"inLanguage\":\"nl-NL\",\"@id\":\"https:\\\/\\\/www.mmc.nl\\\/fonds\\\/onze-projecten-oud\\\/optimaliseren-van-informatie-voor-ouders-van-kinderen-met-heupdysplasie\\\/#primaryimage\",\"url\":\"\",\"contentUrl\":\"\"},{\"@type\":\"BreadcrumbList\",\"@id\":\"https:\\\/\\\/www.mmc.nl\\\/fonds\\\/onze-projecten-oud\\\/optimaliseren-van-informatie-voor-ouders-van-kinderen-met-heupdysplasie\\\/#breadcrumb\",\"itemListElement\":[{\"@type\":\"ListItem\",\"position\":1,\"name\":\"Home\",\"item\":\"https:\\\/\\\/www.mmc.nl\\\/fonds\\\/\"},{\"@type\":\"ListItem\",\"position\":2,\"name\":\"Onze projecten\",\"item\":\"https:\\\/\\\/www.mmc.nl\\\/fonds\\\/onze-projecten-oud\\\/\"},{\"@type\":\"ListItem\",\"position\":3,\"name\":\"Optimaliseren van informatie voor ouders van kinderen met heupdysplasie\"}]},{\"@type\":\"WebSite\",\"@id\":\"https:\\\/\\\/www.mmc.nl\\\/fonds\\\/#website\",\"url\":\"https:\\\/\\\/www.mmc.nl\\\/fonds\\\/\",\"name\":\"M\u00e1xima MC Fonds\",\"description\":\"M\u00e1xima MC\",\"potentialAction\":[{\"@type\":\"SearchAction\",\"target\":{\"@type\":\"EntryPoint\",\"urlTemplate\":\"https:\\\/\\\/www.mmc.nl\\\/fonds\\\/?s={search_term_string}\"},\"query-input\":{\"@type\":\"PropertyValueSpecification\",\"valueRequired\":true,\"valueName\":\"search_term_string\"}}],\"inLanguage\":\"nl-NL\"}]}<\/script>\n<!-- \/ Yoast SEO Premium plugin. -->","yoast_head_json":{"title":"Optimaliseren van informatie voor ouders van kinderen met heupdysplasie - M\u00e1xima MC Fonds","robots":{"index":"index","follow":"follow","max-snippet":"max-snippet:-1","max-image-preview":"max-image-preview:large","max-video-preview":"max-video-preview:-1"},"canonical":"https:\/\/www.mmc.nl\/fonds\/onze-projecten-oud\/optimaliseren-van-informatie-voor-ouders-van-kinderen-met-heupdysplasie\/","og_locale":"nl_NL","og_type":"article","og_title":"Optimaliseren van informatie voor ouders van kinderen met heupdysplasie","og_description":"Heupdysplasie is de meest voorkomende aandoening van het bewegingsstelsel bij jonge kinderen. In Nederland krijgt 3-4% van de kinderen onder de leeftijd van 6 maanden hiermee te maken. Heupdysplasie houdt in dat het heupgewricht niet goed ontwikkeld is, waarbij de heupkom geen mooie ronde vorm heeft waardoor de heupkop niet goed in de heupkom past. [&hellip;]","og_url":"https:\/\/www.mmc.nl\/fonds\/onze-projecten-oud\/optimaliseren-van-informatie-voor-ouders-van-kinderen-met-heupdysplasie\/","og_site_name":"M\u00e1xima MC Fonds","article_modified_time":"2024-10-10T09:09:20+00:00","twitter_card":"summary_large_image","twitter_misc":{"Geschatte leestijd":"2 minuten"},"schema":{"@context":"https:\/\/schema.org","@graph":[{"@type":"WebPage","@id":"https:\/\/www.mmc.nl\/fonds\/onze-projecten-oud\/optimaliseren-van-informatie-voor-ouders-van-kinderen-met-heupdysplasie\/","url":"https:\/\/www.mmc.nl\/fonds\/onze-projecten-oud\/optimaliseren-van-informatie-voor-ouders-van-kinderen-met-heupdysplasie\/","name":"Optimaliseren van informatie voor ouders van kinderen met heupdysplasie - M\u00e1xima MC Fonds","isPartOf":{"@id":"https:\/\/www.mmc.nl\/fonds\/#website"},"primaryImageOfPage":{"@id":"https:\/\/www.mmc.nl\/fonds\/onze-projecten-oud\/optimaliseren-van-informatie-voor-ouders-van-kinderen-met-heupdysplasie\/#primaryimage"},"image":{"@id":"https:\/\/www.mmc.nl\/fonds\/onze-projecten-oud\/optimaliseren-van-informatie-voor-ouders-van-kinderen-met-heupdysplasie\/#primaryimage"},"thumbnailUrl":"","datePublished":"2024-10-09T13:08:47+00:00","dateModified":"2024-10-10T09:09:20+00:00","breadcrumb":{"@id":"https:\/\/www.mmc.nl\/fonds\/onze-projecten-oud\/optimaliseren-van-informatie-voor-ouders-van-kinderen-met-heupdysplasie\/#breadcrumb"},"inLanguage":"nl-NL","potentialAction":[{"@type":"ReadAction","target":["https:\/\/www.mmc.nl\/fonds\/onze-projecten-oud\/optimaliseren-van-informatie-voor-ouders-van-kinderen-met-heupdysplasie\/"]}]},{"@type":"ImageObject","inLanguage":"nl-NL","@id":"https:\/\/www.mmc.nl\/fonds\/onze-projecten-oud\/optimaliseren-van-informatie-voor-ouders-van-kinderen-met-heupdysplasie\/#primaryimage","url":"","contentUrl":""},{"@type":"BreadcrumbList","@id":"https:\/\/www.mmc.nl\/fonds\/onze-projecten-oud\/optimaliseren-van-informatie-voor-ouders-van-kinderen-met-heupdysplasie\/#breadcrumb","itemListElement":[{"@type":"ListItem","position":1,"name":"Home","item":"https:\/\/www.mmc.nl\/fonds\/"},{"@type":"ListItem","position":2,"name":"Onze projecten","item":"https:\/\/www.mmc.nl\/fonds\/onze-projecten-oud\/"},{"@type":"ListItem","position":3,"name":"Optimaliseren van informatie voor ouders van kinderen met heupdysplasie"}]},{"@type":"WebSite","@id":"https:\/\/www.mmc.nl\/fonds\/#website","url":"https:\/\/www.mmc.nl\/fonds\/","name":"M\u00e1xima MC Fonds","description":"M\u00e1xima MC","potentialAction":[{"@type":"SearchAction","target":{"@type":"EntryPoint","urlTemplate":"https:\/\/www.mmc.nl\/fonds\/?s={search_term_string}"},"query-input":{"@type":"PropertyValueSpecification","valueRequired":true,"valueName":"search_term_string"}}],"inLanguage":"nl-NL"}]}},"_links":{"self":[{"href":"https:\/\/www.mmc.nl\/fonds\/wp-json\/wp\/v2\/pages\/2227","targetHints":{"allow":["GET"]}}],"collection":[{"href":"https:\/\/www.mmc.nl\/fonds\/wp-json\/wp\/v2\/pages"}],"about":[{"href":"https:\/\/www.mmc.nl\/fonds\/wp-json\/wp\/v2\/types\/page"}],"author":[{"embeddable":true,"href":"https:\/\/www.mmc.nl\/fonds\/wp-json\/wp\/v2\/users\/221"}],"replies":[{"embeddable":true,"href":"https:\/\/www.mmc.nl\/fonds\/wp-json\/wp\/v2\/comments?post=2227"}],"version-history":[{"count":2,"href":"https:\/\/www.mmc.nl\/fonds\/wp-json\/wp\/v2\/pages\/2227\/revisions"}],"predecessor-version":[{"id":2231,"href":"https:\/\/www.mmc.nl\/fonds\/wp-json\/wp\/v2\/pages\/2227\/revisions\/2231"}],"up":[{"embeddable":true,"href":"https:\/\/www.mmc.nl\/fonds\/wp-json\/wp\/v2\/pages\/610"}],"wp:featuredmedia":[{"embeddable":true,"href":"https:\/\/www.mmc.nl\/fonds\/wp-json\/"}],"wp:attachment":[{"href":"https:\/\/www.mmc.nl\/fonds\/wp-json\/wp\/v2\/media?parent=2227"}],"wp:term":[{"taxonomy":"post_tag","embeddable":true,"href":"https:\/\/www.mmc.nl\/fonds\/wp-json\/wp\/v2\/tags?post=2227"}],"curies":[{"name":"wp","href":"https:\/\/api.w.org\/{rel}","templated":true}]}}