{"id":2308,"date":"2024-10-10T07:42:29","date_gmt":"2024-10-10T07:42:29","guid":{"rendered":"https:\/\/www.mmc.nl\/fonds\/?page_id=2308"},"modified":"2024-10-10T07:42:29","modified_gmt":"2024-10-10T07:42:29","slug":"fit-bij-kanker-in-het-borstkankertraject","status":"publish","type":"page","link":"https:\/\/www.mmc.nl\/fonds\/onze-projecten-oud\/fit-bij-kanker-in-het-borstkankertraject\/","title":{"rendered":"Fit bij Kanker in het borstkankertraject"},"content":{"rendered":"<p>Kanker en de behandelingen zijn meestal ingrijpend. Er wordt vaak veel ingeleverd aan fitheid. Het algemene dagelijkse functioneren gaat daardoor achteruit en de kwaliteit van leven daalt. Daarnaast kan het door het niet fit zijn het lastig zijn de behandeling goed te doorstaan en vol te houden. In de huidige behandelaanpak is nog geen optimale en goed gestructureerde aandacht voor fysieke en mentale fitheid. Daarmee worden belangrijke verbeterkansen gemist. Dit willen we veranderen met het traject \u201cFit bij kanker\u201d. Hierin willen we kankerpati\u00ebnten v\u00f3\u00f3r, tijdens en n\u00e1 de oncologische behandeling ondersteunen door hun algehele fitheid te optimaliseren. Hierbij gaat het om voedingsstatus, mentale gezondheid en fysieke fitheid. Aan het einde van het traject heeft de pati\u00ebnt zijn eigen fitheid geoptimaliseerd. Hiermee oefent de pati\u00ebnt zelf een positieve invloed uit op het effect van de behandeling en op zijn dagelijks functioneren. Nu en in de toekomst.<\/p>\n<p><em>Dit onderzoek werd uitgevoerd\/geco\u00f6rdineerd door Goof Schep en is naast het M\u00e1xima MC Fonds ook mogelijk gemaakt door Interactive Studios (Patientjourney App).<\/em><\/p>\n","protected":false},"excerpt":{"rendered":"<p>Kanker en de behandelingen zijn meestal ingrijpend. Er wordt vaak veel ingeleverd aan fitheid. Het algemene dagelijkse functioneren gaat daardoor achteruit en de kwaliteit van leven daalt. Daarnaast kan het door het niet fit zijn het lastig zijn de behandeling goed te doorstaan en vol te houden. In de huidige behandelaanpak is nog geen optimale [&hellip;]<\/p>\n","protected":false},"author":221,"featured_media":1,"parent":610,"menu_order":0,"comment_status":"closed","ping_status":"closed","template":"","meta":{"_acf_changed":false,"ep_exclude_from_search":false,"footnotes":""},"tags":[],"class_list":["post-2308","page","type-page","status-publish","has-post-thumbnail","hentry"],"acf":[],"yoast_head":"<!-- This site is optimized with the Yoast SEO Premium plugin v27.3 (Yoast SEO v27.3) - https:\/\/yoast.com\/product\/yoast-seo-premium-wordpress\/ -->\n<title>Fit bij Kanker in het borstkankertraject - M\u00e1xima MC Fonds<\/title>\n<meta name=\"robots\" content=\"index, follow, max-snippet:-1, max-image-preview:large, max-video-preview:-1\" \/>\n<link rel=\"canonical\" href=\"https:\/\/www.mmc.nl\/fonds\/onze-projecten-oud\/fit-bij-kanker-in-het-borstkankertraject\/\" \/>\n<meta property=\"og:locale\" content=\"nl_NL\" \/>\n<meta property=\"og:type\" content=\"article\" \/>\n<meta property=\"og:title\" content=\"Fit bij Kanker in het borstkankertraject\" \/>\n<meta property=\"og:description\" content=\"Kanker en de behandelingen zijn meestal ingrijpend. Er wordt vaak veel ingeleverd aan fitheid. Het algemene dagelijkse functioneren gaat daardoor achteruit en de kwaliteit van leven daalt. Daarnaast kan het door het niet fit zijn het lastig zijn de behandeling goed te doorstaan en vol te houden. In de huidige behandelaanpak is nog geen optimale [&hellip;]\" \/>\n<meta property=\"og:url\" content=\"https:\/\/www.mmc.nl\/fonds\/onze-projecten-oud\/fit-bij-kanker-in-het-borstkankertraject\/\" \/>\n<meta property=\"og:site_name\" content=\"M\u00e1xima MC Fonds\" \/>\n<meta name=\"twitter:card\" content=\"summary_large_image\" \/>\n<meta name=\"twitter:label1\" content=\"Geschatte leestijd\" \/>\n\t<meta name=\"twitter:data1\" content=\"1 minuut\" \/>\n<script type=\"application\/ld+json\" class=\"yoast-schema-graph\">{\"@context\":\"https:\\\/\\\/schema.org\",\"@graph\":[{\"@type\":\"WebPage\",\"@id\":\"https:\\\/\\\/www.mmc.nl\\\/fonds\\\/onze-projecten-oud\\\/fit-bij-kanker-in-het-borstkankertraject\\\/\",\"url\":\"https:\\\/\\\/www.mmc.nl\\\/fonds\\\/onze-projecten-oud\\\/fit-bij-kanker-in-het-borstkankertraject\\\/\",\"name\":\"Fit bij Kanker in het borstkankertraject - M\u00e1xima MC Fonds\",\"isPartOf\":{\"@id\":\"https:\\\/\\\/www.mmc.nl\\\/fonds\\\/#website\"},\"primaryImageOfPage\":{\"@id\":\"https:\\\/\\\/www.mmc.nl\\\/fonds\\\/onze-projecten-oud\\\/fit-bij-kanker-in-het-borstkankertraject\\\/#primaryimage\"},\"image\":{\"@id\":\"https:\\\/\\\/www.mmc.nl\\\/fonds\\\/onze-projecten-oud\\\/fit-bij-kanker-in-het-borstkankertraject\\\/#primaryimage\"},\"thumbnailUrl\":\"\",\"datePublished\":\"2024-10-10T07:42:29+00:00\",\"breadcrumb\":{\"@id\":\"https:\\\/\\\/www.mmc.nl\\\/fonds\\\/onze-projecten-oud\\\/fit-bij-kanker-in-het-borstkankertraject\\\/#breadcrumb\"},\"inLanguage\":\"nl-NL\",\"potentialAction\":[{\"@type\":\"ReadAction\",\"target\":[\"https:\\\/\\\/www.mmc.nl\\\/fonds\\\/onze-projecten-oud\\\/fit-bij-kanker-in-het-borstkankertraject\\\/\"]}]},{\"@type\":\"ImageObject\",\"inLanguage\":\"nl-NL\",\"@id\":\"https:\\\/\\\/www.mmc.nl\\\/fonds\\\/onze-projecten-oud\\\/fit-bij-kanker-in-het-borstkankertraject\\\/#primaryimage\",\"url\":\"\",\"contentUrl\":\"\"},{\"@type\":\"BreadcrumbList\",\"@id\":\"https:\\\/\\\/www.mmc.nl\\\/fonds\\\/onze-projecten-oud\\\/fit-bij-kanker-in-het-borstkankertraject\\\/#breadcrumb\",\"itemListElement\":[{\"@type\":\"ListItem\",\"position\":1,\"name\":\"Home\",\"item\":\"https:\\\/\\\/www.mmc.nl\\\/fonds\\\/\"},{\"@type\":\"ListItem\",\"position\":2,\"name\":\"Onze projecten\",\"item\":\"https:\\\/\\\/www.mmc.nl\\\/fonds\\\/onze-projecten-oud\\\/\"},{\"@type\":\"ListItem\",\"position\":3,\"name\":\"Fit bij Kanker in het borstkankertraject\"}]},{\"@type\":\"WebSite\",\"@id\":\"https:\\\/\\\/www.mmc.nl\\\/fonds\\\/#website\",\"url\":\"https:\\\/\\\/www.mmc.nl\\\/fonds\\\/\",\"name\":\"M\u00e1xima MC Fonds\",\"description\":\"M\u00e1xima MC\",\"potentialAction\":[{\"@type\":\"SearchAction\",\"target\":{\"@type\":\"EntryPoint\",\"urlTemplate\":\"https:\\\/\\\/www.mmc.nl\\\/fonds\\\/?s={search_term_string}\"},\"query-input\":{\"@type\":\"PropertyValueSpecification\",\"valueRequired\":true,\"valueName\":\"search_term_string\"}}],\"inLanguage\":\"nl-NL\"}]}<\/script>\n<!-- \/ Yoast SEO Premium plugin. -->","yoast_head_json":{"title":"Fit bij Kanker in het borstkankertraject - M\u00e1xima MC Fonds","robots":{"index":"index","follow":"follow","max-snippet":"max-snippet:-1","max-image-preview":"max-image-preview:large","max-video-preview":"max-video-preview:-1"},"canonical":"https:\/\/www.mmc.nl\/fonds\/onze-projecten-oud\/fit-bij-kanker-in-het-borstkankertraject\/","og_locale":"nl_NL","og_type":"article","og_title":"Fit bij Kanker in het borstkankertraject","og_description":"Kanker en de behandelingen zijn meestal ingrijpend. Er wordt vaak veel ingeleverd aan fitheid. Het algemene dagelijkse functioneren gaat daardoor achteruit en de kwaliteit van leven daalt. Daarnaast kan het door het niet fit zijn het lastig zijn de behandeling goed te doorstaan en vol te houden. In de huidige behandelaanpak is nog geen optimale [&hellip;]","og_url":"https:\/\/www.mmc.nl\/fonds\/onze-projecten-oud\/fit-bij-kanker-in-het-borstkankertraject\/","og_site_name":"M\u00e1xima MC Fonds","twitter_card":"summary_large_image","twitter_misc":{"Geschatte leestijd":"1 minuut"},"schema":{"@context":"https:\/\/schema.org","@graph":[{"@type":"WebPage","@id":"https:\/\/www.mmc.nl\/fonds\/onze-projecten-oud\/fit-bij-kanker-in-het-borstkankertraject\/","url":"https:\/\/www.mmc.nl\/fonds\/onze-projecten-oud\/fit-bij-kanker-in-het-borstkankertraject\/","name":"Fit bij Kanker in het borstkankertraject - M\u00e1xima MC Fonds","isPartOf":{"@id":"https:\/\/www.mmc.nl\/fonds\/#website"},"primaryImageOfPage":{"@id":"https:\/\/www.mmc.nl\/fonds\/onze-projecten-oud\/fit-bij-kanker-in-het-borstkankertraject\/#primaryimage"},"image":{"@id":"https:\/\/www.mmc.nl\/fonds\/onze-projecten-oud\/fit-bij-kanker-in-het-borstkankertraject\/#primaryimage"},"thumbnailUrl":"","datePublished":"2024-10-10T07:42:29+00:00","breadcrumb":{"@id":"https:\/\/www.mmc.nl\/fonds\/onze-projecten-oud\/fit-bij-kanker-in-het-borstkankertraject\/#breadcrumb"},"inLanguage":"nl-NL","potentialAction":[{"@type":"ReadAction","target":["https:\/\/www.mmc.nl\/fonds\/onze-projecten-oud\/fit-bij-kanker-in-het-borstkankertraject\/"]}]},{"@type":"ImageObject","inLanguage":"nl-NL","@id":"https:\/\/www.mmc.nl\/fonds\/onze-projecten-oud\/fit-bij-kanker-in-het-borstkankertraject\/#primaryimage","url":"","contentUrl":""},{"@type":"BreadcrumbList","@id":"https:\/\/www.mmc.nl\/fonds\/onze-projecten-oud\/fit-bij-kanker-in-het-borstkankertraject\/#breadcrumb","itemListElement":[{"@type":"ListItem","position":1,"name":"Home","item":"https:\/\/www.mmc.nl\/fonds\/"},{"@type":"ListItem","position":2,"name":"Onze projecten","item":"https:\/\/www.mmc.nl\/fonds\/onze-projecten-oud\/"},{"@type":"ListItem","position":3,"name":"Fit bij Kanker in het borstkankertraject"}]},{"@type":"WebSite","@id":"https:\/\/www.mmc.nl\/fonds\/#website","url":"https:\/\/www.mmc.nl\/fonds\/","name":"M\u00e1xima MC Fonds","description":"M\u00e1xima MC","potentialAction":[{"@type":"SearchAction","target":{"@type":"EntryPoint","urlTemplate":"https:\/\/www.mmc.nl\/fonds\/?s={search_term_string}"},"query-input":{"@type":"PropertyValueSpecification","valueRequired":true,"valueName":"search_term_string"}}],"inLanguage":"nl-NL"}]}},"_links":{"self":[{"href":"https:\/\/www.mmc.nl\/fonds\/wp-json\/wp\/v2\/pages\/2308","targetHints":{"allow":["GET"]}}],"collection":[{"href":"https:\/\/www.mmc.nl\/fonds\/wp-json\/wp\/v2\/pages"}],"about":[{"href":"https:\/\/www.mmc.nl\/fonds\/wp-json\/wp\/v2\/types\/page"}],"author":[{"embeddable":true,"href":"https:\/\/www.mmc.nl\/fonds\/wp-json\/wp\/v2\/users\/221"}],"replies":[{"embeddable":true,"href":"https:\/\/www.mmc.nl\/fonds\/wp-json\/wp\/v2\/comments?post=2308"}],"version-history":[{"count":1,"href":"https:\/\/www.mmc.nl\/fonds\/wp-json\/wp\/v2\/pages\/2308\/revisions"}],"predecessor-version":[{"id":2309,"href":"https:\/\/www.mmc.nl\/fonds\/wp-json\/wp\/v2\/pages\/2308\/revisions\/2309"}],"up":[{"embeddable":true,"href":"https:\/\/www.mmc.nl\/fonds\/wp-json\/wp\/v2\/pages\/610"}],"wp:featuredmedia":[{"embeddable":true,"href":"https:\/\/www.mmc.nl\/fonds\/wp-json\/"}],"wp:attachment":[{"href":"https:\/\/www.mmc.nl\/fonds\/wp-json\/wp\/v2\/media?parent=2308"}],"wp:term":[{"taxonomy":"post_tag","embeddable":true,"href":"https:\/\/www.mmc.nl\/fonds\/wp-json\/wp\/v2\/tags?post=2308"}],"curies":[{"name":"wp","href":"https:\/\/api.w.org\/{rel}","templated":true}]}}