{"id":350,"date":"2017-06-15T17:12:53","date_gmt":"2017-06-15T15:12:53","guid":{"rendered":"https:\/\/www.mmc.nl\/geboortezorg\/?page_id=350"},"modified":"2026-01-22T09:46:59","modified_gmt":"2026-01-22T08:46:59","slug":"onderzoek-naar-aangeboren-afwijkingen","status":"publish","type":"page","link":"https:\/\/www.mmc.nl\/geboortezorg\/onderzoek-naar-aangeboren-afwijkingen\/","title":{"rendered":"Onderzoek naar aangeboren afwijkingen"},"content":{"rendered":"<p><strong>In ons Vrouw Moeder Kind-centrum kunt u v\u00f3\u00f3r de geboorte laten onderzoeken of uw kind een aangeboren afwijking heeft. Een bekend voorbeeld van zo&#8217;n onderzoek is de NIPT.<\/strong> In de meeste gevallen komen kinderen gezond ter wereld. De kans op een aangeboren afwijking is 4%. U bepaalt zelf of u een onderzoek wilt laten verrichten. Als u behoefte heeft aan ondersteuning bij deze keuze, dan kunt u bij uw verloskundige of gynaecoloog terecht. Er zijn twee soorten onderzoeken: prenatale screening en prenatale diagnostiek. Het verschil is:<\/p>\n<ul>\n<li>Prenatale screening is het vaststellen van de kans op een aangeboren afwijking.<\/li>\n<li>Prenatale diagnostiek (vervolgonderzoek) wordt gedaan als er sprake is van een verhoogde kans op \u00e9\u00e9n specifieke aandoening, bijvoorbeeld omdat het in de familie zit.<\/li>\n<\/ul>\n","protected":false},"excerpt":{"rendered":"<p>In ons Vrouw Moeder Kind-centrum kunt u v\u00f3\u00f3r de geboorte laten onderzoeken of uw kind een aangeboren afwijking heeft. Een bekend voorbeeld van zo&#8217;n onderzoek is de NIPT. In de meeste gevallen komen kinderen gezond ter wereld. De kans op een aangeboren afwijking is 4%. U bepaalt zelf of u een onderzoek wilt laten verrichten. [&hellip;]<\/p>\n","protected":false},"author":3,"featured_media":1,"parent":0,"menu_order":0,"comment_status":"closed","ping_status":"closed","template":"page.php","meta":{"_acf_changed":false,"ep_exclude_from_search":false,"footnotes":""},"tags":[102,103,97,339,96,1036,100,98,99,101],"class_list":["post-350","page","type-page","status-publish","has-post-thumbnail","hentry","tag-20-weken-echo","tag-aangeboren-afwijkingen","tag-combinatietest","tag-nipt","tag-nipt-test","tag-prenataal","tag-prenatale-diagnostiek","tag-prenatale-screening","tag-vlokkentest","tag-vruchtwaterpunctie"],"acf":[],"yoast_head":"<!-- This site is optimized with the Yoast SEO Premium plugin v27.1 (Yoast SEO v27.1.1) - https:\/\/yoast.com\/product\/yoast-seo-premium-wordpress\/ -->\n<title>Onderzoek naar aangeboren afwijkingen \u2013 M\u00e1xima MC<\/title>\n<meta name=\"description\" content=\"In MMC kunt u v\u00f3\u00f3r de geboorte laten onderzoeken of uw kind een aangeboren afwijking heeft, bijvoorbeeld door middel van de NIPT-test en de vlokkentest.\" \/>\n<meta name=\"robots\" content=\"index, follow, max-snippet:-1, max-image-preview:large, max-video-preview:-1\" \/>\n<link rel=\"canonical\" href=\"https:\/\/www.mmc.nl\/geboortezorg\/onderzoek-naar-aangeboren-afwijkingen\/\" \/>\n<meta property=\"og:locale\" content=\"nl_NL\" \/>\n<meta property=\"og:type\" content=\"article\" \/>\n<meta property=\"og:title\" content=\"Onderzoek naar aangeboren afwijkingen\" \/>\n<meta property=\"og:description\" content=\"In MMC kunt u v\u00f3\u00f3r de geboorte laten onderzoeken of uw kind een aangeboren afwijking heeft, bijvoorbeeld door middel van de NIPT-test en de vlokkentest.\" \/>\n<meta property=\"og:url\" content=\"https:\/\/www.mmc.nl\/geboortezorg\/onderzoek-naar-aangeboren-afwijkingen\/\" \/>\n<meta property=\"og:site_name\" content=\"Geboortezorg\" \/>\n<meta property=\"article:modified_time\" content=\"2026-01-22T08:46:59+00:00\" \/>\n<meta name=\"twitter:card\" content=\"summary_large_image\" \/>\n<meta name=\"twitter:label1\" content=\"Geschatte leestijd\" \/>\n\t<meta name=\"twitter:data1\" content=\"3 minuten\" \/>\n<script type=\"application\/ld+json\" class=\"yoast-schema-graph\">{\"@context\":\"https:\/\/schema.org\",\"@graph\":[{\"@type\":\"WebPage\",\"@id\":\"https:\/\/www.mmc.nl\/geboortezorg\/onderzoek-naar-aangeboren-afwijkingen\/\",\"url\":\"https:\/\/www.mmc.nl\/geboortezorg\/onderzoek-naar-aangeboren-afwijkingen\/\",\"name\":\"Onderzoek naar aangeboren afwijkingen \u2013 M\u00e1xima MC\",\"isPartOf\":{\"@id\":\"https:\/\/www.mmc.nl\/geboortezorg\/#website\"},\"primaryImageOfPage\":{\"@id\":\"https:\/\/www.mmc.nl\/geboortezorg\/onderzoek-naar-aangeboren-afwijkingen\/#primaryimage\"},\"image\":{\"@id\":\"https:\/\/www.mmc.nl\/geboortezorg\/onderzoek-naar-aangeboren-afwijkingen\/#primaryimage\"},\"thumbnailUrl\":\"\",\"datePublished\":\"2017-06-15T15:12:53+00:00\",\"dateModified\":\"2026-01-22T08:46:59+00:00\",\"description\":\"In MMC kunt u v\u00f3\u00f3r de geboorte laten onderzoeken of uw kind een aangeboren afwijking heeft, bijvoorbeeld door middel van de NIPT-test en de vlokkentest.\",\"breadcrumb\":{\"@id\":\"https:\/\/www.mmc.nl\/geboortezorg\/onderzoek-naar-aangeboren-afwijkingen\/#breadcrumb\"},\"inLanguage\":\"nl-NL\",\"potentialAction\":[{\"@type\":\"ReadAction\",\"target\":[\"https:\/\/www.mmc.nl\/geboortezorg\/onderzoek-naar-aangeboren-afwijkingen\/\"]}]},{\"@type\":\"ImageObject\",\"inLanguage\":\"nl-NL\",\"@id\":\"https:\/\/www.mmc.nl\/geboortezorg\/onderzoek-naar-aangeboren-afwijkingen\/#primaryimage\",\"url\":\"\",\"contentUrl\":\"\"},{\"@type\":\"BreadcrumbList\",\"@id\":\"https:\/\/www.mmc.nl\/geboortezorg\/onderzoek-naar-aangeboren-afwijkingen\/#breadcrumb\",\"itemListElement\":[{\"@type\":\"ListItem\",\"position\":1,\"name\":\"Geboortezorg\",\"item\":\"https:\/\/www.mmc.nl\/geboortezorg\/\"},{\"@type\":\"ListItem\",\"position\":2,\"name\":\"Onderzoek naar aangeboren afwijkingen\"}]},{\"@type\":\"WebSite\",\"@id\":\"https:\/\/www.mmc.nl\/geboortezorg\/#website\",\"url\":\"https:\/\/www.mmc.nl\/geboortezorg\/\",\"name\":\"Geboortezorg\",\"description\":\"\",\"potentialAction\":[{\"@type\":\"SearchAction\",\"target\":{\"@type\":\"EntryPoint\",\"urlTemplate\":\"https:\/\/www.mmc.nl\/geboortezorg\/?s={search_term_string}\"},\"query-input\":{\"@type\":\"PropertyValueSpecification\",\"valueRequired\":true,\"valueName\":\"search_term_string\"}}],\"inLanguage\":\"nl-NL\"}]}<\/script>\n<!-- \/ Yoast SEO Premium plugin. -->","yoast_head_json":{"title":"Onderzoek naar aangeboren afwijkingen \u2013 M\u00e1xima MC","description":"In MMC kunt u v\u00f3\u00f3r de geboorte laten onderzoeken of uw kind een aangeboren afwijking heeft, bijvoorbeeld door middel van de NIPT-test en de vlokkentest.","robots":{"index":"index","follow":"follow","max-snippet":"max-snippet:-1","max-image-preview":"max-image-preview:large","max-video-preview":"max-video-preview:-1"},"canonical":"https:\/\/www.mmc.nl\/geboortezorg\/onderzoek-naar-aangeboren-afwijkingen\/","og_locale":"nl_NL","og_type":"article","og_title":"Onderzoek naar aangeboren afwijkingen","og_description":"In MMC kunt u v\u00f3\u00f3r de geboorte laten onderzoeken of uw kind een aangeboren afwijking heeft, bijvoorbeeld door middel van de NIPT-test en de vlokkentest.","og_url":"https:\/\/www.mmc.nl\/geboortezorg\/onderzoek-naar-aangeboren-afwijkingen\/","og_site_name":"Geboortezorg","article_modified_time":"2026-01-22T08:46:59+00:00","twitter_card":"summary_large_image","twitter_misc":{"Geschatte leestijd":"3 minuten"},"schema":{"@context":"https:\/\/schema.org","@graph":[{"@type":"WebPage","@id":"https:\/\/www.mmc.nl\/geboortezorg\/onderzoek-naar-aangeboren-afwijkingen\/","url":"https:\/\/www.mmc.nl\/geboortezorg\/onderzoek-naar-aangeboren-afwijkingen\/","name":"Onderzoek naar aangeboren afwijkingen \u2013 M\u00e1xima MC","isPartOf":{"@id":"https:\/\/www.mmc.nl\/geboortezorg\/#website"},"primaryImageOfPage":{"@id":"https:\/\/www.mmc.nl\/geboortezorg\/onderzoek-naar-aangeboren-afwijkingen\/#primaryimage"},"image":{"@id":"https:\/\/www.mmc.nl\/geboortezorg\/onderzoek-naar-aangeboren-afwijkingen\/#primaryimage"},"thumbnailUrl":"","datePublished":"2017-06-15T15:12:53+00:00","dateModified":"2026-01-22T08:46:59+00:00","description":"In MMC kunt u v\u00f3\u00f3r de geboorte laten onderzoeken of uw kind een aangeboren afwijking heeft, bijvoorbeeld door middel van de NIPT-test en de vlokkentest.","breadcrumb":{"@id":"https:\/\/www.mmc.nl\/geboortezorg\/onderzoek-naar-aangeboren-afwijkingen\/#breadcrumb"},"inLanguage":"nl-NL","potentialAction":[{"@type":"ReadAction","target":["https:\/\/www.mmc.nl\/geboortezorg\/onderzoek-naar-aangeboren-afwijkingen\/"]}]},{"@type":"ImageObject","inLanguage":"nl-NL","@id":"https:\/\/www.mmc.nl\/geboortezorg\/onderzoek-naar-aangeboren-afwijkingen\/#primaryimage","url":"","contentUrl":""},{"@type":"BreadcrumbList","@id":"https:\/\/www.mmc.nl\/geboortezorg\/onderzoek-naar-aangeboren-afwijkingen\/#breadcrumb","itemListElement":[{"@type":"ListItem","position":1,"name":"Geboortezorg","item":"https:\/\/www.mmc.nl\/geboortezorg\/"},{"@type":"ListItem","position":2,"name":"Onderzoek naar aangeboren afwijkingen"}]},{"@type":"WebSite","@id":"https:\/\/www.mmc.nl\/geboortezorg\/#website","url":"https:\/\/www.mmc.nl\/geboortezorg\/","name":"Geboortezorg","description":"","potentialAction":[{"@type":"SearchAction","target":{"@type":"EntryPoint","urlTemplate":"https:\/\/www.mmc.nl\/geboortezorg\/?s={search_term_string}"},"query-input":{"@type":"PropertyValueSpecification","valueRequired":true,"valueName":"search_term_string"}}],"inLanguage":"nl-NL"}]}},"_links":{"self":[{"href":"https:\/\/www.mmc.nl\/geboortezorg\/wp-json\/wp\/v2\/pages\/350","targetHints":{"allow":["GET"]}}],"collection":[{"href":"https:\/\/www.mmc.nl\/geboortezorg\/wp-json\/wp\/v2\/pages"}],"about":[{"href":"https:\/\/www.mmc.nl\/geboortezorg\/wp-json\/wp\/v2\/types\/page"}],"author":[{"embeddable":true,"href":"https:\/\/www.mmc.nl\/geboortezorg\/wp-json\/wp\/v2\/users\/3"}],"replies":[{"embeddable":true,"href":"https:\/\/www.mmc.nl\/geboortezorg\/wp-json\/wp\/v2\/comments?post=350"}],"version-history":[{"count":24,"href":"https:\/\/www.mmc.nl\/geboortezorg\/wp-json\/wp\/v2\/pages\/350\/revisions"}],"predecessor-version":[{"id":5207,"href":"https:\/\/www.mmc.nl\/geboortezorg\/wp-json\/wp\/v2\/pages\/350\/revisions\/5207"}],"wp:featuredmedia":[{"embeddable":true,"href":"https:\/\/www.mmc.nl\/geboortezorg\/wp-json\/"}],"wp:attachment":[{"href":"https:\/\/www.mmc.nl\/geboortezorg\/wp-json\/wp\/v2\/media?parent=350"}],"wp:term":[{"taxonomy":"post_tag","embeddable":true,"href":"https:\/\/www.mmc.nl\/geboortezorg\/wp-json\/wp\/v2\/tags?post=350"}],"curies":[{"name":"wp","href":"https:\/\/api.w.org\/{rel}","templated":true}]}}