{"id":391,"date":"2017-07-19T14:55:52","date_gmt":"2017-07-19T12:55:52","guid":{"rendered":"https:\/\/www.mmc.nl\/longziekten\/?page_id=391"},"modified":"2019-03-20T12:42:52","modified_gmt":"2019-03-20T11:42:52","slug":"over-longgeneeskunde","status":"publish","type":"page","link":"https:\/\/www.mmc.nl\/longgeneeskunde\/over-longgeneeskunde\/","title":{"rendered":"Over longgeneeskunde"},"content":{"rendered":"<p><strong>Of het nu gaat om astma, COPD, bronchi\u00ebctasie\u00ebn of een uitgebreid revalidatieprogramma: op de polikliniek longgeneeskunde van M\u00e1xima MC (MMC) bieden we de beste zorg voor u. De poli bevindt zich zowel in Eindhoven als Veldhoven.<\/strong><\/p>\n<p>Onze longartsen zorgen voor snelle toegankelijke en persoonlijke begeleiding. Alle specialisten kennen hun eigen aandachtsgebied, waardoor zij u met specifieke aandoeningen goed kunnen helpen. Er zijn korte lijnen met huisartsen, fysiotherapeuten, di\u00ebtisten, longverpleegkundigen en specialisten, waardoor we een multidisciplinaire behandeling aanbieden. Daarnaast werken we ook veel samen met universitaire centra.<\/p>\n","protected":false},"excerpt":{"rendered":"<p>Of het nu gaat om astma, COPD, bronchi\u00ebctasie\u00ebn of een uitgebreid revalidatieprogramma: op de polikliniek longgeneeskunde van M\u00e1xima MC (MMC) bieden we de beste zorg voor u. De poli bevindt zich zowel in Eindhoven als Veldhoven. Onze longartsen zorgen voor snelle toegankelijke en persoonlijke begeleiding. Alle specialisten kennen hun eigen aandachtsgebied, waardoor zij u met [&hellip;]<\/p>\n","protected":false},"author":4,"featured_media":1,"parent":0,"menu_order":0,"comment_status":"closed","ping_status":"closed","template":"page.php","meta":{"_acf_changed":false,"ep_exclude_from_search":false,"footnotes":""},"tags":[92,91],"class_list":["post-391","page","type-page","status-publish","has-post-thumbnail","hentry","tag-longgeneeskunde","tag-longziekten"],"acf":[],"yoast_head":"<!-- This site is optimized with the Yoast SEO Premium plugin v27.3 (Yoast SEO v27.3) - https:\/\/yoast.com\/product\/yoast-seo-premium-wordpress\/ -->\n<title>Over longgeneeskunde - Longgeneeskunde - M\u00e1xima MC<\/title>\n<meta name=\"description\" content=\"Of het nu gaat om astma, COPD, bronchi\u00ebctasie\u00ebn of een uitgebreid revalidatieprogramma: op de polikliniek longgeneeskunde van M\u00e1xima MC (MMC) bieden we de beste zorg voor u. De poli bevindt zich zowel in Eindhoven als Veldhoven.\" \/>\n<meta name=\"robots\" content=\"index, follow, max-snippet:-1, max-image-preview:large, max-video-preview:-1\" \/>\n<link rel=\"canonical\" href=\"https:\/\/www.mmc.nl\/longgeneeskunde\/over-longgeneeskunde\/\" \/>\n<meta property=\"og:locale\" content=\"nl_NL\" \/>\n<meta property=\"og:type\" content=\"article\" \/>\n<meta property=\"og:title\" content=\"Over longgeneeskunde\" \/>\n<meta property=\"og:description\" content=\"Of het nu gaat om astma, COPD, bronchi\u00ebctasie\u00ebn of een uitgebreid revalidatieprogramma: op de polikliniek longgeneeskunde van M\u00e1xima MC (MMC) bieden we de beste zorg voor u. De poli bevindt zich zowel in Eindhoven als Veldhoven.\" \/>\n<meta property=\"og:url\" content=\"https:\/\/www.mmc.nl\/longgeneeskunde\/over-longgeneeskunde\/\" \/>\n<meta property=\"og:site_name\" content=\"Longgeneeskunde\" \/>\n<meta property=\"article:modified_time\" content=\"2019-03-20T11:42:52+00:00\" \/>\n<meta name=\"twitter:card\" content=\"summary_large_image\" \/>\n<script type=\"application\/ld+json\" class=\"yoast-schema-graph\">{\"@context\":\"https:\\\/\\\/schema.org\",\"@graph\":[{\"@type\":\"WebPage\",\"@id\":\"https:\\\/\\\/www.mmc.nl\\\/longgeneeskunde\\\/over-longgeneeskunde\\\/\",\"url\":\"https:\\\/\\\/www.mmc.nl\\\/longgeneeskunde\\\/over-longgeneeskunde\\\/\",\"name\":\"Over longgeneeskunde - Longgeneeskunde - M\u00e1xima MC\",\"isPartOf\":{\"@id\":\"https:\\\/\\\/www.mmc.nl\\\/longgeneeskunde\\\/#website\"},\"primaryImageOfPage\":{\"@id\":\"https:\\\/\\\/www.mmc.nl\\\/longgeneeskunde\\\/over-longgeneeskunde\\\/#primaryimage\"},\"image\":{\"@id\":\"https:\\\/\\\/www.mmc.nl\\\/longgeneeskunde\\\/over-longgeneeskunde\\\/#primaryimage\"},\"thumbnailUrl\":\"\",\"datePublished\":\"2017-07-19T12:55:52+00:00\",\"dateModified\":\"2019-03-20T11:42:52+00:00\",\"description\":\"Of het nu gaat om astma, COPD, bronchi\u00ebctasie\u00ebn of een uitgebreid revalidatieprogramma: op de polikliniek longgeneeskunde van M\u00e1xima MC (MMC) bieden we de beste zorg voor u. De poli bevindt zich zowel in Eindhoven als Veldhoven.\",\"breadcrumb\":{\"@id\":\"https:\\\/\\\/www.mmc.nl\\\/longgeneeskunde\\\/over-longgeneeskunde\\\/#breadcrumb\"},\"inLanguage\":\"nl-NL\",\"potentialAction\":[{\"@type\":\"ReadAction\",\"target\":[\"https:\\\/\\\/www.mmc.nl\\\/longgeneeskunde\\\/over-longgeneeskunde\\\/\"]}]},{\"@type\":\"ImageObject\",\"inLanguage\":\"nl-NL\",\"@id\":\"https:\\\/\\\/www.mmc.nl\\\/longgeneeskunde\\\/over-longgeneeskunde\\\/#primaryimage\",\"url\":\"\",\"contentUrl\":\"\"},{\"@type\":\"BreadcrumbList\",\"@id\":\"https:\\\/\\\/www.mmc.nl\\\/longgeneeskunde\\\/over-longgeneeskunde\\\/#breadcrumb\",\"itemListElement\":[{\"@type\":\"ListItem\",\"position\":1,\"name\":\"Longgeneeskunde\",\"item\":\"https:\\\/\\\/www.mmc.nl\\\/longgeneeskunde\\\/\"},{\"@type\":\"ListItem\",\"position\":2,\"name\":\"Over longgeneeskunde\"}]},{\"@type\":\"WebSite\",\"@id\":\"https:\\\/\\\/www.mmc.nl\\\/longgeneeskunde\\\/#website\",\"url\":\"https:\\\/\\\/www.mmc.nl\\\/longgeneeskunde\\\/\",\"name\":\"Longgeneeskunde\",\"description\":\"\",\"potentialAction\":[{\"@type\":\"SearchAction\",\"target\":{\"@type\":\"EntryPoint\",\"urlTemplate\":\"https:\\\/\\\/www.mmc.nl\\\/longgeneeskunde\\\/?s={search_term_string}\"},\"query-input\":{\"@type\":\"PropertyValueSpecification\",\"valueRequired\":true,\"valueName\":\"search_term_string\"}}],\"inLanguage\":\"nl-NL\"}]}<\/script>\n<!-- \/ Yoast SEO Premium plugin. -->","yoast_head_json":{"title":"Over longgeneeskunde - Longgeneeskunde - M\u00e1xima MC","description":"Of het nu gaat om astma, COPD, bronchi\u00ebctasie\u00ebn of een uitgebreid revalidatieprogramma: op de polikliniek longgeneeskunde van M\u00e1xima MC (MMC) bieden we de beste zorg voor u. De poli bevindt zich zowel in Eindhoven als Veldhoven.","robots":{"index":"index","follow":"follow","max-snippet":"max-snippet:-1","max-image-preview":"max-image-preview:large","max-video-preview":"max-video-preview:-1"},"canonical":"https:\/\/www.mmc.nl\/longgeneeskunde\/over-longgeneeskunde\/","og_locale":"nl_NL","og_type":"article","og_title":"Over longgeneeskunde","og_description":"Of het nu gaat om astma, COPD, bronchi\u00ebctasie\u00ebn of een uitgebreid revalidatieprogramma: op de polikliniek longgeneeskunde van M\u00e1xima MC (MMC) bieden we de beste zorg voor u. De poli bevindt zich zowel in Eindhoven als Veldhoven.","og_url":"https:\/\/www.mmc.nl\/longgeneeskunde\/over-longgeneeskunde\/","og_site_name":"Longgeneeskunde","article_modified_time":"2019-03-20T11:42:52+00:00","twitter_card":"summary_large_image","schema":{"@context":"https:\/\/schema.org","@graph":[{"@type":"WebPage","@id":"https:\/\/www.mmc.nl\/longgeneeskunde\/over-longgeneeskunde\/","url":"https:\/\/www.mmc.nl\/longgeneeskunde\/over-longgeneeskunde\/","name":"Over longgeneeskunde - Longgeneeskunde - M\u00e1xima MC","isPartOf":{"@id":"https:\/\/www.mmc.nl\/longgeneeskunde\/#website"},"primaryImageOfPage":{"@id":"https:\/\/www.mmc.nl\/longgeneeskunde\/over-longgeneeskunde\/#primaryimage"},"image":{"@id":"https:\/\/www.mmc.nl\/longgeneeskunde\/over-longgeneeskunde\/#primaryimage"},"thumbnailUrl":"","datePublished":"2017-07-19T12:55:52+00:00","dateModified":"2019-03-20T11:42:52+00:00","description":"Of het nu gaat om astma, COPD, bronchi\u00ebctasie\u00ebn of een uitgebreid revalidatieprogramma: op de polikliniek longgeneeskunde van M\u00e1xima MC (MMC) bieden we de beste zorg voor u. De poli bevindt zich zowel in Eindhoven als Veldhoven.","breadcrumb":{"@id":"https:\/\/www.mmc.nl\/longgeneeskunde\/over-longgeneeskunde\/#breadcrumb"},"inLanguage":"nl-NL","potentialAction":[{"@type":"ReadAction","target":["https:\/\/www.mmc.nl\/longgeneeskunde\/over-longgeneeskunde\/"]}]},{"@type":"ImageObject","inLanguage":"nl-NL","@id":"https:\/\/www.mmc.nl\/longgeneeskunde\/over-longgeneeskunde\/#primaryimage","url":"","contentUrl":""},{"@type":"BreadcrumbList","@id":"https:\/\/www.mmc.nl\/longgeneeskunde\/over-longgeneeskunde\/#breadcrumb","itemListElement":[{"@type":"ListItem","position":1,"name":"Longgeneeskunde","item":"https:\/\/www.mmc.nl\/longgeneeskunde\/"},{"@type":"ListItem","position":2,"name":"Over longgeneeskunde"}]},{"@type":"WebSite","@id":"https:\/\/www.mmc.nl\/longgeneeskunde\/#website","url":"https:\/\/www.mmc.nl\/longgeneeskunde\/","name":"Longgeneeskunde","description":"","potentialAction":[{"@type":"SearchAction","target":{"@type":"EntryPoint","urlTemplate":"https:\/\/www.mmc.nl\/longgeneeskunde\/?s={search_term_string}"},"query-input":{"@type":"PropertyValueSpecification","valueRequired":true,"valueName":"search_term_string"}}],"inLanguage":"nl-NL"}]}},"_links":{"self":[{"href":"https:\/\/www.mmc.nl\/longgeneeskunde\/wp-json\/wp\/v2\/pages\/391","targetHints":{"allow":["GET"]}}],"collection":[{"href":"https:\/\/www.mmc.nl\/longgeneeskunde\/wp-json\/wp\/v2\/pages"}],"about":[{"href":"https:\/\/www.mmc.nl\/longgeneeskunde\/wp-json\/wp\/v2\/types\/page"}],"author":[{"embeddable":true,"href":"https:\/\/www.mmc.nl\/longgeneeskunde\/wp-json\/wp\/v2\/users\/4"}],"replies":[{"embeddable":true,"href":"https:\/\/www.mmc.nl\/longgeneeskunde\/wp-json\/wp\/v2\/comments?post=391"}],"version-history":[{"count":5,"href":"https:\/\/www.mmc.nl\/longgeneeskunde\/wp-json\/wp\/v2\/pages\/391\/revisions"}],"predecessor-version":[{"id":1387,"href":"https:\/\/www.mmc.nl\/longgeneeskunde\/wp-json\/wp\/v2\/pages\/391\/revisions\/1387"}],"wp:featuredmedia":[{"embeddable":true,"href":"https:\/\/www.mmc.nl\/longgeneeskunde\/wp-json\/"}],"wp:attachment":[{"href":"https:\/\/www.mmc.nl\/longgeneeskunde\/wp-json\/wp\/v2\/media?parent=391"}],"wp:term":[{"taxonomy":"post_tag","embeddable":true,"href":"https:\/\/www.mmc.nl\/longgeneeskunde\/wp-json\/wp\/v2\/tags?post=391"}],"curies":[{"name":"wp","href":"https:\/\/api.w.org\/{rel}","templated":true}]}}