{"id":1222,"date":"2017-10-25T14:21:56","date_gmt":"2017-10-25T12:21:56","guid":{"rendered":"https:\/\/www.mmc.nl\/obesitascentrum\/?page_id=1222"},"modified":"2022-05-31T13:23:13","modified_gmt":"2022-05-31T11:23:13","slug":"contactformulier","status":"publish","type":"page","link":"https:\/\/www.mmc.nl\/obesitascentrum\/contactformulier\/","title":{"rendered":"Contactformulier"},"content":{"rendered":"<p>Bent u al pati\u00ebnt bij M\u00e1xima MC? MijnMMC is d\u00e9 digitale omgeving voor u als pati\u00ebnt. Via uw computer, tablet of smartphone heeft u altijd uw medische gegevens bij de hand en kunt u zelf veilig en gemakkelijk uw ziekenhuiszaken regelen. Waar en wanneer het u uitkomt.<\/p>\n<p><a class=\"button-primary\" href=\"https:\/\/medimapp1.mmc.nl\/\">Ga naar MijnMMC<\/a><\/p>\n<p><strong>Contactformulier<\/strong><br \/>\nBent u (nog) geen pati\u00ebnt in M\u00e1xima MC en heeft u een algemene (niet-medische) vraag? Maak dan gebruik van onderstaand contactformulier.<\/p>\n<script type=\"text\/javascript\">\n\/* <![CDATA[ *\/\nvar gform;gform||(document.addEventListener(\"gform_main_scripts_loaded\",function(){gform.scriptsLoaded=!0}),document.addEventListener(\"gform\/theme\/scripts_loaded\",function(){gform.themeScriptsLoaded=!0}),window.addEventListener(\"DOMContentLoaded\",function(){gform.domLoaded=!0}),gform={domLoaded:!1,scriptsLoaded:!1,themeScriptsLoaded:!1,isFormEditor:()=>\"function\"==typeof InitializeEditor,callIfLoaded:function(o){return!(!gform.domLoaded||!gform.scriptsLoaded||!gform.themeScriptsLoaded&&!gform.isFormEditor()||(gform.isFormEditor()&&console.warn(\"The use of gform.initializeOnLoaded() is deprecated in the form editor context and will be removed in Gravity Forms 3.1.\"),o(),0))},initializeOnLoaded:function(o){gform.callIfLoaded(o)||(document.addEventListener(\"gform_main_scripts_loaded\",()=>{gform.scriptsLoaded=!0,gform.callIfLoaded(o)}),document.addEventListener(\"gform\/theme\/scripts_loaded\",()=>{gform.themeScriptsLoaded=!0,gform.callIfLoaded(o)}),window.addEventListener(\"DOMContentLoaded\",()=>{gform.domLoaded=!0,gform.callIfLoaded(o)}))},hooks:{action:{},filter:{}},addAction:function(o,r,e,t){gform.addHook(\"action\",o,r,e,t)},addFilter:function(o,r,e,t){gform.addHook(\"filter\",o,r,e,t)},doAction:function(o){gform.doHook(\"action\",o,arguments)},applyFilters:function(o){return gform.doHook(\"filter\",o,arguments)},removeAction:function(o,r){gform.removeHook(\"action\",o,r)},removeFilter:function(o,r,e){gform.removeHook(\"filter\",o,r,e)},addHook:function(o,r,e,t,n){null==gform.hooks[o][r]&&(gform.hooks[o][r]=[]);var d=gform.hooks[o][r];null==n&&(n=r+\"_\"+d.length),gform.hooks[o][r].push({tag:n,callable:e,priority:t=null==t?10:t})},doHook:function(r,o,e){var t;if(e=Array.prototype.slice.call(e,1),null!=gform.hooks[r][o]&&((o=gform.hooks[r][o]).sort(function(o,r){return o.priority-r.priority}),o.forEach(function(o){\"function\"!=typeof(t=o.callable)&&(t=window[t]),\"action\"==r?t.apply(null,e):e[0]=t.apply(null,e)})),\"filter\"==r)return e[0]},removeHook:function(o,r,t,n){var e;null!=gform.hooks[o][r]&&(e=(e=gform.hooks[o][r]).filter(function(o,r,e){return!!(null!=n&&n!=o.tag||null!=t&&t!=o.priority)}),gform.hooks[o][r]=e)}});\n\/* ]]> *\/\n<\/script>\n\n                <div class='gf_browser_gecko gform_wrapper gform_legacy_markup_wrapper gform-theme--no-framework' data-form-theme='legacy' data-form-index='0' id='gform_wrapper_9' ><div id='gf_9' class='gform_anchor' tabindex='-1'><\/div><form method='post' enctype='multipart\/form-data'  id='gform_9'  action='\/obesitascentrum\/wp-json\/wp\/v2\/pages\/1222#gf_9' data-formid='9' novalidate>\n                        <div class='gform-body gform_body'><div id='gform_page_9_1' class='gform_page ' data-js='page-field-id-0' >\n\t\t\t\t\t<div class='gform_page_fields'><ul id='gform_fields_9' class='gform_fields top_label form_sublabel_below description_below validation_below'><li id=\"field_9_20260410\" class=\"gfield gfield--type-honeypot gform_validation_container field_sublabel_below gfield--has-description field_description_below field_validation_below gfield_visibility_visible\"  ><label class='gfield_label gform-field-label' for='input_9_20260410'>URL<\/label><div class='ginput_container'><input name='input_20260410' id='input_9_20260410' type='text' value='' autocomplete='new-password'\/><\/div><div class='gfield_description' id='gfield_description_9_20260410'>Dit veld is bedoeld voor validatiedoeleinden en moet niet worden gewijzigd.<\/div><\/li><li id=\"field_9_2\" class=\"gfield gfield--type-text gfield_contains_required field_sublabel_below gfield--no-description field_description_below field_validation_below gfield_visibility_visible\"  ><label class='gfield_label gform-field-label' for='input_9_2'>Naam<span class=\"gfield_required\"><span class=\"gfield_required gfield_required_asterisk\">*<\/span><\/span><\/label><div class='ginput_container ginput_container_text'><input name='input_2' id='input_9_2' type='text' value='' class='medium'     aria-required=\"true\" aria-invalid=\"false\"   \/><\/div><\/li><li id=\"field_9_4\" class=\"gfield gfield--type-email gfield_contains_required field_sublabel_below gfield--no-description field_description_below field_validation_below gfield_visibility_visible\"  ><label class='gfield_label gform-field-label' for='input_9_4'>E-mailadres<span class=\"gfield_required\"><span class=\"gfield_required gfield_required_asterisk\">*<\/span><\/span><\/label><div class='ginput_container ginput_container_email'>\n                            <input name='input_4' id='input_9_4' type='email' value='' class='medium'    aria-required=\"true\" aria-invalid=\"false\"  \/>\n                        <\/div><\/li><li id=\"field_9_5\" class=\"gfield gfield--type-phone field_sublabel_below gfield--no-description field_description_below field_validation_below gfield_visibility_visible\"  ><label class='gfield_label gform-field-label' for='input_9_5'>Telefoonnummer<\/label><div class='ginput_container ginput_container_phone'><input name='input_5' id='input_9_5' type='tel' value='' class='medium'    aria-invalid=\"false\"   \/><\/div><\/li><li id=\"field_9_6\" class=\"gfield gfield--type-date gfield--input-type-datepicker gfield--datepicker-no-icon gfield_contains_required field_sublabel_below gfield--no-description field_description_below field_validation_below gfield_visibility_visible\"  ><label class='gfield_label gform-field-label' for='input_9_6'>Geboortedatum<span class=\"gfield_required\"><span class=\"gfield_required gfield_required_asterisk\">*<\/span><\/span><\/label><div class='ginput_container ginput_container_date'>\n                            <input name='input_6' id='input_9_6' type='text' value='' class='datepicker gform-datepicker dmy_dash datepicker_no_icon gdatepicker-no-icon'   placeholder='dd-mm-yyyy' aria-describedby=\"input_9_6_date_format\" aria-invalid=\"false\" aria-required=\"true\"\/>\n                            <span id='input_9_6_date_format' class='screen-reader-text'>DD dash MM dash JJJJ<\/span>\n                        <\/div>\n                        <input type='hidden' id='gforms_calendar_icon_input_9_6' class='gform_hidden' value='https:\/\/www.mmc.nl\/obesitascentrum\/wp-content\/plugins\/gravityforms\/images\/datepicker\/datepicker.svg'\/><\/li><li id=\"field_9_7\" class=\"gfield gfield--type-textarea gfield_contains_required field_sublabel_below gfield--no-description field_description_below field_validation_below gfield_visibility_visible\"  ><label class='gfield_label gform-field-label' for='input_9_7'>Bericht<span class=\"gfield_required\"><span class=\"gfield_required gfield_required_asterisk\">*<\/span><\/span><\/label><div class='ginput_container ginput_container_textarea'><textarea name='input_7' id='input_9_7' class='textarea medium'     aria-required=\"true\" aria-invalid=\"false\"   rows='10' cols='50'><\/textarea><\/div><\/li><li id=\"field_9_8\" class=\"gfield gfield--type-html gfield_html gfield_html_formatted gfield_no_follows_desc field_sublabel_below gfield--no-description field_description_below field_validation_below gfield_visibility_visible\"  ><p><span style=\"font-size:10px\"><span style=\"font-family:Arial,Helvetica,sans-serif\">Wij vragen u om uw contactgegevens en uw geboortedatum zodat wij gericht uw vraag kunnen beantwoorden.Bekijk ook onze <a href=\"https:\/\/www.mmc.nl\/privacy\" target=\"_blank\">privacystatement<\/a>.<\/span><\/span><\/p>\n<\/li><\/ul>\n                    <\/div>\n                    <div class='gform-page-footer gform_page_footer top_label'>\n                         <input type='button' id='gform_next_button_9_9' class='gform_next_button gform-theme-button button' onclick='gform.submission.handleButtonClick(this);' data-submission-type='next' value='Controleer en verstuur'  \/> \n                    <\/div>\n                <\/div>\n                <div id='gform_page_9_2' class='gform_page gform_review_page ' data-js='page-field-id-9' style='display:none;'>\n                    <div class='gform_page_fields'>\n                        <ul id='gform_fields_9_2' class='gform_fields top_label form_sublabel_below description_below validation_below'><li id=\"field_9_10\" class=\"gfield gfield--type-html gfield_html gfield_html_formatted gfield_no_follows_desc field_sublabel_below gfield--no-description field_description_below field_validation_below gfield_visibility_visible\"  ><table width=\"99%\" border=\"0\" cellpadding=\"1\" cellspacing=\"0\" bgcolor=\"#EAEAEA\"><tr><td>\r\n                            <table width=\"100%\" border=\"0\" cellpadding=\"5\" cellspacing=\"0\" bgcolor=\"#FFFFFF\">\r\n                            <\/table>\r\n                        <\/td>\r\n                   <\/tr>\r\n               <\/table><\/li><li id=\"field_9_20260409\" class=\"gfield gfield--type-captcha field_sublabel_below gfield--no-description field_description_below field_validation_below gfield_visibility_visible\"  ><label class='gfield_label gform-field-label' for='input_9_20260409'>Typ hier de code<\/label><div class='gfield_captcha_container'><img class='gfield_captcha lazyload' data-src='https:\/\/www.mmc.nl\/obesitascentrum\/index.php?gf-download=1451720374.png&#038;form-id=captcha&#038;field-id=20260409&#038;hash=37ddb1dfcac156423d6c09b9cbdee9f5742d4b739f26dceeb6f19f1f8bd51024' alt='' width='150' height='42' src='data:image\/svg+xml;base64,PHN2ZyB3aWR0aD0iMSIgaGVpZ2h0PSIxIiB4bWxucz0iaHR0cDovL3d3dy53My5vcmcvMjAwMC9zdmciPjwvc3ZnPg==' style='--smush-placeholder-width: 150px; --smush-placeholder-aspect-ratio: 150\/42;' \/><div class='gfield_captcha_input_container simple_captcha_medium'><input type='text' autocomplete='off' name='input_20260409' id='input_9_20260409' \/><input type='hidden' name='input_captcha_prefix_20260409' value='1451720374' \/><\/div><\/div><\/li><\/ul><\/div>\n        <div class='gform-page-footer gform_page_footer top_label'><input type='submit' id='gform_previous_button_9' class='gform_previous_button gform-theme-button gform-theme-button--secondary button' onclick='gform.submission.handleButtonClick(this);' data-submission-type='previous' value='Ga terug'  \/> <input type='submit' id='gform_submit_button_9' class='gform_button button' onclick='gform.submission.handleButtonClick(this);' data-submission-type='submit' value='Versturen'  \/> \n            <input type='hidden' class='gform_hidden' name='gform_submission_method' data-js='gform_submission_method_9' value='postback' \/>\n            <input type='hidden' class='gform_hidden' name='gform_theme' data-js='gform_theme_9' id='gform_theme_9' value='legacy' \/>\n            <input type='hidden' class='gform_hidden' name='gform_style_settings' data-js='gform_style_settings_9' id='gform_style_settings_9' value='[]' \/>\n            <input type='hidden' class='gform_hidden' name='is_submit_9' value='1' \/>\n            <input type='hidden' class='gform_hidden' name='gform_submit' value='9' \/>\n            \n            <input type='hidden' class='gform_hidden' name='gform_currency' data-currency='EUR' value='oqrPdGdfO9i52FFz8n31TrFH8DXbwVyikZ9Wjq0eAYmrMhUNgJIbqXo3hlY0uwXtCdDLrhfQc1lHmBb5hCBOlk2ikVuPiRCaS07i+qFSumjC7tA=' \/>\n            <input type='hidden' class='gform_hidden' name='gform_unique_id' value='' \/>\n            <input type='hidden' class='gform_hidden' name='state_9' value='WyJbXSIsImY0MjNjOTJhMzk3MTZiYjU5NDg1OWU0NjVmZGI1YWY4Il0=' \/>\n            <input type='hidden' autocomplete='off' class='gform_hidden' name='gform_target_page_number_9' id='gform_target_page_number_9' value='2' \/>\n            <input type='hidden' autocomplete='off' class='gform_hidden' name='gform_source_page_number_9' id='gform_source_page_number_9' value='1' \/>\n            <input type='hidden' name='gform_field_values' value='' \/>\n            \n        <\/div>\n             <\/div><\/div>\n                        <\/form>\n                        <\/div><script type=\"text\/javascript\">\n\/* <![CDATA[ *\/\n gform.initializeOnLoaded( function() {gformInitSpinner( 9, 'https:\/\/www.mmc.nl\/obesitascentrum\/wp-content\/plugins\/gravityforms\/images\/spinner.svg', true );jQuery('#gform_ajax_frame_9').on('load',function(){var contents = jQuery(this).contents().find('*').html();var is_postback = contents.indexOf('GF_AJAX_POSTBACK') >= 0;if(!is_postback){return;}var form_content = jQuery(this).contents().find('#gform_wrapper_9');var is_confirmation = jQuery(this).contents().find('#gform_confirmation_wrapper_9').length > 0;var is_redirect = contents.indexOf('gformRedirect(){') >= 0;var is_form = form_content.length > 0 && ! is_redirect && ! is_confirmation;var mt = parseInt(jQuery('html').css('margin-top'), 10) + parseInt(jQuery('body').css('margin-top'), 10) + 100;if(is_form){jQuery('#gform_wrapper_9').html(form_content.html());if(form_content.hasClass('gform_validation_error')){jQuery('#gform_wrapper_9').addClass('gform_validation_error');} else {jQuery('#gform_wrapper_9').removeClass('gform_validation_error');}setTimeout( function() { \/* delay the scroll by 50 milliseconds to fix a bug in chrome *\/ jQuery(document).scrollTop(jQuery('#gform_wrapper_9').offset().top - mt); }, 50 );if(window['gformInitDatepicker']) {gformInitDatepicker();}if(window['gformInitPriceFields']) {gformInitPriceFields();}var current_page = jQuery('#gform_source_page_number_9').val();gformInitSpinner( 9, 'https:\/\/www.mmc.nl\/obesitascentrum\/wp-content\/plugins\/gravityforms\/images\/spinner.svg', true );jQuery(document).trigger('gform_page_loaded', [9, current_page]);window['gf_submitting_9'] = false;}else if(!is_redirect){var confirmation_content = jQuery(this).contents().find('.GF_AJAX_POSTBACK').html();if(!confirmation_content){confirmation_content = contents;}jQuery('#gform_wrapper_9').replaceWith(confirmation_content);jQuery(document).scrollTop(jQuery('#gf_9').offset().top - mt);jQuery(document).trigger('gform_confirmation_loaded', [9]);window['gf_submitting_9'] = false;wp.a11y.speak(jQuery('#gform_confirmation_message_9').text());}else{jQuery('#gform_9').append(contents);if(window['gformRedirect']) {gformRedirect();}}jQuery(document).trigger(\"gform_pre_post_render\", [{ formId: \"9\", currentPage: \"current_page\", abort: function() { this.preventDefault(); } }]);        if (event && event.defaultPrevented) {                return;        }        const gformWrapperDiv = document.getElementById( \"gform_wrapper_9\" );        if ( gformWrapperDiv ) {            const visibilitySpan = document.createElement( \"span\" );            visibilitySpan.id = \"gform_visibility_test_9\";            gformWrapperDiv.insertAdjacentElement( \"afterend\", visibilitySpan );        }        const visibilityTestDiv = document.getElementById( \"gform_visibility_test_9\" );        let postRenderFired = false;        function triggerPostRender() {            if ( postRenderFired ) {                return;            }            postRenderFired = true;            gform.core.triggerPostRenderEvents( 9, current_page );            if ( visibilityTestDiv ) {                visibilityTestDiv.parentNode.removeChild( visibilityTestDiv );            }        }        function debounce( func, wait, immediate ) {            var timeout;            return function() {                var context = this, args = arguments;                var later = function() {                    timeout = null;                    if ( !immediate ) func.apply( context, args );                };                var callNow = immediate && !timeout;                clearTimeout( timeout );                timeout = setTimeout( later, wait );                if ( callNow ) func.apply( context, args );            };        }        const debouncedTriggerPostRender = debounce( function() {            triggerPostRender();        }, 200 );        if ( visibilityTestDiv && visibilityTestDiv.offsetParent === null ) {            const observer = new MutationObserver( ( mutations ) => {                mutations.forEach( ( mutation ) => {                    if ( mutation.type === 'attributes' && visibilityTestDiv.offsetParent !== null ) {                        debouncedTriggerPostRender();                        observer.disconnect();                    }                });            });            observer.observe( document.body, {                attributes: true,                childList: false,                subtree: true,                attributeFilter: [ 'style', 'class' ],            });        } else {            triggerPostRender();        }    } );} ); \n\/* ]]> *\/\n<\/script>\n\n","protected":false},"excerpt":{"rendered":"<p>Bent u al pati\u00ebnt bij M\u00e1xima MC? MijnMMC is d\u00e9 digitale omgeving voor u als pati\u00ebnt. Via uw computer, tablet of smartphone heeft u altijd uw medische gegevens bij de hand en kunt u zelf veilig en gemakkelijk uw ziekenhuiszaken regelen. Waar en wanneer het u uitkomt. Ga naar MijnMMC Contactformulier Bent u (nog) geen [&hellip;]<\/p>\n","protected":false},"author":3,"featured_media":1,"parent":0,"menu_order":0,"comment_status":"closed","ping_status":"closed","template":"","meta":{"_acf_changed":false,"ep_exclude_from_search":false,"footnotes":""},"tags":[],"class_list":["post-1222","page","type-page","status-publish","has-post-thumbnail","hentry"],"acf":[],"yoast_head":"<!-- This site is optimized with the Yoast SEO Premium plugin v27.1 (Yoast SEO v27.1.1) - https:\/\/yoast.com\/product\/yoast-seo-premium-wordpress\/ -->\n<title>Contactformulier - Obesitascentrum<\/title>\n<meta name=\"description\" content=\"Wilt u meer informatie of heeft u vragen? Neem contact op met obesitascentrum. Wij nemen zo spoedig mogelijk contact met u op.\" \/>\n<meta name=\"robots\" content=\"index, follow, max-snippet:-1, max-image-preview:large, max-video-preview:-1\" \/>\n<link rel=\"canonical\" href=\"https:\/\/www.mmc.nl\/obesitascentrum\/contactformulier\/\" \/>\n<meta property=\"og:locale\" content=\"nl_NL\" \/>\n<meta property=\"og:type\" content=\"article\" \/>\n<meta property=\"og:title\" content=\"Contactformulier\" \/>\n<meta property=\"og:description\" content=\"Wilt u meer informatie of heeft u vragen? Neem contact op met obesitascentrum. Wij nemen zo spoedig mogelijk contact met u op.\" \/>\n<meta property=\"og:url\" content=\"https:\/\/www.mmc.nl\/obesitascentrum\/contactformulier\/\" \/>\n<meta property=\"og:site_name\" content=\"Obesitascentrum\" \/>\n<meta property=\"article:modified_time\" content=\"2022-05-31T11:23:13+00:00\" \/>\n<meta name=\"twitter:card\" content=\"summary_large_image\" \/>\n<meta name=\"twitter:label1\" content=\"Geschatte leestijd\" \/>\n\t<meta name=\"twitter:data1\" content=\"1 minuut\" \/>\n<script type=\"application\/ld+json\" class=\"yoast-schema-graph\">{\"@context\":\"https:\/\/schema.org\",\"@graph\":[{\"@type\":\"WebPage\",\"@id\":\"https:\/\/www.mmc.nl\/obesitascentrum\/contactformulier\/\",\"url\":\"https:\/\/www.mmc.nl\/obesitascentrum\/contactformulier\/\",\"name\":\"Contactformulier - Obesitascentrum\",\"isPartOf\":{\"@id\":\"https:\/\/www.mmc.nl\/obesitascentrum\/#website\"},\"primaryImageOfPage\":{\"@id\":\"https:\/\/www.mmc.nl\/obesitascentrum\/contactformulier\/#primaryimage\"},\"image\":{\"@id\":\"https:\/\/www.mmc.nl\/obesitascentrum\/contactformulier\/#primaryimage\"},\"thumbnailUrl\":\"\",\"datePublished\":\"2017-10-25T12:21:56+00:00\",\"dateModified\":\"2022-05-31T11:23:13+00:00\",\"description\":\"Wilt u meer informatie of heeft u vragen? Neem contact op met obesitascentrum. Wij nemen zo spoedig mogelijk contact met u op.\",\"breadcrumb\":{\"@id\":\"https:\/\/www.mmc.nl\/obesitascentrum\/contactformulier\/#breadcrumb\"},\"inLanguage\":\"nl-NL\",\"potentialAction\":[{\"@type\":\"ReadAction\",\"target\":[\"https:\/\/www.mmc.nl\/obesitascentrum\/contactformulier\/\"]}]},{\"@type\":\"ImageObject\",\"inLanguage\":\"nl-NL\",\"@id\":\"https:\/\/www.mmc.nl\/obesitascentrum\/contactformulier\/#primaryimage\",\"url\":\"\",\"contentUrl\":\"\"},{\"@type\":\"BreadcrumbList\",\"@id\":\"https:\/\/www.mmc.nl\/obesitascentrum\/contactformulier\/#breadcrumb\",\"itemListElement\":[{\"@type\":\"ListItem\",\"position\":1,\"name\":\"Obesitascentrum\",\"item\":\"https:\/\/www.mmc.nl\/obesitascentrum\/\"},{\"@type\":\"ListItem\",\"position\":2,\"name\":\"Contactformulier\"}]},{\"@type\":\"WebSite\",\"@id\":\"https:\/\/www.mmc.nl\/obesitascentrum\/#website\",\"url\":\"https:\/\/www.mmc.nl\/obesitascentrum\/\",\"name\":\"Obesitascentrum\",\"description\":\"\",\"potentialAction\":[{\"@type\":\"SearchAction\",\"target\":{\"@type\":\"EntryPoint\",\"urlTemplate\":\"https:\/\/www.mmc.nl\/obesitascentrum\/?s={search_term_string}\"},\"query-input\":{\"@type\":\"PropertyValueSpecification\",\"valueRequired\":true,\"valueName\":\"search_term_string\"}}],\"inLanguage\":\"nl-NL\"}]}<\/script>\n<!-- \/ Yoast SEO Premium plugin. -->","yoast_head_json":{"title":"Contactformulier - Obesitascentrum","description":"Wilt u meer informatie of heeft u vragen? Neem contact op met obesitascentrum. Wij nemen zo spoedig mogelijk contact met u op.","robots":{"index":"index","follow":"follow","max-snippet":"max-snippet:-1","max-image-preview":"max-image-preview:large","max-video-preview":"max-video-preview:-1"},"canonical":"https:\/\/www.mmc.nl\/obesitascentrum\/contactformulier\/","og_locale":"nl_NL","og_type":"article","og_title":"Contactformulier","og_description":"Wilt u meer informatie of heeft u vragen? Neem contact op met obesitascentrum. Wij nemen zo spoedig mogelijk contact met u op.","og_url":"https:\/\/www.mmc.nl\/obesitascentrum\/contactformulier\/","og_site_name":"Obesitascentrum","article_modified_time":"2022-05-31T11:23:13+00:00","twitter_card":"summary_large_image","twitter_misc":{"Geschatte leestijd":"1 minuut"},"schema":{"@context":"https:\/\/schema.org","@graph":[{"@type":"WebPage","@id":"https:\/\/www.mmc.nl\/obesitascentrum\/contactformulier\/","url":"https:\/\/www.mmc.nl\/obesitascentrum\/contactformulier\/","name":"Contactformulier - Obesitascentrum","isPartOf":{"@id":"https:\/\/www.mmc.nl\/obesitascentrum\/#website"},"primaryImageOfPage":{"@id":"https:\/\/www.mmc.nl\/obesitascentrum\/contactformulier\/#primaryimage"},"image":{"@id":"https:\/\/www.mmc.nl\/obesitascentrum\/contactformulier\/#primaryimage"},"thumbnailUrl":"","datePublished":"2017-10-25T12:21:56+00:00","dateModified":"2022-05-31T11:23:13+00:00","description":"Wilt u meer informatie of heeft u vragen? Neem contact op met obesitascentrum. Wij nemen zo spoedig mogelijk contact met u op.","breadcrumb":{"@id":"https:\/\/www.mmc.nl\/obesitascentrum\/contactformulier\/#breadcrumb"},"inLanguage":"nl-NL","potentialAction":[{"@type":"ReadAction","target":["https:\/\/www.mmc.nl\/obesitascentrum\/contactformulier\/"]}]},{"@type":"ImageObject","inLanguage":"nl-NL","@id":"https:\/\/www.mmc.nl\/obesitascentrum\/contactformulier\/#primaryimage","url":"","contentUrl":""},{"@type":"BreadcrumbList","@id":"https:\/\/www.mmc.nl\/obesitascentrum\/contactformulier\/#breadcrumb","itemListElement":[{"@type":"ListItem","position":1,"name":"Obesitascentrum","item":"https:\/\/www.mmc.nl\/obesitascentrum\/"},{"@type":"ListItem","position":2,"name":"Contactformulier"}]},{"@type":"WebSite","@id":"https:\/\/www.mmc.nl\/obesitascentrum\/#website","url":"https:\/\/www.mmc.nl\/obesitascentrum\/","name":"Obesitascentrum","description":"","potentialAction":[{"@type":"SearchAction","target":{"@type":"EntryPoint","urlTemplate":"https:\/\/www.mmc.nl\/obesitascentrum\/?s={search_term_string}"},"query-input":{"@type":"PropertyValueSpecification","valueRequired":true,"valueName":"search_term_string"}}],"inLanguage":"nl-NL"}]}},"_links":{"self":[{"href":"https:\/\/www.mmc.nl\/obesitascentrum\/wp-json\/wp\/v2\/pages\/1222","targetHints":{"allow":["GET"]}}],"collection":[{"href":"https:\/\/www.mmc.nl\/obesitascentrum\/wp-json\/wp\/v2\/pages"}],"about":[{"href":"https:\/\/www.mmc.nl\/obesitascentrum\/wp-json\/wp\/v2\/types\/page"}],"author":[{"embeddable":true,"href":"https:\/\/www.mmc.nl\/obesitascentrum\/wp-json\/wp\/v2\/users\/3"}],"replies":[{"embeddable":true,"href":"https:\/\/www.mmc.nl\/obesitascentrum\/wp-json\/wp\/v2\/comments?post=1222"}],"version-history":[{"count":4,"href":"https:\/\/www.mmc.nl\/obesitascentrum\/wp-json\/wp\/v2\/pages\/1222\/revisions"}],"predecessor-version":[{"id":3270,"href":"https:\/\/www.mmc.nl\/obesitascentrum\/wp-json\/wp\/v2\/pages\/1222\/revisions\/3270"}],"wp:featuredmedia":[{"embeddable":true,"href":"https:\/\/www.mmc.nl\/obesitascentrum\/wp-json\/"}],"wp:attachment":[{"href":"https:\/\/www.mmc.nl\/obesitascentrum\/wp-json\/wp\/v2\/media?parent=1222"}],"wp:term":[{"taxonomy":"post_tag","embeddable":true,"href":"https:\/\/www.mmc.nl\/obesitascentrum\/wp-json\/wp\/v2\/tags?post=1222"}],"curies":[{"name":"wp","href":"https:\/\/api.w.org\/{rel}","templated":true}]}}