{"id":4535,"date":"2021-11-17T10:54:05","date_gmt":"2021-11-17T09:54:05","guid":{"rendered":"https:\/\/www.mmc.nl\/oncologie\/?page_id=4535"},"modified":"2024-09-18T15:26:52","modified_gmt":"2024-09-18T13:26:52","slug":"prehabilitatie-fit-uw-operatie-in","status":"publish","type":"page","link":"https:\/\/www.mmc.nl\/oncologie\/welkom-maxima-oncologisch-centrum\/prehabilitatie-fit-uw-operatie-in\/","title":{"rendered":"Prehabilitatie: fit uw operatie in"},"content":{"rendered":"<p>In M\u00e1xima MC (MMC) lopen we voorop in Nederland als het gaat om pati\u00ebnten fit maken voorafgaand aan hun operatie, ook wel prehabilitatie genoemd. Prehabilitatie is een bijzondere aanpak in de zorg, waarbij we pati\u00ebnten fit maken v\u00f3\u00f3r hun operatie. In de drie tot vier weken tot de operatie wordt gewerkt aan de volgende gebieden<\/p>\n<ol>\n<li>Training op kracht en conditie<\/li>\n<li>Voeding<\/li>\n<li>Leefstijl, waaronder stoppen met roken<\/li>\n<li>Mentale conditie<\/li>\n<\/ol>\n<p>Ongeveer 150 pati\u00ebnten werden op deze manier al voorbereid voor een operatie aan de dikke darm. Zij verbeterden hun fitheid en voelen zich betrokken bij hun eigen behandeling en herstel. 60% van deze pati\u00ebnten hebben minder complicaties, liggen ongeveer twee dagen korter in het ziekenhuis en herstellen sneller. Een bijkomend voordeel is daardoor dat prehabilitatie zorgt voor minder zorgkosten.<\/p>\n<p>In M\u00e1xima MC bieden wij standaard prehabilitatie aan pati\u00ebnten die geopereerd moeten worden aan kanker aan de dikke darm. De verzekeraars en M\u00e1xima MC nemen de kosten voor hun rekening. Op korte termijn hopen wij dit ook bij andere grote operaties te kunnen aanbieden.<\/p>\n<div class=\"no-auto-embed\" data-embed-html=\"&lt;iframe title=&quot;Fit voor een operatie in M\u00e1xima MC&quot; width=&quot;500&quot; height=&quot;281&quot; src=&quot;https:\/\/www.youtube.com\/embed\/GpbIy4q3-nY?feature=oembed&quot; frameborder=&quot;0&quot; allow=&quot;accelerometer; autoplay; clipboard-write; encrypted-media; gyroscope; picture-in-picture; web-share&quot; referrerpolicy=&quot;strict-origin-when-cross-origin&quot; allowfullscreen&gt;&lt;\/iframe&gt;\" data-no-third-party-message=\"Wanneer u de cookies accepteert kunt u deze inhoud bekijken.\n\n&lt;a class=&quot;open-cookie-banner&quot;&gt;Accepteer cookies&lt;\/a&gt;\"><\/div>\n<p>&nbsp;<\/p>\n","protected":false},"excerpt":{"rendered":"<p>In M\u00e1xima MC (MMC) lopen we voorop in Nederland als het gaat om pati\u00ebnten fit maken voorafgaand aan hun operatie, ook wel prehabilitatie genoemd. Prehabilitatie is een bijzondere aanpak in de zorg, waarbij we pati\u00ebnten fit maken v\u00f3\u00f3r hun operatie. In de drie tot vier weken tot de operatie wordt gewerkt aan de volgende gebieden [&hellip;]<\/p>\n","protected":false},"author":3,"featured_media":1,"parent":681,"menu_order":0,"comment_status":"closed","ping_status":"closed","template":"page.php","meta":{"_acf_changed":false,"ep_exclude_from_search":false,"footnotes":""},"tags":[8498,1283],"class_list":["post-4535","page","type-page","status-publish","has-post-thumbnail","hentry","tag-fit-voor-een-operatie","tag-prehabilitatie"],"acf":[],"yoast_head":"<!-- This site is optimized with the Yoast SEO Premium plugin v27.3 (Yoast SEO v27.3) - https:\/\/yoast.com\/product\/yoast-seo-premium-wordpress\/ -->\n<title>Prehabilitatie: fit uw operatie in - M\u00e1xima Oncologisch Centrum<\/title>\n<meta name=\"description\" content=\"In M\u00e1xima MC (MMC) lopen we voorop in Nederland als het gaat om pati\u00ebnten fit maken voorafgaand aan hun operatie, ook wel prehabilitatie genoemd. Prehabilitatie is een bijzondere aanpak in de zorg, waarbij we pati\u00ebnten fit maken v\u00f3\u00f3r hun operatie.\" \/>\n<meta name=\"robots\" content=\"index, follow, max-snippet:-1, max-image-preview:large, max-video-preview:-1\" \/>\n<link rel=\"canonical\" href=\"https:\/\/www.mmc.nl\/oncologie\/welkom-maxima-oncologisch-centrum\/prehabilitatie-fit-uw-operatie-in\/\" \/>\n<meta property=\"og:locale\" content=\"nl_NL\" \/>\n<meta property=\"og:type\" content=\"article\" \/>\n<meta property=\"og:title\" content=\"Prehabilitatie: fit uw operatie in\" \/>\n<meta property=\"og:description\" content=\"In M\u00e1xima MC (MMC) lopen we voorop in Nederland als het gaat om pati\u00ebnten fit maken voorafgaand aan hun operatie, ook wel prehabilitatie genoemd. Prehabilitatie is een bijzondere aanpak in de zorg, waarbij we pati\u00ebnten fit maken v\u00f3\u00f3r hun operatie.\" \/>\n<meta property=\"og:url\" content=\"https:\/\/www.mmc.nl\/oncologie\/welkom-maxima-oncologisch-centrum\/prehabilitatie-fit-uw-operatie-in\/\" \/>\n<meta property=\"og:site_name\" content=\"M\u00e1xima Oncologisch Centrum\" \/>\n<meta property=\"article:modified_time\" content=\"2024-09-18T13:26:52+00:00\" \/>\n<meta name=\"twitter:card\" content=\"summary_large_image\" \/>\n<meta name=\"twitter:label1\" content=\"Geschatte leestijd\" \/>\n\t<meta name=\"twitter:data1\" content=\"5 minuten\" \/>\n<script type=\"application\/ld+json\" class=\"yoast-schema-graph\">{\"@context\":\"https:\\\/\\\/schema.org\",\"@graph\":[{\"@type\":\"WebPage\",\"@id\":\"https:\\\/\\\/www.mmc.nl\\\/oncologie\\\/welkom-maxima-oncologisch-centrum\\\/prehabilitatie-fit-uw-operatie-in\\\/\",\"url\":\"https:\\\/\\\/www.mmc.nl\\\/oncologie\\\/welkom-maxima-oncologisch-centrum\\\/prehabilitatie-fit-uw-operatie-in\\\/\",\"name\":\"Prehabilitatie: fit uw operatie in - M\u00e1xima Oncologisch Centrum\",\"isPartOf\":{\"@id\":\"https:\\\/\\\/www.mmc.nl\\\/oncologie\\\/#website\"},\"primaryImageOfPage\":{\"@id\":\"https:\\\/\\\/www.mmc.nl\\\/oncologie\\\/welkom-maxima-oncologisch-centrum\\\/prehabilitatie-fit-uw-operatie-in\\\/#primaryimage\"},\"image\":{\"@id\":\"https:\\\/\\\/www.mmc.nl\\\/oncologie\\\/welkom-maxima-oncologisch-centrum\\\/prehabilitatie-fit-uw-operatie-in\\\/#primaryimage\"},\"thumbnailUrl\":\"\",\"datePublished\":\"2021-11-17T09:54:05+00:00\",\"dateModified\":\"2024-09-18T13:26:52+00:00\",\"description\":\"In M\u00e1xima MC (MMC) lopen we voorop in Nederland als het gaat om pati\u00ebnten fit maken voorafgaand aan hun operatie, ook wel prehabilitatie genoemd. Prehabilitatie is een bijzondere aanpak in de zorg, waarbij we pati\u00ebnten fit maken v\u00f3\u00f3r hun operatie.\",\"breadcrumb\":{\"@id\":\"https:\\\/\\\/www.mmc.nl\\\/oncologie\\\/welkom-maxima-oncologisch-centrum\\\/prehabilitatie-fit-uw-operatie-in\\\/#breadcrumb\"},\"inLanguage\":\"nl-NL\",\"potentialAction\":[{\"@type\":\"ReadAction\",\"target\":[\"https:\\\/\\\/www.mmc.nl\\\/oncologie\\\/welkom-maxima-oncologisch-centrum\\\/prehabilitatie-fit-uw-operatie-in\\\/\"]}]},{\"@type\":\"ImageObject\",\"inLanguage\":\"nl-NL\",\"@id\":\"https:\\\/\\\/www.mmc.nl\\\/oncologie\\\/welkom-maxima-oncologisch-centrum\\\/prehabilitatie-fit-uw-operatie-in\\\/#primaryimage\",\"url\":\"\",\"contentUrl\":\"\"},{\"@type\":\"BreadcrumbList\",\"@id\":\"https:\\\/\\\/www.mmc.nl\\\/oncologie\\\/welkom-maxima-oncologisch-centrum\\\/prehabilitatie-fit-uw-operatie-in\\\/#breadcrumb\",\"itemListElement\":[{\"@type\":\"ListItem\",\"position\":1,\"name\":\"M\u00e1xima Oncologisch Centrum\",\"item\":\"https:\\\/\\\/www.mmc.nl\\\/oncologie\\\/\"},{\"@type\":\"ListItem\",\"position\":2,\"name\":\"Over M\u00e1xima Oncologisch Centrum\",\"item\":\"https:\\\/\\\/www.mmc.nl\\\/oncologie\\\/welkom-maxima-oncologisch-centrum\\\/\"},{\"@type\":\"ListItem\",\"position\":3,\"name\":\"Prehabilitatie: fit uw operatie in\"}]},{\"@type\":\"WebSite\",\"@id\":\"https:\\\/\\\/www.mmc.nl\\\/oncologie\\\/#website\",\"url\":\"https:\\\/\\\/www.mmc.nl\\\/oncologie\\\/\",\"name\":\"M\u00e1xima Oncologisch Centrum\",\"description\":\"\",\"potentialAction\":[{\"@type\":\"SearchAction\",\"target\":{\"@type\":\"EntryPoint\",\"urlTemplate\":\"https:\\\/\\\/www.mmc.nl\\\/oncologie\\\/?s={search_term_string}\"},\"query-input\":{\"@type\":\"PropertyValueSpecification\",\"valueRequired\":true,\"valueName\":\"search_term_string\"}}],\"inLanguage\":\"nl-NL\"}]}<\/script>\n<!-- \/ Yoast SEO Premium plugin. -->","yoast_head_json":{"title":"Prehabilitatie: fit uw operatie in - M\u00e1xima Oncologisch Centrum","description":"In M\u00e1xima MC (MMC) lopen we voorop in Nederland als het gaat om pati\u00ebnten fit maken voorafgaand aan hun operatie, ook wel prehabilitatie genoemd. Prehabilitatie is een bijzondere aanpak in de zorg, waarbij we pati\u00ebnten fit maken v\u00f3\u00f3r hun operatie.","robots":{"index":"index","follow":"follow","max-snippet":"max-snippet:-1","max-image-preview":"max-image-preview:large","max-video-preview":"max-video-preview:-1"},"canonical":"https:\/\/www.mmc.nl\/oncologie\/welkom-maxima-oncologisch-centrum\/prehabilitatie-fit-uw-operatie-in\/","og_locale":"nl_NL","og_type":"article","og_title":"Prehabilitatie: fit uw operatie in","og_description":"In M\u00e1xima MC (MMC) lopen we voorop in Nederland als het gaat om pati\u00ebnten fit maken voorafgaand aan hun operatie, ook wel prehabilitatie genoemd. Prehabilitatie is een bijzondere aanpak in de zorg, waarbij we pati\u00ebnten fit maken v\u00f3\u00f3r hun operatie.","og_url":"https:\/\/www.mmc.nl\/oncologie\/welkom-maxima-oncologisch-centrum\/prehabilitatie-fit-uw-operatie-in\/","og_site_name":"M\u00e1xima Oncologisch Centrum","article_modified_time":"2024-09-18T13:26:52+00:00","twitter_card":"summary_large_image","twitter_misc":{"Geschatte leestijd":"5 minuten"},"schema":{"@context":"https:\/\/schema.org","@graph":[{"@type":"WebPage","@id":"https:\/\/www.mmc.nl\/oncologie\/welkom-maxima-oncologisch-centrum\/prehabilitatie-fit-uw-operatie-in\/","url":"https:\/\/www.mmc.nl\/oncologie\/welkom-maxima-oncologisch-centrum\/prehabilitatie-fit-uw-operatie-in\/","name":"Prehabilitatie: fit uw operatie in - M\u00e1xima Oncologisch Centrum","isPartOf":{"@id":"https:\/\/www.mmc.nl\/oncologie\/#website"},"primaryImageOfPage":{"@id":"https:\/\/www.mmc.nl\/oncologie\/welkom-maxima-oncologisch-centrum\/prehabilitatie-fit-uw-operatie-in\/#primaryimage"},"image":{"@id":"https:\/\/www.mmc.nl\/oncologie\/welkom-maxima-oncologisch-centrum\/prehabilitatie-fit-uw-operatie-in\/#primaryimage"},"thumbnailUrl":"","datePublished":"2021-11-17T09:54:05+00:00","dateModified":"2024-09-18T13:26:52+00:00","description":"In M\u00e1xima MC (MMC) lopen we voorop in Nederland als het gaat om pati\u00ebnten fit maken voorafgaand aan hun operatie, ook wel prehabilitatie genoemd. Prehabilitatie is een bijzondere aanpak in de zorg, waarbij we pati\u00ebnten fit maken v\u00f3\u00f3r hun operatie.","breadcrumb":{"@id":"https:\/\/www.mmc.nl\/oncologie\/welkom-maxima-oncologisch-centrum\/prehabilitatie-fit-uw-operatie-in\/#breadcrumb"},"inLanguage":"nl-NL","potentialAction":[{"@type":"ReadAction","target":["https:\/\/www.mmc.nl\/oncologie\/welkom-maxima-oncologisch-centrum\/prehabilitatie-fit-uw-operatie-in\/"]}]},{"@type":"ImageObject","inLanguage":"nl-NL","@id":"https:\/\/www.mmc.nl\/oncologie\/welkom-maxima-oncologisch-centrum\/prehabilitatie-fit-uw-operatie-in\/#primaryimage","url":"","contentUrl":""},{"@type":"BreadcrumbList","@id":"https:\/\/www.mmc.nl\/oncologie\/welkom-maxima-oncologisch-centrum\/prehabilitatie-fit-uw-operatie-in\/#breadcrumb","itemListElement":[{"@type":"ListItem","position":1,"name":"M\u00e1xima Oncologisch Centrum","item":"https:\/\/www.mmc.nl\/oncologie\/"},{"@type":"ListItem","position":2,"name":"Over M\u00e1xima Oncologisch Centrum","item":"https:\/\/www.mmc.nl\/oncologie\/welkom-maxima-oncologisch-centrum\/"},{"@type":"ListItem","position":3,"name":"Prehabilitatie: fit uw operatie in"}]},{"@type":"WebSite","@id":"https:\/\/www.mmc.nl\/oncologie\/#website","url":"https:\/\/www.mmc.nl\/oncologie\/","name":"M\u00e1xima Oncologisch Centrum","description":"","potentialAction":[{"@type":"SearchAction","target":{"@type":"EntryPoint","urlTemplate":"https:\/\/www.mmc.nl\/oncologie\/?s={search_term_string}"},"query-input":{"@type":"PropertyValueSpecification","valueRequired":true,"valueName":"search_term_string"}}],"inLanguage":"nl-NL"}]}},"_links":{"self":[{"href":"https:\/\/www.mmc.nl\/oncologie\/wp-json\/wp\/v2\/pages\/4535","targetHints":{"allow":["GET"]}}],"collection":[{"href":"https:\/\/www.mmc.nl\/oncologie\/wp-json\/wp\/v2\/pages"}],"about":[{"href":"https:\/\/www.mmc.nl\/oncologie\/wp-json\/wp\/v2\/types\/page"}],"author":[{"embeddable":true,"href":"https:\/\/www.mmc.nl\/oncologie\/wp-json\/wp\/v2\/users\/3"}],"replies":[{"embeddable":true,"href":"https:\/\/www.mmc.nl\/oncologie\/wp-json\/wp\/v2\/comments?post=4535"}],"version-history":[{"count":13,"href":"https:\/\/www.mmc.nl\/oncologie\/wp-json\/wp\/v2\/pages\/4535\/revisions"}],"predecessor-version":[{"id":6494,"href":"https:\/\/www.mmc.nl\/oncologie\/wp-json\/wp\/v2\/pages\/4535\/revisions\/6494"}],"up":[{"embeddable":true,"href":"https:\/\/www.mmc.nl\/oncologie\/wp-json\/wp\/v2\/pages\/681"}],"wp:featuredmedia":[{"embeddable":true,"href":"https:\/\/www.mmc.nl\/oncologie\/wp-json\/"}],"wp:attachment":[{"href":"https:\/\/www.mmc.nl\/oncologie\/wp-json\/wp\/v2\/media?parent=4535"}],"wp:term":[{"taxonomy":"post_tag","embeddable":true,"href":"https:\/\/www.mmc.nl\/oncologie\/wp-json\/wp\/v2\/tags?post=4535"}],"curies":[{"name":"wp","href":"https:\/\/api.w.org\/{rel}","templated":true}]}}