{"id":717,"date":"2017-08-22T09:39:24","date_gmt":"2017-08-22T07:39:24","guid":{"rendered":"https:\/\/www.mmc.nl\/oncologie\/?page_id=717"},"modified":"2026-01-21T09:29:56","modified_gmt":"2026-01-21T08:29:56","slug":"specialisten","status":"publish","type":"page","link":"https:\/\/www.mmc.nl\/oncologie\/maxima-oncologisch-centrum\/specialisten\/","title":{"rendered":"Behandelteam"},"content":{"rendered":"<h3><strong>Zorg op de juiste plaats<\/strong><\/h3>\n<p><strong>De zorg rondom kanker is heel dicht bij elkaar gebracht in het M\u00e1xima Oncologisch Centrum in een behandelteam dat precies weet wat nodig is voor de pati\u00ebnt. Alle specialismen werken samen op \u00e9\u00e9n plek waardoor de pati\u00ebnt niet het hele ziekenhuis door hoeft. Dat zorgt ervoor dat we zorg op maat kunnen bieden, waarbij we ernaar streven de periode van onzekerheid zo kort mogelijk te maken door onderzoeken, daar waar mogelijk, op \u00e9\u00e9n dag te plannen. Binnen het M\u00e1xima Oncologisch Centrum (MOC) werken betrokken professionals die bezig zijn met de mens achter de pati\u00ebnt. Voor, tijdens en na de behandeling van kanker wordt stil gestaan bij de wensen, zorgen en vragen die een pati\u00ebnt heeft.<\/strong><\/p>\n","protected":false},"excerpt":{"rendered":"<p>Zorg op de juiste plaats De zorg rondom kanker is heel dicht bij elkaar gebracht in het M\u00e1xima Oncologisch Centrum in een behandelteam dat precies weet wat nodig is voor de pati\u00ebnt. Alle specialismen werken samen op \u00e9\u00e9n plek waardoor de pati\u00ebnt niet het hele ziekenhuis door hoeft. Dat zorgt ervoor dat we zorg op [&hellip;]<\/p>\n","protected":false},"author":3,"featured_media":1,"parent":209,"menu_order":0,"comment_status":"closed","ping_status":"closed","template":"page.php","meta":{"_acf_changed":false,"ep_exclude_from_search":false,"footnotes":""},"tags":[],"class_list":["post-717","page","type-page","status-publish","has-post-thumbnail","hentry"],"acf":[],"yoast_head":"<!-- This site is optimized with the Yoast SEO Premium plugin v27.1 (Yoast SEO v27.1.1) - https:\/\/yoast.com\/product\/yoast-seo-premium-wordpress\/ -->\n<title>Behandelteam - Oncologie - M\u00e1xima MC<\/title>\n<meta name=\"description\" content=\"Het behandelteam bij de behandeling van kanker bestaat vaak uit verschillende medisch specialisten. De zorg rondom kanker is heel dicht bij elkaar gebracht in het M\u00e1xima Oncologisch Centrum in een behandelteam dat precies weet wat nodig is voor de pati\u00ebnt.\" \/>\n<meta name=\"robots\" content=\"index, follow, max-snippet:-1, max-image-preview:large, max-video-preview:-1\" \/>\n<link rel=\"canonical\" href=\"https:\/\/www.mmc.nl\/oncologie\/maxima-oncologisch-centrum\/specialisten\/\" \/>\n<meta property=\"og:locale\" content=\"nl_NL\" \/>\n<meta property=\"og:type\" content=\"article\" \/>\n<meta property=\"og:title\" content=\"Behandelteam\" \/>\n<meta property=\"og:description\" content=\"Het behandelteam bij de behandeling van kanker bestaat vaak uit verschillende medisch specialisten. De zorg rondom kanker is heel dicht bij elkaar gebracht in het M\u00e1xima Oncologisch Centrum in een behandelteam dat precies weet wat nodig is voor de pati\u00ebnt.\" \/>\n<meta property=\"og:url\" content=\"https:\/\/www.mmc.nl\/oncologie\/maxima-oncologisch-centrum\/specialisten\/\" \/>\n<meta property=\"og:site_name\" content=\"M\u00e1xima Oncologisch Centrum\" \/>\n<meta property=\"article:modified_time\" content=\"2026-01-21T08:29:56+00:00\" \/>\n<meta name=\"twitter:card\" content=\"summary_large_image\" \/>\n<meta name=\"twitter:label1\" content=\"Geschatte leestijd\" \/>\n\t<meta name=\"twitter:data1\" content=\"4 minuten\" \/>\n<script type=\"application\/ld+json\" class=\"yoast-schema-graph\">{\"@context\":\"https:\/\/schema.org\",\"@graph\":[{\"@type\":\"WebPage\",\"@id\":\"https:\/\/www.mmc.nl\/oncologie\/maxima-oncologisch-centrum\/specialisten\/\",\"url\":\"https:\/\/www.mmc.nl\/oncologie\/maxima-oncologisch-centrum\/specialisten\/\",\"name\":\"Behandelteam - Oncologie - M\u00e1xima MC\",\"isPartOf\":{\"@id\":\"https:\/\/www.mmc.nl\/oncologie\/#website\"},\"primaryImageOfPage\":{\"@id\":\"https:\/\/www.mmc.nl\/oncologie\/maxima-oncologisch-centrum\/specialisten\/#primaryimage\"},\"image\":{\"@id\":\"https:\/\/www.mmc.nl\/oncologie\/maxima-oncologisch-centrum\/specialisten\/#primaryimage\"},\"thumbnailUrl\":\"\",\"datePublished\":\"2017-08-22T07:39:24+00:00\",\"dateModified\":\"2026-01-21T08:29:56+00:00\",\"description\":\"Het behandelteam bij de behandeling van kanker bestaat vaak uit verschillende medisch specialisten. De zorg rondom kanker is heel dicht bij elkaar gebracht in het M\u00e1xima Oncologisch Centrum in een behandelteam dat precies weet wat nodig is voor de pati\u00ebnt.\",\"breadcrumb\":{\"@id\":\"https:\/\/www.mmc.nl\/oncologie\/maxima-oncologisch-centrum\/specialisten\/#breadcrumb\"},\"inLanguage\":\"nl-NL\",\"potentialAction\":[{\"@type\":\"ReadAction\",\"target\":[\"https:\/\/www.mmc.nl\/oncologie\/maxima-oncologisch-centrum\/specialisten\/\"]}]},{\"@type\":\"ImageObject\",\"inLanguage\":\"nl-NL\",\"@id\":\"https:\/\/www.mmc.nl\/oncologie\/maxima-oncologisch-centrum\/specialisten\/#primaryimage\",\"url\":\"\",\"contentUrl\":\"\"},{\"@type\":\"BreadcrumbList\",\"@id\":\"https:\/\/www.mmc.nl\/oncologie\/maxima-oncologisch-centrum\/specialisten\/#breadcrumb\",\"itemListElement\":[{\"@type\":\"ListItem\",\"position\":1,\"name\":\"M\u00e1xima Oncologisch Centrum\",\"item\":\"https:\/\/www.mmc.nl\/oncologie\/\"},{\"@type\":\"ListItem\",\"position\":2,\"name\":\"M\u00e1xima Oncologisch Centrum\",\"item\":\"https:\/\/www.mmc.nl\/oncologie\/\"},{\"@type\":\"ListItem\",\"position\":3,\"name\":\"Behandelteam\"}]},{\"@type\":\"WebSite\",\"@id\":\"https:\/\/www.mmc.nl\/oncologie\/#website\",\"url\":\"https:\/\/www.mmc.nl\/oncologie\/\",\"name\":\"M\u00e1xima Oncologisch Centrum\",\"description\":\"\",\"potentialAction\":[{\"@type\":\"SearchAction\",\"target\":{\"@type\":\"EntryPoint\",\"urlTemplate\":\"https:\/\/www.mmc.nl\/oncologie\/?s={search_term_string}\"},\"query-input\":{\"@type\":\"PropertyValueSpecification\",\"valueRequired\":true,\"valueName\":\"search_term_string\"}}],\"inLanguage\":\"nl-NL\"}]}<\/script>\n<!-- \/ Yoast SEO Premium plugin. -->","yoast_head_json":{"title":"Behandelteam - Oncologie - M\u00e1xima MC","description":"Het behandelteam bij de behandeling van kanker bestaat vaak uit verschillende medisch specialisten. De zorg rondom kanker is heel dicht bij elkaar gebracht in het M\u00e1xima Oncologisch Centrum in een behandelteam dat precies weet wat nodig is voor de pati\u00ebnt.","robots":{"index":"index","follow":"follow","max-snippet":"max-snippet:-1","max-image-preview":"max-image-preview:large","max-video-preview":"max-video-preview:-1"},"canonical":"https:\/\/www.mmc.nl\/oncologie\/maxima-oncologisch-centrum\/specialisten\/","og_locale":"nl_NL","og_type":"article","og_title":"Behandelteam","og_description":"Het behandelteam bij de behandeling van kanker bestaat vaak uit verschillende medisch specialisten. De zorg rondom kanker is heel dicht bij elkaar gebracht in het M\u00e1xima Oncologisch Centrum in een behandelteam dat precies weet wat nodig is voor de pati\u00ebnt.","og_url":"https:\/\/www.mmc.nl\/oncologie\/maxima-oncologisch-centrum\/specialisten\/","og_site_name":"M\u00e1xima Oncologisch Centrum","article_modified_time":"2026-01-21T08:29:56+00:00","twitter_card":"summary_large_image","twitter_misc":{"Geschatte leestijd":"4 minuten"},"schema":{"@context":"https:\/\/schema.org","@graph":[{"@type":"WebPage","@id":"https:\/\/www.mmc.nl\/oncologie\/maxima-oncologisch-centrum\/specialisten\/","url":"https:\/\/www.mmc.nl\/oncologie\/maxima-oncologisch-centrum\/specialisten\/","name":"Behandelteam - Oncologie - M\u00e1xima MC","isPartOf":{"@id":"https:\/\/www.mmc.nl\/oncologie\/#website"},"primaryImageOfPage":{"@id":"https:\/\/www.mmc.nl\/oncologie\/maxima-oncologisch-centrum\/specialisten\/#primaryimage"},"image":{"@id":"https:\/\/www.mmc.nl\/oncologie\/maxima-oncologisch-centrum\/specialisten\/#primaryimage"},"thumbnailUrl":"","datePublished":"2017-08-22T07:39:24+00:00","dateModified":"2026-01-21T08:29:56+00:00","description":"Het behandelteam bij de behandeling van kanker bestaat vaak uit verschillende medisch specialisten. De zorg rondom kanker is heel dicht bij elkaar gebracht in het M\u00e1xima Oncologisch Centrum in een behandelteam dat precies weet wat nodig is voor de pati\u00ebnt.","breadcrumb":{"@id":"https:\/\/www.mmc.nl\/oncologie\/maxima-oncologisch-centrum\/specialisten\/#breadcrumb"},"inLanguage":"nl-NL","potentialAction":[{"@type":"ReadAction","target":["https:\/\/www.mmc.nl\/oncologie\/maxima-oncologisch-centrum\/specialisten\/"]}]},{"@type":"ImageObject","inLanguage":"nl-NL","@id":"https:\/\/www.mmc.nl\/oncologie\/maxima-oncologisch-centrum\/specialisten\/#primaryimage","url":"","contentUrl":""},{"@type":"BreadcrumbList","@id":"https:\/\/www.mmc.nl\/oncologie\/maxima-oncologisch-centrum\/specialisten\/#breadcrumb","itemListElement":[{"@type":"ListItem","position":1,"name":"M\u00e1xima Oncologisch Centrum","item":"https:\/\/www.mmc.nl\/oncologie\/"},{"@type":"ListItem","position":2,"name":"M\u00e1xima Oncologisch Centrum","item":"https:\/\/www.mmc.nl\/oncologie\/"},{"@type":"ListItem","position":3,"name":"Behandelteam"}]},{"@type":"WebSite","@id":"https:\/\/www.mmc.nl\/oncologie\/#website","url":"https:\/\/www.mmc.nl\/oncologie\/","name":"M\u00e1xima Oncologisch Centrum","description":"","potentialAction":[{"@type":"SearchAction","target":{"@type":"EntryPoint","urlTemplate":"https:\/\/www.mmc.nl\/oncologie\/?s={search_term_string}"},"query-input":{"@type":"PropertyValueSpecification","valueRequired":true,"valueName":"search_term_string"}}],"inLanguage":"nl-NL"}]}},"_links":{"self":[{"href":"https:\/\/www.mmc.nl\/oncologie\/wp-json\/wp\/v2\/pages\/717","targetHints":{"allow":["GET"]}}],"collection":[{"href":"https:\/\/www.mmc.nl\/oncologie\/wp-json\/wp\/v2\/pages"}],"about":[{"href":"https:\/\/www.mmc.nl\/oncologie\/wp-json\/wp\/v2\/types\/page"}],"author":[{"embeddable":true,"href":"https:\/\/www.mmc.nl\/oncologie\/wp-json\/wp\/v2\/users\/3"}],"replies":[{"embeddable":true,"href":"https:\/\/www.mmc.nl\/oncologie\/wp-json\/wp\/v2\/comments?post=717"}],"version-history":[{"count":70,"href":"https:\/\/www.mmc.nl\/oncologie\/wp-json\/wp\/v2\/pages\/717\/revisions"}],"predecessor-version":[{"id":7154,"href":"https:\/\/www.mmc.nl\/oncologie\/wp-json\/wp\/v2\/pages\/717\/revisions\/7154"}],"up":[{"embeddable":true,"href":"https:\/\/www.mmc.nl\/oncologie\/wp-json\/wp\/v2\/pages\/209"}],"wp:featuredmedia":[{"embeddable":true,"href":"https:\/\/www.mmc.nl\/oncologie\/wp-json\/"}],"wp:attachment":[{"href":"https:\/\/www.mmc.nl\/oncologie\/wp-json\/wp\/v2\/media?parent=717"}],"wp:term":[{"taxonomy":"post_tag","embeddable":true,"href":"https:\/\/www.mmc.nl\/oncologie\/wp-json\/wp\/v2\/tags?post=717"}],"curies":[{"name":"wp","href":"https:\/\/api.w.org\/{rel}","templated":true}]}}