{"id":1958,"date":"2020-04-09T14:12:42","date_gmt":"2020-04-09T12:12:42","guid":{"rendered":"https:\/\/www.mmc.nl\/orthopedie\/?page_id=1958"},"modified":"2022-03-16T16:04:47","modified_gmt":"2022-03-16T15:04:47","slug":"ervaringen","status":"publish","type":"page","link":"https:\/\/www.mmc.nl\/orthopedie\/ervaringen\/","title":{"rendered":"Ervaringen"},"content":{"rendered":"<p>Hoe verloopt een orthopedisch behandeltraject in M\u00e1xima MC? En hoe beleven onze pati\u00ebnten dit? Op deze pagina vindt u hun ervaringen.<strong><br \/>\n<\/strong><\/p>\n","protected":false},"excerpt":{"rendered":"<p>Hoe verloopt een orthopedisch behandeltraject in M\u00e1xima MC? En hoe beleven onze pati\u00ebnten dit? Op deze pagina vindt u hun ervaringen.<\/p>\n","protected":false},"author":3,"featured_media":1,"parent":0,"menu_order":0,"comment_status":"closed","ping_status":"closed","template":"post-type-overview.php","meta":{"_acf_changed":false,"ep_exclude_from_search":false,"footnotes":""},"tags":[1478,1583,216],"class_list":["post-1958","page","type-page","status-publish","has-post-thumbnail","hentry","tag-ervaring","tag-ervaringen","tag-patientervaring"],"acf":[],"yoast_head":"<!-- This site is optimized with the Yoast SEO Premium plugin v27.3 (Yoast SEO v27.3) - https:\/\/yoast.com\/product\/yoast-seo-premium-wordpress\/ -->\n<title>Ervaringen - Orthopedie - M\u00e1xima MC<\/title>\n<meta name=\"description\" content=\"Hoe verloopt een orthopedisch behandeltraject in M\u00e1xima MC? En hoe beleven onze pati\u00ebnten dit? Op deze pagina vindt u hun ervaringen.\" \/>\n<meta name=\"robots\" content=\"index, follow, max-snippet:-1, max-image-preview:large, max-video-preview:-1\" \/>\n<link rel=\"canonical\" href=\"https:\/\/www.mmc.nl\/orthopedie\/ervaringen\/\" \/>\n<meta property=\"og:locale\" content=\"nl_NL\" \/>\n<meta property=\"og:type\" content=\"article\" \/>\n<meta property=\"og:title\" content=\"Ervaringen\" \/>\n<meta property=\"og:description\" content=\"Hoe verloopt een orthopedisch behandeltraject in M\u00e1xima MC? En hoe beleven onze pati\u00ebnten dit? Op deze pagina vindt u hun ervaringen.\" \/>\n<meta property=\"og:url\" content=\"https:\/\/www.mmc.nl\/orthopedie\/ervaringen\/\" \/>\n<meta property=\"og:site_name\" content=\"Orthopedie\" \/>\n<meta property=\"article:modified_time\" content=\"2022-03-16T15:04:47+00:00\" \/>\n<meta name=\"twitter:card\" content=\"summary_large_image\" \/>\n<script type=\"application\/ld+json\" class=\"yoast-schema-graph\">{\"@context\":\"https:\\\/\\\/schema.org\",\"@graph\":[{\"@type\":\"WebPage\",\"@id\":\"https:\\\/\\\/www.mmc.nl\\\/orthopedie\\\/ervaringen\\\/\",\"url\":\"https:\\\/\\\/www.mmc.nl\\\/orthopedie\\\/ervaringen\\\/\",\"name\":\"Ervaringen - Orthopedie - M\u00e1xima MC\",\"isPartOf\":{\"@id\":\"https:\\\/\\\/www.mmc.nl\\\/orthopedie\\\/#website\"},\"primaryImageOfPage\":{\"@id\":\"https:\\\/\\\/www.mmc.nl\\\/orthopedie\\\/ervaringen\\\/#primaryimage\"},\"image\":{\"@id\":\"https:\\\/\\\/www.mmc.nl\\\/orthopedie\\\/ervaringen\\\/#primaryimage\"},\"thumbnailUrl\":\"\",\"datePublished\":\"2020-04-09T12:12:42+00:00\",\"dateModified\":\"2022-03-16T15:04:47+00:00\",\"description\":\"Hoe verloopt een orthopedisch behandeltraject in M\u00e1xima MC? En hoe beleven onze pati\u00ebnten dit? Op deze pagina vindt u hun ervaringen.\",\"breadcrumb\":{\"@id\":\"https:\\\/\\\/www.mmc.nl\\\/orthopedie\\\/ervaringen\\\/#breadcrumb\"},\"inLanguage\":\"nl-NL\",\"potentialAction\":[{\"@type\":\"ReadAction\",\"target\":[\"https:\\\/\\\/www.mmc.nl\\\/orthopedie\\\/ervaringen\\\/\"]}]},{\"@type\":\"ImageObject\",\"inLanguage\":\"nl-NL\",\"@id\":\"https:\\\/\\\/www.mmc.nl\\\/orthopedie\\\/ervaringen\\\/#primaryimage\",\"url\":\"\",\"contentUrl\":\"\"},{\"@type\":\"BreadcrumbList\",\"@id\":\"https:\\\/\\\/www.mmc.nl\\\/orthopedie\\\/ervaringen\\\/#breadcrumb\",\"itemListElement\":[{\"@type\":\"ListItem\",\"position\":1,\"name\":\"Orthopedie\",\"item\":\"https:\\\/\\\/www.mmc.nl\\\/orthopedie\\\/\"},{\"@type\":\"ListItem\",\"position\":2,\"name\":\"Ervaringen\"}]},{\"@type\":\"WebSite\",\"@id\":\"https:\\\/\\\/www.mmc.nl\\\/orthopedie\\\/#website\",\"url\":\"https:\\\/\\\/www.mmc.nl\\\/orthopedie\\\/\",\"name\":\"Orthopedie\",\"description\":\"\",\"potentialAction\":[{\"@type\":\"SearchAction\",\"target\":{\"@type\":\"EntryPoint\",\"urlTemplate\":\"https:\\\/\\\/www.mmc.nl\\\/orthopedie\\\/?s={search_term_string}\"},\"query-input\":{\"@type\":\"PropertyValueSpecification\",\"valueRequired\":true,\"valueName\":\"search_term_string\"}}],\"inLanguage\":\"nl-NL\"}]}<\/script>\n<!-- \/ Yoast SEO Premium plugin. -->","yoast_head_json":{"title":"Ervaringen - Orthopedie - M\u00e1xima MC","description":"Hoe verloopt een orthopedisch behandeltraject in M\u00e1xima MC? En hoe beleven onze pati\u00ebnten dit? Op deze pagina vindt u hun ervaringen.","robots":{"index":"index","follow":"follow","max-snippet":"max-snippet:-1","max-image-preview":"max-image-preview:large","max-video-preview":"max-video-preview:-1"},"canonical":"https:\/\/www.mmc.nl\/orthopedie\/ervaringen\/","og_locale":"nl_NL","og_type":"article","og_title":"Ervaringen","og_description":"Hoe verloopt een orthopedisch behandeltraject in M\u00e1xima MC? En hoe beleven onze pati\u00ebnten dit? Op deze pagina vindt u hun ervaringen.","og_url":"https:\/\/www.mmc.nl\/orthopedie\/ervaringen\/","og_site_name":"Orthopedie","article_modified_time":"2022-03-16T15:04:47+00:00","twitter_card":"summary_large_image","schema":{"@context":"https:\/\/schema.org","@graph":[{"@type":"WebPage","@id":"https:\/\/www.mmc.nl\/orthopedie\/ervaringen\/","url":"https:\/\/www.mmc.nl\/orthopedie\/ervaringen\/","name":"Ervaringen - Orthopedie - M\u00e1xima MC","isPartOf":{"@id":"https:\/\/www.mmc.nl\/orthopedie\/#website"},"primaryImageOfPage":{"@id":"https:\/\/www.mmc.nl\/orthopedie\/ervaringen\/#primaryimage"},"image":{"@id":"https:\/\/www.mmc.nl\/orthopedie\/ervaringen\/#primaryimage"},"thumbnailUrl":"","datePublished":"2020-04-09T12:12:42+00:00","dateModified":"2022-03-16T15:04:47+00:00","description":"Hoe verloopt een orthopedisch behandeltraject in M\u00e1xima MC? En hoe beleven onze pati\u00ebnten dit? Op deze pagina vindt u hun ervaringen.","breadcrumb":{"@id":"https:\/\/www.mmc.nl\/orthopedie\/ervaringen\/#breadcrumb"},"inLanguage":"nl-NL","potentialAction":[{"@type":"ReadAction","target":["https:\/\/www.mmc.nl\/orthopedie\/ervaringen\/"]}]},{"@type":"ImageObject","inLanguage":"nl-NL","@id":"https:\/\/www.mmc.nl\/orthopedie\/ervaringen\/#primaryimage","url":"","contentUrl":""},{"@type":"BreadcrumbList","@id":"https:\/\/www.mmc.nl\/orthopedie\/ervaringen\/#breadcrumb","itemListElement":[{"@type":"ListItem","position":1,"name":"Orthopedie","item":"https:\/\/www.mmc.nl\/orthopedie\/"},{"@type":"ListItem","position":2,"name":"Ervaringen"}]},{"@type":"WebSite","@id":"https:\/\/www.mmc.nl\/orthopedie\/#website","url":"https:\/\/www.mmc.nl\/orthopedie\/","name":"Orthopedie","description":"","potentialAction":[{"@type":"SearchAction","target":{"@type":"EntryPoint","urlTemplate":"https:\/\/www.mmc.nl\/orthopedie\/?s={search_term_string}"},"query-input":{"@type":"PropertyValueSpecification","valueRequired":true,"valueName":"search_term_string"}}],"inLanguage":"nl-NL"}]}},"_links":{"self":[{"href":"https:\/\/www.mmc.nl\/orthopedie\/wp-json\/wp\/v2\/pages\/1958","targetHints":{"allow":["GET"]}}],"collection":[{"href":"https:\/\/www.mmc.nl\/orthopedie\/wp-json\/wp\/v2\/pages"}],"about":[{"href":"https:\/\/www.mmc.nl\/orthopedie\/wp-json\/wp\/v2\/types\/page"}],"author":[{"embeddable":true,"href":"https:\/\/www.mmc.nl\/orthopedie\/wp-json\/wp\/v2\/users\/3"}],"replies":[{"embeddable":true,"href":"https:\/\/www.mmc.nl\/orthopedie\/wp-json\/wp\/v2\/comments?post=1958"}],"version-history":[{"count":4,"href":"https:\/\/www.mmc.nl\/orthopedie\/wp-json\/wp\/v2\/pages\/1958\/revisions"}],"predecessor-version":[{"id":2436,"href":"https:\/\/www.mmc.nl\/orthopedie\/wp-json\/wp\/v2\/pages\/1958\/revisions\/2436"}],"wp:featuredmedia":[{"embeddable":true,"href":"https:\/\/www.mmc.nl\/orthopedie\/wp-json\/"}],"wp:attachment":[{"href":"https:\/\/www.mmc.nl\/orthopedie\/wp-json\/wp\/v2\/media?parent=1958"}],"wp:term":[{"taxonomy":"post_tag","embeddable":true,"href":"https:\/\/www.mmc.nl\/orthopedie\/wp-json\/wp\/v2\/tags?post=1958"}],"curies":[{"name":"wp","href":"https:\/\/api.w.org\/{rel}","templated":true}]}}