{"id":2606,"date":"2023-07-24T15:39:02","date_gmt":"2023-07-24T13:39:02","guid":{"rendered":"https:\/\/www.mmc.nl\/orthopedie\/?page_id=2606"},"modified":"2023-07-25T07:54:00","modified_gmt":"2023-07-25T05:54:00","slug":"wetenschappelijk-onderzoek-op-de-afdeling-orthopedie","status":"publish","type":"page","link":"https:\/\/www.mmc.nl\/orthopedie\/wetenschappelijk-onderzoek-op-de-afdeling-orthopedie\/","title":{"rendered":"Wetenschappelijk onderzoek op de afdeling orthopedie"},"content":{"rendered":"<p><strong>Wetenschappelijk onderzoek speelt een grote rol in het continu verbeteren van de zorg. M\u00e1xima MC werkt daarom (mee) aan wetenschappelijk onderzoek naar de behandeling van orthopedische aandoeningen. We proberen verschillende orthopedische aandoeningen beter te begrijpen en kijken bijvoorbeeld of een behandeling veilig en effectief is.<\/strong><\/p>\n<p>Op dit moment lopen er verschillende onderzoeken binnen onze speerpunten voor wetenschappelijk onderzoek:<\/p>\n<ul>\n<li>Kinderorthopedie<\/li>\n<li>Knieproblematiek<\/li>\n<li>Infectie-\/revisieprothese-chirurgie<\/li>\n<\/ul>\n<p>Ook werken we aan onderzoeksprojecten buiten deze drie speerpunten.<\/p>\n<p>Daarnaast zijn wij actief betrokken bij verschillende landelijke onderzoeksprojecten via het<br \/>\n<a href=\"https:\/\/www.orthopeden.org\/wetenschap\/\" target=\"_blank\" rel=\"noopener\">Consortium Orthopaedic Research van de Nederlandse Orthopaedische Vereniging<\/a>.<\/p>\n<p><strong>Wetenschappelijke publicaties<\/strong><br \/>\nDe wetenschappelijke publicaties van onze medewerkers vindt u terug op <a href=\"https:\/\/pubmed.ncbi.nlm.nih.gov\/?term=Department+of+Orthopaedic+Surgery+and+Trauma%2C+M%C3%A1xima+Medical+Center&amp;sort=pubdate\" target=\"_blank\" rel=\"noopener\">PubMed<\/a>.<\/p>\n<p><strong>Deelnemen aan wetenschappelijk onderzoek<\/strong><br \/>\nHet kan zijn dat u als pati\u00ebnt door \u00e9\u00e9n van onze specialisten of medewerkers wordt benaderd voor deelname aan onze onderzoeken. Wij hopen van harte dat u bereid bent mee te werken. Meer informatie over deelname aan wetenschappelijk onderzoek in M\u00e1xima MC vindt u <a href=\"https:\/\/www.mmc.nl\/over-ons\/innovatie-wetenschap\/deelname-aan-medisch-wetenschappelijk-onderzoek-houdt\/\">hier<\/a>.<\/p>\n<p><strong>Heeft u vragen?<\/strong><br \/>\nVoor vragen en opmerkingen kunt u terecht bij onze onderzoeksco\u00f6rdinatoren <a href=\"mailto:ortho_research@mmc.nl\">Marieke van der Steen en Wai-Yan Liu<\/a>.<\/p>\n<p><strong>Wetenschappelijke (afstudeer)stage<\/strong><br \/>\nBen je als student op zoek naar een wetenschappelijke (afstudeer)stage binnen de orthopedie? Neem dan contact op met onze onderzoeksco\u00f6rdinatoren <a href=\"mailto:ortho_research@mmc.nl\">Marieke van der Steen en Wai-Yan Liu<\/a>.<\/p>\n","protected":false},"excerpt":{"rendered":"<p>Wetenschappelijk onderzoek speelt een grote rol in het continu verbeteren van de zorg. M\u00e1xima MC werkt daarom (mee) aan wetenschappelijk onderzoek naar de behandeling van orthopedische aandoeningen. We proberen verschillende orthopedische aandoeningen beter te begrijpen en kijken bijvoorbeeld of een behandeling veilig en effectief is. Op dit moment lopen er verschillende onderzoeken binnen onze speerpunten [&hellip;]<\/p>\n","protected":false},"author":221,"featured_media":1,"parent":0,"menu_order":0,"comment_status":"closed","ping_status":"closed","template":"","meta":{"_acf_changed":false,"ep_exclude_from_search":false,"footnotes":""},"tags":[],"class_list":["post-2606","page","type-page","status-publish","has-post-thumbnail","hentry"],"acf":[],"yoast_head":"<!-- This site is optimized with the Yoast SEO Premium plugin v27.3 (Yoast SEO v27.3) - https:\/\/yoast.com\/product\/yoast-seo-premium-wordpress\/ -->\n<title>Wetenschappelijk onderzoek op de afdeling orthopedie - Orthopedie<\/title>\n<meta name=\"description\" content=\"Wetenschappelijk onderzoek speelt een grote rol in het continu verbeteren van de zorg. M\u00e1xima MC werkt daarom (mee) aan wetenschappelijk onderzoek naar de behandeling van orthopedische aandoeningen.\" \/>\n<meta name=\"robots\" content=\"index, follow, max-snippet:-1, max-image-preview:large, max-video-preview:-1\" \/>\n<link rel=\"canonical\" href=\"https:\/\/www.mmc.nl\/orthopedie\/wetenschappelijk-onderzoek-op-de-afdeling-orthopedie\/\" \/>\n<meta property=\"og:locale\" content=\"nl_NL\" \/>\n<meta property=\"og:type\" content=\"article\" \/>\n<meta property=\"og:title\" content=\"Wetenschappelijk onderzoek op de afdeling orthopedie\" \/>\n<meta property=\"og:description\" content=\"Wetenschappelijk onderzoek speelt een grote rol in het continu verbeteren van de zorg. M\u00e1xima MC werkt daarom (mee) aan wetenschappelijk onderzoek naar de behandeling van orthopedische aandoeningen.\" \/>\n<meta property=\"og:url\" content=\"https:\/\/www.mmc.nl\/orthopedie\/wetenschappelijk-onderzoek-op-de-afdeling-orthopedie\/\" \/>\n<meta property=\"og:site_name\" content=\"Orthopedie\" \/>\n<meta property=\"article:modified_time\" content=\"2023-07-25T05:54:00+00:00\" \/>\n<meta name=\"twitter:card\" content=\"summary_large_image\" \/>\n<meta name=\"twitter:label1\" content=\"Geschatte leestijd\" \/>\n\t<meta name=\"twitter:data1\" content=\"1 minuut\" \/>\n<script type=\"application\/ld+json\" class=\"yoast-schema-graph\">{\"@context\":\"https:\\\/\\\/schema.org\",\"@graph\":[{\"@type\":\"WebPage\",\"@id\":\"https:\\\/\\\/www.mmc.nl\\\/orthopedie\\\/wetenschappelijk-onderzoek-op-de-afdeling-orthopedie\\\/\",\"url\":\"https:\\\/\\\/www.mmc.nl\\\/orthopedie\\\/wetenschappelijk-onderzoek-op-de-afdeling-orthopedie\\\/\",\"name\":\"Wetenschappelijk onderzoek op de afdeling orthopedie - Orthopedie\",\"isPartOf\":{\"@id\":\"https:\\\/\\\/www.mmc.nl\\\/orthopedie\\\/#website\"},\"primaryImageOfPage\":{\"@id\":\"https:\\\/\\\/www.mmc.nl\\\/orthopedie\\\/wetenschappelijk-onderzoek-op-de-afdeling-orthopedie\\\/#primaryimage\"},\"image\":{\"@id\":\"https:\\\/\\\/www.mmc.nl\\\/orthopedie\\\/wetenschappelijk-onderzoek-op-de-afdeling-orthopedie\\\/#primaryimage\"},\"thumbnailUrl\":\"\",\"datePublished\":\"2023-07-24T13:39:02+00:00\",\"dateModified\":\"2023-07-25T05:54:00+00:00\",\"description\":\"Wetenschappelijk onderzoek speelt een grote rol in het continu verbeteren van de zorg. M\u00e1xima MC werkt daarom (mee) aan wetenschappelijk onderzoek naar de behandeling van orthopedische aandoeningen.\",\"breadcrumb\":{\"@id\":\"https:\\\/\\\/www.mmc.nl\\\/orthopedie\\\/wetenschappelijk-onderzoek-op-de-afdeling-orthopedie\\\/#breadcrumb\"},\"inLanguage\":\"nl-NL\",\"potentialAction\":[{\"@type\":\"ReadAction\",\"target\":[\"https:\\\/\\\/www.mmc.nl\\\/orthopedie\\\/wetenschappelijk-onderzoek-op-de-afdeling-orthopedie\\\/\"]}]},{\"@type\":\"ImageObject\",\"inLanguage\":\"nl-NL\",\"@id\":\"https:\\\/\\\/www.mmc.nl\\\/orthopedie\\\/wetenschappelijk-onderzoek-op-de-afdeling-orthopedie\\\/#primaryimage\",\"url\":\"\",\"contentUrl\":\"\"},{\"@type\":\"BreadcrumbList\",\"@id\":\"https:\\\/\\\/www.mmc.nl\\\/orthopedie\\\/wetenschappelijk-onderzoek-op-de-afdeling-orthopedie\\\/#breadcrumb\",\"itemListElement\":[{\"@type\":\"ListItem\",\"position\":1,\"name\":\"Orthopedie\",\"item\":\"https:\\\/\\\/www.mmc.nl\\\/orthopedie\\\/\"},{\"@type\":\"ListItem\",\"position\":2,\"name\":\"Wetenschappelijk onderzoek op de afdeling orthopedie\"}]},{\"@type\":\"WebSite\",\"@id\":\"https:\\\/\\\/www.mmc.nl\\\/orthopedie\\\/#website\",\"url\":\"https:\\\/\\\/www.mmc.nl\\\/orthopedie\\\/\",\"name\":\"Orthopedie\",\"description\":\"\",\"potentialAction\":[{\"@type\":\"SearchAction\",\"target\":{\"@type\":\"EntryPoint\",\"urlTemplate\":\"https:\\\/\\\/www.mmc.nl\\\/orthopedie\\\/?s={search_term_string}\"},\"query-input\":{\"@type\":\"PropertyValueSpecification\",\"valueRequired\":true,\"valueName\":\"search_term_string\"}}],\"inLanguage\":\"nl-NL\"}]}<\/script>\n<!-- \/ Yoast SEO Premium plugin. -->","yoast_head_json":{"title":"Wetenschappelijk onderzoek op de afdeling orthopedie - Orthopedie","description":"Wetenschappelijk onderzoek speelt een grote rol in het continu verbeteren van de zorg. M\u00e1xima MC werkt daarom (mee) aan wetenschappelijk onderzoek naar de behandeling van orthopedische aandoeningen.","robots":{"index":"index","follow":"follow","max-snippet":"max-snippet:-1","max-image-preview":"max-image-preview:large","max-video-preview":"max-video-preview:-1"},"canonical":"https:\/\/www.mmc.nl\/orthopedie\/wetenschappelijk-onderzoek-op-de-afdeling-orthopedie\/","og_locale":"nl_NL","og_type":"article","og_title":"Wetenschappelijk onderzoek op de afdeling orthopedie","og_description":"Wetenschappelijk onderzoek speelt een grote rol in het continu verbeteren van de zorg. M\u00e1xima MC werkt daarom (mee) aan wetenschappelijk onderzoek naar de behandeling van orthopedische aandoeningen.","og_url":"https:\/\/www.mmc.nl\/orthopedie\/wetenschappelijk-onderzoek-op-de-afdeling-orthopedie\/","og_site_name":"Orthopedie","article_modified_time":"2023-07-25T05:54:00+00:00","twitter_card":"summary_large_image","twitter_misc":{"Geschatte leestijd":"1 minuut"},"schema":{"@context":"https:\/\/schema.org","@graph":[{"@type":"WebPage","@id":"https:\/\/www.mmc.nl\/orthopedie\/wetenschappelijk-onderzoek-op-de-afdeling-orthopedie\/","url":"https:\/\/www.mmc.nl\/orthopedie\/wetenschappelijk-onderzoek-op-de-afdeling-orthopedie\/","name":"Wetenschappelijk onderzoek op de afdeling orthopedie - Orthopedie","isPartOf":{"@id":"https:\/\/www.mmc.nl\/orthopedie\/#website"},"primaryImageOfPage":{"@id":"https:\/\/www.mmc.nl\/orthopedie\/wetenschappelijk-onderzoek-op-de-afdeling-orthopedie\/#primaryimage"},"image":{"@id":"https:\/\/www.mmc.nl\/orthopedie\/wetenschappelijk-onderzoek-op-de-afdeling-orthopedie\/#primaryimage"},"thumbnailUrl":"","datePublished":"2023-07-24T13:39:02+00:00","dateModified":"2023-07-25T05:54:00+00:00","description":"Wetenschappelijk onderzoek speelt een grote rol in het continu verbeteren van de zorg. M\u00e1xima MC werkt daarom (mee) aan wetenschappelijk onderzoek naar de behandeling van orthopedische aandoeningen.","breadcrumb":{"@id":"https:\/\/www.mmc.nl\/orthopedie\/wetenschappelijk-onderzoek-op-de-afdeling-orthopedie\/#breadcrumb"},"inLanguage":"nl-NL","potentialAction":[{"@type":"ReadAction","target":["https:\/\/www.mmc.nl\/orthopedie\/wetenschappelijk-onderzoek-op-de-afdeling-orthopedie\/"]}]},{"@type":"ImageObject","inLanguage":"nl-NL","@id":"https:\/\/www.mmc.nl\/orthopedie\/wetenschappelijk-onderzoek-op-de-afdeling-orthopedie\/#primaryimage","url":"","contentUrl":""},{"@type":"BreadcrumbList","@id":"https:\/\/www.mmc.nl\/orthopedie\/wetenschappelijk-onderzoek-op-de-afdeling-orthopedie\/#breadcrumb","itemListElement":[{"@type":"ListItem","position":1,"name":"Orthopedie","item":"https:\/\/www.mmc.nl\/orthopedie\/"},{"@type":"ListItem","position":2,"name":"Wetenschappelijk onderzoek op de afdeling orthopedie"}]},{"@type":"WebSite","@id":"https:\/\/www.mmc.nl\/orthopedie\/#website","url":"https:\/\/www.mmc.nl\/orthopedie\/","name":"Orthopedie","description":"","potentialAction":[{"@type":"SearchAction","target":{"@type":"EntryPoint","urlTemplate":"https:\/\/www.mmc.nl\/orthopedie\/?s={search_term_string}"},"query-input":{"@type":"PropertyValueSpecification","valueRequired":true,"valueName":"search_term_string"}}],"inLanguage":"nl-NL"}]}},"_links":{"self":[{"href":"https:\/\/www.mmc.nl\/orthopedie\/wp-json\/wp\/v2\/pages\/2606","targetHints":{"allow":["GET"]}}],"collection":[{"href":"https:\/\/www.mmc.nl\/orthopedie\/wp-json\/wp\/v2\/pages"}],"about":[{"href":"https:\/\/www.mmc.nl\/orthopedie\/wp-json\/wp\/v2\/types\/page"}],"author":[{"embeddable":true,"href":"https:\/\/www.mmc.nl\/orthopedie\/wp-json\/wp\/v2\/users\/221"}],"replies":[{"embeddable":true,"href":"https:\/\/www.mmc.nl\/orthopedie\/wp-json\/wp\/v2\/comments?post=2606"}],"version-history":[{"count":2,"href":"https:\/\/www.mmc.nl\/orthopedie\/wp-json\/wp\/v2\/pages\/2606\/revisions"}],"predecessor-version":[{"id":2615,"href":"https:\/\/www.mmc.nl\/orthopedie\/wp-json\/wp\/v2\/pages\/2606\/revisions\/2615"}],"wp:featuredmedia":[{"embeddable":true,"href":"https:\/\/www.mmc.nl\/orthopedie\/wp-json\/"}],"wp:attachment":[{"href":"https:\/\/www.mmc.nl\/orthopedie\/wp-json\/wp\/v2\/media?parent=2606"}],"wp:term":[{"taxonomy":"post_tag","embeddable":true,"href":"https:\/\/www.mmc.nl\/orthopedie\/wp-json\/wp\/v2\/tags?post=2606"}],"curies":[{"name":"wp","href":"https:\/\/api.w.org\/{rel}","templated":true}]}}