{"id":382,"date":"2017-07-20T13:33:47","date_gmt":"2017-07-20T11:33:47","guid":{"rendered":"https:\/\/www.mmc.nl\/orthopedie\/?page_id=382"},"modified":"2025-01-06T14:06:01","modified_gmt":"2025-01-06T13:06:01","slug":"polikliniek-opname","status":"publish","type":"page","link":"https:\/\/www.mmc.nl\/orthopedie\/polikliniek-opname\/","title":{"rendered":"Polikliniek &amp; opname"},"content":{"rendered":"<h2>Polikliniek<\/h2>\n<p>Orthopedisch Centrum M\u00e1xima heeft twee <a href=\"https:\/\/www.mmc.nl\/patienten-en-bezoekers\/bezoek-opname-en-verblijf\/\">poliklinieken<\/a>. Deze zijn gehuisvest in Eindhoven, route 71 en in Veldhoven, route 66. Hier vindt uw eerste bezoek aan de orthopeed plaats en wordt de diagnose gesteld. Onderzoek, zoals het maken van r\u00f6ntgenfoto\u2019s, en uw afspraak bij de specialist sluiten we zoveel mogelijk op elkaar aan. Ook komt u in de meeste gevallen na de behandeling naar de polikliniek voor een controle. De polikliniekassistenten orthopedie plannen samen met u alle afspraken en behandelingen in, op een tijdstip dat u uitkomt.<\/p>\n<h2>Speciale spreekuren<\/h2>\n<p>Voor veelvoorkomende aandoeningen zijn er speciale spreekuren. Vaak kijken meerdere specialismen tegelijkertijd naar \u00e9\u00e9n klacht. Op deze manier wordt u nog sneller geholpen. Binnen Orthopedisch Centrum M\u00e1xima worden de volgende speciale spreekuren gehouden: traumatologie, het enkel\/voet spreekuur, keuringsspreekuur,\u00a0 sportspreekuur en multidisciplinair spreekuur.<\/p>\n<h2>Dagbehandeling<\/h2>\n<p>Op beide locaties van M\u00e1xima MC is een <a href=\"\/patienten-en-bezoekers\/bezoek-opname-en-verblijf\/opname\/\" target=\"_blank\" rel=\"noopener noreferrer\">afdeling dagbehandeling<\/a>. Wanneer u een ingreep moet ondergaan waarbij u nog dezelfde dag naar huis kunt, wordt u op \u00e9\u00e9n van deze afdelingen geholpen.<\/p>\n<h2>Opname<\/h2>\n<p>U verblijft op de verpleegafdeling op de zesde (dagbehandeling) of de tiende etage van M\u00e1xima MC, locatie Eindhoven wanneer u minder dan vijf dagen wordt opgenomen en u geen risico pati\u00ebnt bent. Bijvoorbeeld bij het plaatsen van een heup- of knieprothese. Over het algemeen wordt u wanneer uw <a href=\"\/patienten-en-bezoekers\/bezoek-opname-en-verblijf\/opname\/\" target=\"_blank\" rel=\"noopener noreferrer\">opname<\/a> langer dan vijf dagen duurt, of indien u een risico pati\u00ebnt bent (bijv. indien u een cpap apparaat heeft of een pacemaker etc.) opgenomen op afdeling kvks in Veldhoven. Dit gebeurt ook in het geval van spoedpati\u00ebnten, bijvoorbeeld bij een botbreuk.<\/p>\n<h2>Second opinion of overname behandeling<\/h2>\n<p>Heeft u behoefte aan een tweede mening over uw diagnose of behandeling? Wij leggen u graag uit hoe u dat kunt aanvragen. Lees meer informatie op de pagina <a href=\"https:\/\/www.mmc.nl\/orthopedie\/polikliniek-opname\/second-opinion-of-overname-behandeling\/\">second opinion of overname behandeling<\/a>.<\/p>\n<h2>Naar het ziekenhuis: route, inschrijven en aanmeldzuilen<\/h2>\n<p>Komt u binnenkort naar het ziekenhuis voor een afspraak? We helpen u graag met praktische informatie over onder meer de route naar het ziekenhuis, het inschrijven bij de registratiebalie en het aanmelden voor uw afspraak via een aanmeldzuil. U vindt deze informatie op de pagina \u2018<a href=\"https:\/\/www.mmc.nl\/patienten-en-bezoekers\/bezoek-opname-en-verblijf\/\" target=\"_blank\" rel=\"noopener\">Afspraak, opname en bezoek<\/a>\u2019.<\/p>\n","protected":false},"excerpt":{"rendered":"<p>Polikliniek Orthopedisch Centrum M\u00e1xima heeft twee poliklinieken. Deze zijn gehuisvest in Eindhoven, route 71 en in Veldhoven, route 66. Hier vindt uw eerste bezoek aan de orthopeed plaats en wordt de diagnose gesteld. Onderzoek, zoals het maken van r\u00f6ntgenfoto\u2019s, en uw afspraak bij de specialist sluiten we zoveel mogelijk op elkaar aan. Ook komt u [&hellip;]<\/p>\n","protected":false},"author":4,"featured_media":1,"parent":0,"menu_order":0,"comment_status":"closed","ping_status":"closed","template":"","meta":{"_acf_changed":false,"ep_exclude_from_search":false,"footnotes":""},"tags":[159,158,160,162,156,157,161],"class_list":["post-382","page","type-page","status-publish","has-post-thumbnail","hentry","tag-dagbehandeling","tag-opname","tag-orthopedisch-centrum-maxima","tag-polikliniek","tag-themapoli","tag-themapoliklinieken","tag-verblijf"],"acf":[],"yoast_head":"<!-- This site is optimized with the Yoast SEO Premium plugin v27.1 (Yoast SEO v27.1.1) - https:\/\/yoast.com\/product\/yoast-seo-premium-wordpress\/ -->\n<title>Polikliniek &amp; Opname \u2013 Orthopedisch Centrum M\u00e1xima<\/title>\n<meta name=\"description\" content=\"Orthopedisch Centrum M\u00e1xima heeft twee poliklinieken. Deze zijn gehuisvest in Eindhoven, route 71 en in Veldhoven, route 66. Lees hier meer over de polikliniek en over opname in MMC.\" \/>\n<meta name=\"robots\" content=\"index, follow, max-snippet:-1, max-image-preview:large, max-video-preview:-1\" \/>\n<link rel=\"canonical\" href=\"https:\/\/www.mmc.nl\/orthopedie\/polikliniek-opname\/\" \/>\n<meta property=\"og:locale\" content=\"nl_NL\" \/>\n<meta property=\"og:type\" content=\"article\" \/>\n<meta property=\"og:title\" content=\"Polikliniek &amp; opname\" \/>\n<meta property=\"og:description\" content=\"Orthopedisch Centrum M\u00e1xima heeft twee poliklinieken. Deze zijn gehuisvest in Eindhoven, route 71 en in Veldhoven, route 66. Lees hier meer over de polikliniek en over opname in MMC.\" \/>\n<meta property=\"og:url\" content=\"https:\/\/www.mmc.nl\/orthopedie\/polikliniek-opname\/\" \/>\n<meta property=\"og:site_name\" content=\"Orthopedie\" \/>\n<meta property=\"article:modified_time\" content=\"2025-01-06T13:06:01+00:00\" \/>\n<meta name=\"twitter:card\" content=\"summary_large_image\" \/>\n<meta name=\"twitter:label1\" content=\"Geschatte leestijd\" \/>\n\t<meta name=\"twitter:data1\" content=\"2 minuten\" \/>\n<script type=\"application\/ld+json\" class=\"yoast-schema-graph\">{\"@context\":\"https:\/\/schema.org\",\"@graph\":[{\"@type\":\"WebPage\",\"@id\":\"https:\/\/www.mmc.nl\/orthopedie\/polikliniek-opname\/\",\"url\":\"https:\/\/www.mmc.nl\/orthopedie\/polikliniek-opname\/\",\"name\":\"Polikliniek & Opname \u2013 Orthopedisch Centrum M\u00e1xima\",\"isPartOf\":{\"@id\":\"https:\/\/www.mmc.nl\/orthopedie\/#website\"},\"primaryImageOfPage\":{\"@id\":\"https:\/\/www.mmc.nl\/orthopedie\/polikliniek-opname\/#primaryimage\"},\"image\":{\"@id\":\"https:\/\/www.mmc.nl\/orthopedie\/polikliniek-opname\/#primaryimage\"},\"thumbnailUrl\":\"\",\"datePublished\":\"2017-07-20T11:33:47+00:00\",\"dateModified\":\"2025-01-06T13:06:01+00:00\",\"description\":\"Orthopedisch Centrum M\u00e1xima heeft twee poliklinieken. Deze zijn gehuisvest in Eindhoven, route 71 en in Veldhoven, route 66. Lees hier meer over de polikliniek en over opname in MMC.\",\"breadcrumb\":{\"@id\":\"https:\/\/www.mmc.nl\/orthopedie\/polikliniek-opname\/#breadcrumb\"},\"inLanguage\":\"nl-NL\",\"potentialAction\":[{\"@type\":\"ReadAction\",\"target\":[\"https:\/\/www.mmc.nl\/orthopedie\/polikliniek-opname\/\"]}]},{\"@type\":\"ImageObject\",\"inLanguage\":\"nl-NL\",\"@id\":\"https:\/\/www.mmc.nl\/orthopedie\/polikliniek-opname\/#primaryimage\",\"url\":\"\",\"contentUrl\":\"\"},{\"@type\":\"BreadcrumbList\",\"@id\":\"https:\/\/www.mmc.nl\/orthopedie\/polikliniek-opname\/#breadcrumb\",\"itemListElement\":[{\"@type\":\"ListItem\",\"position\":1,\"name\":\"Orthopedie\",\"item\":\"https:\/\/www.mmc.nl\/orthopedie\/\"},{\"@type\":\"ListItem\",\"position\":2,\"name\":\"Polikliniek &amp; opname\"}]},{\"@type\":\"WebSite\",\"@id\":\"https:\/\/www.mmc.nl\/orthopedie\/#website\",\"url\":\"https:\/\/www.mmc.nl\/orthopedie\/\",\"name\":\"Orthopedie\",\"description\":\"\",\"potentialAction\":[{\"@type\":\"SearchAction\",\"target\":{\"@type\":\"EntryPoint\",\"urlTemplate\":\"https:\/\/www.mmc.nl\/orthopedie\/?s={search_term_string}\"},\"query-input\":{\"@type\":\"PropertyValueSpecification\",\"valueRequired\":true,\"valueName\":\"search_term_string\"}}],\"inLanguage\":\"nl-NL\"}]}<\/script>\n<!-- \/ Yoast SEO Premium plugin. -->","yoast_head_json":{"title":"Polikliniek & Opname \u2013 Orthopedisch Centrum M\u00e1xima","description":"Orthopedisch Centrum M\u00e1xima heeft twee poliklinieken. Deze zijn gehuisvest in Eindhoven, route 71 en in Veldhoven, route 66. Lees hier meer over de polikliniek en over opname in MMC.","robots":{"index":"index","follow":"follow","max-snippet":"max-snippet:-1","max-image-preview":"max-image-preview:large","max-video-preview":"max-video-preview:-1"},"canonical":"https:\/\/www.mmc.nl\/orthopedie\/polikliniek-opname\/","og_locale":"nl_NL","og_type":"article","og_title":"Polikliniek &amp; opname","og_description":"Orthopedisch Centrum M\u00e1xima heeft twee poliklinieken. Deze zijn gehuisvest in Eindhoven, route 71 en in Veldhoven, route 66. Lees hier meer over de polikliniek en over opname in MMC.","og_url":"https:\/\/www.mmc.nl\/orthopedie\/polikliniek-opname\/","og_site_name":"Orthopedie","article_modified_time":"2025-01-06T13:06:01+00:00","twitter_card":"summary_large_image","twitter_misc":{"Geschatte leestijd":"2 minuten"},"schema":{"@context":"https:\/\/schema.org","@graph":[{"@type":"WebPage","@id":"https:\/\/www.mmc.nl\/orthopedie\/polikliniek-opname\/","url":"https:\/\/www.mmc.nl\/orthopedie\/polikliniek-opname\/","name":"Polikliniek & Opname \u2013 Orthopedisch Centrum M\u00e1xima","isPartOf":{"@id":"https:\/\/www.mmc.nl\/orthopedie\/#website"},"primaryImageOfPage":{"@id":"https:\/\/www.mmc.nl\/orthopedie\/polikliniek-opname\/#primaryimage"},"image":{"@id":"https:\/\/www.mmc.nl\/orthopedie\/polikliniek-opname\/#primaryimage"},"thumbnailUrl":"","datePublished":"2017-07-20T11:33:47+00:00","dateModified":"2025-01-06T13:06:01+00:00","description":"Orthopedisch Centrum M\u00e1xima heeft twee poliklinieken. Deze zijn gehuisvest in Eindhoven, route 71 en in Veldhoven, route 66. Lees hier meer over de polikliniek en over opname in MMC.","breadcrumb":{"@id":"https:\/\/www.mmc.nl\/orthopedie\/polikliniek-opname\/#breadcrumb"},"inLanguage":"nl-NL","potentialAction":[{"@type":"ReadAction","target":["https:\/\/www.mmc.nl\/orthopedie\/polikliniek-opname\/"]}]},{"@type":"ImageObject","inLanguage":"nl-NL","@id":"https:\/\/www.mmc.nl\/orthopedie\/polikliniek-opname\/#primaryimage","url":"","contentUrl":""},{"@type":"BreadcrumbList","@id":"https:\/\/www.mmc.nl\/orthopedie\/polikliniek-opname\/#breadcrumb","itemListElement":[{"@type":"ListItem","position":1,"name":"Orthopedie","item":"https:\/\/www.mmc.nl\/orthopedie\/"},{"@type":"ListItem","position":2,"name":"Polikliniek &amp; opname"}]},{"@type":"WebSite","@id":"https:\/\/www.mmc.nl\/orthopedie\/#website","url":"https:\/\/www.mmc.nl\/orthopedie\/","name":"Orthopedie","description":"","potentialAction":[{"@type":"SearchAction","target":{"@type":"EntryPoint","urlTemplate":"https:\/\/www.mmc.nl\/orthopedie\/?s={search_term_string}"},"query-input":{"@type":"PropertyValueSpecification","valueRequired":true,"valueName":"search_term_string"}}],"inLanguage":"nl-NL"}]}},"_links":{"self":[{"href":"https:\/\/www.mmc.nl\/orthopedie\/wp-json\/wp\/v2\/pages\/382","targetHints":{"allow":["GET"]}}],"collection":[{"href":"https:\/\/www.mmc.nl\/orthopedie\/wp-json\/wp\/v2\/pages"}],"about":[{"href":"https:\/\/www.mmc.nl\/orthopedie\/wp-json\/wp\/v2\/types\/page"}],"author":[{"embeddable":true,"href":"https:\/\/www.mmc.nl\/orthopedie\/wp-json\/wp\/v2\/users\/4"}],"replies":[{"embeddable":true,"href":"https:\/\/www.mmc.nl\/orthopedie\/wp-json\/wp\/v2\/comments?post=382"}],"version-history":[{"count":17,"href":"https:\/\/www.mmc.nl\/orthopedie\/wp-json\/wp\/v2\/pages\/382\/revisions"}],"predecessor-version":[{"id":3096,"href":"https:\/\/www.mmc.nl\/orthopedie\/wp-json\/wp\/v2\/pages\/382\/revisions\/3096"}],"wp:featuredmedia":[{"embeddable":true,"href":"https:\/\/www.mmc.nl\/orthopedie\/wp-json\/"}],"wp:attachment":[{"href":"https:\/\/www.mmc.nl\/orthopedie\/wp-json\/wp\/v2\/media?parent=382"}],"wp:term":[{"taxonomy":"post_tag","embeddable":true,"href":"https:\/\/www.mmc.nl\/orthopedie\/wp-json\/wp\/v2\/tags?post=382"}],"curies":[{"name":"wp","href":"https:\/\/api.w.org\/{rel}","templated":true}]}}