{"id":353,"date":"2017-07-25T13:33:53","date_gmt":"2017-07-25T11:33:53","guid":{"rendered":"https:\/\/www.mmc.nl\/ouderengeneeskunde\/?page_id=353"},"modified":"2024-01-22T14:35:38","modified_gmt":"2024-01-22T13:35:38","slug":"geriatrieteam","status":"publish","type":"page","link":"https:\/\/www.mmc.nl\/ouderengeneeskunde\/geriatrieteam\/","title":{"rendered":"Geriatrieteam"},"content":{"rendered":"<p>Het doel van M\u00e1xima MC is specialistische zorg voor de oudere pati\u00ebnt. Opname in het ziekenhuis is voor kwetsbare pati\u00ebnten risicovol. Zij hebben verhoogde kans op complicaties zoals infecties, ondervoeding, het ontwikkelen van een delier of vallen. In het hele ziekenhuis worden ouderen daarom omringd met speciale zorg en aandacht. Op de verpleegafdelingen zelf zijn er verpleegkundigen gespecialiseerd in ouderenzorg aanwezig. Daarnaast worden de afdelingen ondersteund door het geriatrieteam. Dit team is actief betrokken tijdens de ziekenhuisopname van een oudere om gerichte adviezen te geven aan het behandelend team van de afdeling. Het team bestaat uit specialisten en verpleegkundigen met expertise over de oudere pati\u00ebnt. Zij richten zich op pati\u00ebnten van 70 jaar en ouder in het ziekenhuis. Ouderen worden door dit team ondersteund tijdens de opname, ongeacht op welke afdeling ze liggen.<\/p>\n<p>Het geriatrieteam staat klaar voor alle vragen, behoeften en opmerkingen van ouderen. Ook adviseren zij waar nodig. Door deze nauwe samenwerking tussen alle afdelingen en het geriatrieteam wordt optimale zorg voor ouderen gerealiseerd. Afgestemd op zijn of haar behoeften ontvangt zo iedere oudere topzorg.<\/p>\n<p>Het geriatrieteam bestaat uit een internist ouderengeneeskunde, klinisch geriater, psychiaters, geriatrieverpleegkundigen en geriatriefysiotherapeuten.<\/p>\n<p>Ons geriatrieteam<\/p>\n<ul>\n<li><a href=\"\/specialisten\/lambooij-s-l-e\/\" target=\"_blank\" rel=\"noopener noreferrer\">S.L.E. Lambooij<\/a>, internist ouderengeneeskunde<\/li>\n<li><a href=\"\/specialisten\/geffen-l-e-m\/\" target=\"_blank\" rel=\"noopener noreferrer\">L.E.M. van Geffen<\/a>, klinisch geriater<\/li>\n<li><a href=\"https:\/\/www.mmc.nl\/ouderengeneeskunde\/geriatrieverpleegkundigen\/\">Loes Zigenhorn<\/a>, geriatrie verpleegkundige<\/li>\n<li><a href=\"https:\/\/www.mmc.nl\/ouderengeneeskunde\/geriatrieverpleegkundigen\/#renee-emmanueel-van-de-van\">Ren\u00e9e Emmaneel \u2013 van de Ven<\/a>, geriatrie verpleegkundige<\/li>\n<li><a href=\"https:\/\/www.mmc.nl\/ouderengeneeskunde\/geriatrieverpleegkundigen\/#saskia-gruithuijzen\">Saskia Gruithuijzen<\/a>, geriatrie verpleegkundige<\/li>\n<li><a href=\"https:\/\/www.mmc.nl\/ouderengeneeskunde\/geriatrieverpleegkundigen\/#esther-van-der-sanden\">Esther van der Sanden<\/a>, geriatrie verpleegkundige<\/li>\n<\/ul>\n<p>&nbsp;<\/p>\n","protected":false},"excerpt":{"rendered":"<p>Het doel van M\u00e1xima MC is specialistische zorg voor de oudere pati\u00ebnt. Opname in het ziekenhuis is voor kwetsbare pati\u00ebnten risicovol. Zij hebben verhoogde kans op complicaties zoals infecties, ondervoeding, het ontwikkelen van een delier of vallen. In het hele ziekenhuis worden ouderen daarom omringd met speciale zorg en aandacht. Op de verpleegafdelingen zelf zijn [&hellip;]<\/p>\n","protected":false},"author":1,"featured_media":1,"parent":0,"menu_order":0,"comment_status":"closed","ping_status":"closed","template":"","meta":{"_acf_changed":false,"ep_exclude_from_search":false,"footnotes":""},"tags":[41,42,43,44],"class_list":["post-353","page","type-page","status-publish","has-post-thumbnail","hentry","tag-geriatrie","tag-geriatrieteam","tag-ouderenzorg","tag-senioren"],"acf":[],"yoast_head":"<!-- This site is optimized with the Yoast SEO Premium plugin v27.1 (Yoast SEO v27.1.1) - https:\/\/yoast.com\/product\/yoast-seo-premium-wordpress\/ -->\n<title>Geriatrieteam \u2013 M\u00e1xima MC<\/title>\n<meta name=\"description\" content=\"Met de intensieve samenwerking van het geriatrieteam met de andere vakgebieden in het ziekenhuis streven we naar specialistische zorg voor de oudere pati\u00ebnt.\" \/>\n<meta name=\"robots\" content=\"index, follow, max-snippet:-1, max-image-preview:large, max-video-preview:-1\" \/>\n<link rel=\"canonical\" href=\"https:\/\/www.mmc.nl\/ouderengeneeskunde\/geriatrieteam\/\" \/>\n<meta property=\"og:locale\" content=\"nl_NL\" \/>\n<meta property=\"og:type\" content=\"article\" \/>\n<meta property=\"og:title\" content=\"Geriatrieteam\" \/>\n<meta property=\"og:description\" content=\"Met de intensieve samenwerking van het geriatrieteam met de andere vakgebieden in het ziekenhuis streven we naar specialistische zorg voor de oudere pati\u00ebnt.\" \/>\n<meta property=\"og:url\" content=\"https:\/\/www.mmc.nl\/ouderengeneeskunde\/geriatrieteam\/\" \/>\n<meta property=\"og:site_name\" content=\"Ouderengeneeskunde\" \/>\n<meta property=\"article:modified_time\" content=\"2024-01-22T13:35:38+00:00\" \/>\n<meta name=\"twitter:card\" content=\"summary_large_image\" \/>\n<meta name=\"twitter:label1\" content=\"Geschatte leestijd\" \/>\n\t<meta name=\"twitter:data1\" content=\"2 minuten\" \/>\n<script type=\"application\/ld+json\" class=\"yoast-schema-graph\">{\"@context\":\"https:\/\/schema.org\",\"@graph\":[{\"@type\":\"WebPage\",\"@id\":\"https:\/\/www.mmc.nl\/ouderengeneeskunde\/geriatrieteam\/\",\"url\":\"https:\/\/www.mmc.nl\/ouderengeneeskunde\/geriatrieteam\/\",\"name\":\"Geriatrieteam \u2013 M\u00e1xima MC\",\"isPartOf\":{\"@id\":\"https:\/\/www.mmc.nl\/ouderengeneeskunde\/#website\"},\"primaryImageOfPage\":{\"@id\":\"https:\/\/www.mmc.nl\/ouderengeneeskunde\/geriatrieteam\/#primaryimage\"},\"image\":{\"@id\":\"https:\/\/www.mmc.nl\/ouderengeneeskunde\/geriatrieteam\/#primaryimage\"},\"thumbnailUrl\":\"\",\"datePublished\":\"2017-07-25T11:33:53+00:00\",\"dateModified\":\"2024-01-22T13:35:38+00:00\",\"description\":\"Met de intensieve samenwerking van het geriatrieteam met de andere vakgebieden in het ziekenhuis streven we naar specialistische zorg voor de oudere pati\u00ebnt.\",\"breadcrumb\":{\"@id\":\"https:\/\/www.mmc.nl\/ouderengeneeskunde\/geriatrieteam\/#breadcrumb\"},\"inLanguage\":\"nl-NL\",\"potentialAction\":[{\"@type\":\"ReadAction\",\"target\":[\"https:\/\/www.mmc.nl\/ouderengeneeskunde\/geriatrieteam\/\"]}]},{\"@type\":\"ImageObject\",\"inLanguage\":\"nl-NL\",\"@id\":\"https:\/\/www.mmc.nl\/ouderengeneeskunde\/geriatrieteam\/#primaryimage\",\"url\":\"\",\"contentUrl\":\"\"},{\"@type\":\"BreadcrumbList\",\"@id\":\"https:\/\/www.mmc.nl\/ouderengeneeskunde\/geriatrieteam\/#breadcrumb\",\"itemListElement\":[{\"@type\":\"ListItem\",\"position\":1,\"name\":\"Ouderengeneeskunde\",\"item\":\"https:\/\/www.mmc.nl\/ouderengeneeskunde\/\"},{\"@type\":\"ListItem\",\"position\":2,\"name\":\"Geriatrieteam\"}]},{\"@type\":\"WebSite\",\"@id\":\"https:\/\/www.mmc.nl\/ouderengeneeskunde\/#website\",\"url\":\"https:\/\/www.mmc.nl\/ouderengeneeskunde\/\",\"name\":\"Ouderengeneeskunde\",\"description\":\"\",\"potentialAction\":[{\"@type\":\"SearchAction\",\"target\":{\"@type\":\"EntryPoint\",\"urlTemplate\":\"https:\/\/www.mmc.nl\/ouderengeneeskunde\/?s={search_term_string}\"},\"query-input\":{\"@type\":\"PropertyValueSpecification\",\"valueRequired\":true,\"valueName\":\"search_term_string\"}}],\"inLanguage\":\"nl-NL\"}]}<\/script>\n<!-- \/ Yoast SEO Premium plugin. -->","yoast_head_json":{"title":"Geriatrieteam \u2013 M\u00e1xima MC","description":"Met de intensieve samenwerking van het geriatrieteam met de andere vakgebieden in het ziekenhuis streven we naar specialistische zorg voor de oudere pati\u00ebnt.","robots":{"index":"index","follow":"follow","max-snippet":"max-snippet:-1","max-image-preview":"max-image-preview:large","max-video-preview":"max-video-preview:-1"},"canonical":"https:\/\/www.mmc.nl\/ouderengeneeskunde\/geriatrieteam\/","og_locale":"nl_NL","og_type":"article","og_title":"Geriatrieteam","og_description":"Met de intensieve samenwerking van het geriatrieteam met de andere vakgebieden in het ziekenhuis streven we naar specialistische zorg voor de oudere pati\u00ebnt.","og_url":"https:\/\/www.mmc.nl\/ouderengeneeskunde\/geriatrieteam\/","og_site_name":"Ouderengeneeskunde","article_modified_time":"2024-01-22T13:35:38+00:00","twitter_card":"summary_large_image","twitter_misc":{"Geschatte leestijd":"2 minuten"},"schema":{"@context":"https:\/\/schema.org","@graph":[{"@type":"WebPage","@id":"https:\/\/www.mmc.nl\/ouderengeneeskunde\/geriatrieteam\/","url":"https:\/\/www.mmc.nl\/ouderengeneeskunde\/geriatrieteam\/","name":"Geriatrieteam \u2013 M\u00e1xima MC","isPartOf":{"@id":"https:\/\/www.mmc.nl\/ouderengeneeskunde\/#website"},"primaryImageOfPage":{"@id":"https:\/\/www.mmc.nl\/ouderengeneeskunde\/geriatrieteam\/#primaryimage"},"image":{"@id":"https:\/\/www.mmc.nl\/ouderengeneeskunde\/geriatrieteam\/#primaryimage"},"thumbnailUrl":"","datePublished":"2017-07-25T11:33:53+00:00","dateModified":"2024-01-22T13:35:38+00:00","description":"Met de intensieve samenwerking van het geriatrieteam met de andere vakgebieden in het ziekenhuis streven we naar specialistische zorg voor de oudere pati\u00ebnt.","breadcrumb":{"@id":"https:\/\/www.mmc.nl\/ouderengeneeskunde\/geriatrieteam\/#breadcrumb"},"inLanguage":"nl-NL","potentialAction":[{"@type":"ReadAction","target":["https:\/\/www.mmc.nl\/ouderengeneeskunde\/geriatrieteam\/"]}]},{"@type":"ImageObject","inLanguage":"nl-NL","@id":"https:\/\/www.mmc.nl\/ouderengeneeskunde\/geriatrieteam\/#primaryimage","url":"","contentUrl":""},{"@type":"BreadcrumbList","@id":"https:\/\/www.mmc.nl\/ouderengeneeskunde\/geriatrieteam\/#breadcrumb","itemListElement":[{"@type":"ListItem","position":1,"name":"Ouderengeneeskunde","item":"https:\/\/www.mmc.nl\/ouderengeneeskunde\/"},{"@type":"ListItem","position":2,"name":"Geriatrieteam"}]},{"@type":"WebSite","@id":"https:\/\/www.mmc.nl\/ouderengeneeskunde\/#website","url":"https:\/\/www.mmc.nl\/ouderengeneeskunde\/","name":"Ouderengeneeskunde","description":"","potentialAction":[{"@type":"SearchAction","target":{"@type":"EntryPoint","urlTemplate":"https:\/\/www.mmc.nl\/ouderengeneeskunde\/?s={search_term_string}"},"query-input":{"@type":"PropertyValueSpecification","valueRequired":true,"valueName":"search_term_string"}}],"inLanguage":"nl-NL"}]}},"_links":{"self":[{"href":"https:\/\/www.mmc.nl\/ouderengeneeskunde\/wp-json\/wp\/v2\/pages\/353","targetHints":{"allow":["GET"]}}],"collection":[{"href":"https:\/\/www.mmc.nl\/ouderengeneeskunde\/wp-json\/wp\/v2\/pages"}],"about":[{"href":"https:\/\/www.mmc.nl\/ouderengeneeskunde\/wp-json\/wp\/v2\/types\/page"}],"author":[{"embeddable":true,"href":"https:\/\/www.mmc.nl\/ouderengeneeskunde\/wp-json\/wp\/v2\/users\/1"}],"replies":[{"embeddable":true,"href":"https:\/\/www.mmc.nl\/ouderengeneeskunde\/wp-json\/wp\/v2\/comments?post=353"}],"version-history":[{"count":30,"href":"https:\/\/www.mmc.nl\/ouderengeneeskunde\/wp-json\/wp\/v2\/pages\/353\/revisions"}],"predecessor-version":[{"id":2261,"href":"https:\/\/www.mmc.nl\/ouderengeneeskunde\/wp-json\/wp\/v2\/pages\/353\/revisions\/2261"}],"wp:featuredmedia":[{"embeddable":true,"href":"https:\/\/www.mmc.nl\/ouderengeneeskunde\/wp-json\/"}],"wp:attachment":[{"href":"https:\/\/www.mmc.nl\/ouderengeneeskunde\/wp-json\/wp\/v2\/media?parent=353"}],"wp:term":[{"taxonomy":"post_tag","embeddable":true,"href":"https:\/\/www.mmc.nl\/ouderengeneeskunde\/wp-json\/wp\/v2\/tags?post=353"}],"curies":[{"name":"wp","href":"https:\/\/api.w.org\/{rel}","templated":true}]}}