{"id":659,"date":"2017-09-01T11:43:05","date_gmt":"2017-09-01T09:43:05","guid":{"rendered":"https:\/\/www.mmc.nl\/paramax\/?page_id=659"},"modified":"2017-09-01T11:43:05","modified_gmt":"2017-09-01T09:43:05","slug":"hulpmiddelen","status":"publish","type":"page","link":"https:\/\/www.mmc.nl\/paramax\/hulpmiddelen\/","title":{"rendered":"Hulpmiddelen"},"content":{"rendered":"<p><strong>Op de polikliniek ParaM\u00e1x zijn diverse hulpmiddelen aanwezig, waarmee u kunt oefenen. Op deze manier kunt u uitproberen welke hulpmiddelen u prettig vindt voor gebruik in het dagelijks leven. De ergotherapeut begeleidt u hierbij.<\/strong><\/p>\n<p>Er zijn meerdere hulpmiddelen en werkmethoden mogelijk. Onderstaande adviezen zijn voorbeelden.<\/p>\n<ul>\n<li><strong>Kleedstokje<\/strong><br \/>\nDit plastic buisje biedt hulp bij aan- en uitkleden. Aan het ene uiteinde zit een antislipdopje en het andere uiteinde heeft een platte kant.<\/li>\n<li><strong>Kousenaantrekker<\/strong><br \/>\nEen flexibel gootje van kunststof waaraan twee katoenen linten bevestigd zijn.<\/li>\n<li><strong>Elastische veters<\/strong><br \/>\nMet behulp hiervan maakt u van een veterschoen een soort instapper. De veters hoeven niet steeds opnieuw gestrikt te worden. Te koop bij een schoenreparateur.<\/li>\n<li><strong>Lange schoenlepel<\/strong><br \/>\nHet ene uiteinde is uitgehold naar de vorm van de hiel en het andere uiteinde is omgebogen tot een haak.<\/li>\n<li><strong>Grijper<\/strong><br \/>\nSoort tang die met \u00e9\u00e9n hand te bedienen is en is voorzien van een magneetje.<\/li>\n<\/ul>\n","protected":false},"excerpt":{"rendered":"<p>Op de polikliniek ParaM\u00e1x zijn diverse hulpmiddelen aanwezig, waarmee u kunt oefenen. Op deze manier kunt u uitproberen welke hulpmiddelen u prettig vindt voor gebruik in het dagelijks leven. De ergotherapeut begeleidt u hierbij. Er zijn meerdere hulpmiddelen en werkmethoden mogelijk. Onderstaande adviezen zijn voorbeelden. Kleedstokje Dit plastic buisje biedt hulp bij aan- en uitkleden. [&hellip;]<\/p>\n","protected":false},"author":4,"featured_media":1,"parent":0,"menu_order":0,"comment_status":"closed","ping_status":"closed","template":"","meta":{"_acf_changed":false,"ep_exclude_from_search":false,"footnotes":""},"tags":[],"class_list":["post-659","page","type-page","status-publish","has-post-thumbnail","hentry"],"acf":[],"yoast_head":"<!-- This site is optimized with the Yoast SEO Premium plugin v27.3 (Yoast SEO v27.3) - https:\/\/yoast.com\/product\/yoast-seo-premium-wordpress\/ -->\n<title>Hulpmiddelen - ParaM\u00e1x - M\u00e1xima MC<\/title>\n<meta name=\"description\" content=\"Op de polikliniek ParaM\u00e1x zijn diverse hulpmiddelen aanwezig, waarmee u kunt oefenen. Op deze manier kunt u uitproberen welke hulpmiddelen u prettig vindt voor gebruik in het dagelijks leven. De ergotherapeut begeleidt u hierbij.\" \/>\n<meta name=\"robots\" content=\"index, follow, max-snippet:-1, max-image-preview:large, max-video-preview:-1\" \/>\n<link rel=\"canonical\" href=\"https:\/\/www.mmc.nl\/paramax\/hulpmiddelen\/\" \/>\n<meta property=\"og:locale\" content=\"nl_NL\" \/>\n<meta property=\"og:type\" content=\"article\" \/>\n<meta property=\"og:title\" content=\"Hulpmiddelen\" \/>\n<meta property=\"og:description\" content=\"Op de polikliniek ParaM\u00e1x zijn diverse hulpmiddelen aanwezig, waarmee u kunt oefenen. Op deze manier kunt u uitproberen welke hulpmiddelen u prettig vindt voor gebruik in het dagelijks leven. De ergotherapeut begeleidt u hierbij.\" \/>\n<meta property=\"og:url\" content=\"https:\/\/www.mmc.nl\/paramax\/hulpmiddelen\/\" \/>\n<meta property=\"og:site_name\" content=\"ParaM\u00e1x\" \/>\n<meta name=\"twitter:card\" content=\"summary_large_image\" \/>\n<meta name=\"twitter:label1\" content=\"Geschatte leestijd\" \/>\n\t<meta name=\"twitter:data1\" content=\"1 minuut\" \/>\n<script type=\"application\/ld+json\" class=\"yoast-schema-graph\">{\"@context\":\"https:\\\/\\\/schema.org\",\"@graph\":[{\"@type\":\"WebPage\",\"@id\":\"https:\\\/\\\/www.mmc.nl\\\/paramax\\\/hulpmiddelen\\\/\",\"url\":\"https:\\\/\\\/www.mmc.nl\\\/paramax\\\/hulpmiddelen\\\/\",\"name\":\"Hulpmiddelen - ParaM\u00e1x - M\u00e1xima MC\",\"isPartOf\":{\"@id\":\"https:\\\/\\\/www.mmc.nl\\\/paramax\\\/#website\"},\"primaryImageOfPage\":{\"@id\":\"https:\\\/\\\/www.mmc.nl\\\/paramax\\\/hulpmiddelen\\\/#primaryimage\"},\"image\":{\"@id\":\"https:\\\/\\\/www.mmc.nl\\\/paramax\\\/hulpmiddelen\\\/#primaryimage\"},\"thumbnailUrl\":\"\",\"datePublished\":\"2017-09-01T09:43:05+00:00\",\"description\":\"Op de polikliniek ParaM\u00e1x zijn diverse hulpmiddelen aanwezig, waarmee u kunt oefenen. Op deze manier kunt u uitproberen welke hulpmiddelen u prettig vindt voor gebruik in het dagelijks leven. De ergotherapeut begeleidt u hierbij.\",\"breadcrumb\":{\"@id\":\"https:\\\/\\\/www.mmc.nl\\\/paramax\\\/hulpmiddelen\\\/#breadcrumb\"},\"inLanguage\":\"nl-NL\",\"potentialAction\":[{\"@type\":\"ReadAction\",\"target\":[\"https:\\\/\\\/www.mmc.nl\\\/paramax\\\/hulpmiddelen\\\/\"]}]},{\"@type\":\"ImageObject\",\"inLanguage\":\"nl-NL\",\"@id\":\"https:\\\/\\\/www.mmc.nl\\\/paramax\\\/hulpmiddelen\\\/#primaryimage\",\"url\":\"\",\"contentUrl\":\"\"},{\"@type\":\"BreadcrumbList\",\"@id\":\"https:\\\/\\\/www.mmc.nl\\\/paramax\\\/hulpmiddelen\\\/#breadcrumb\",\"itemListElement\":[{\"@type\":\"ListItem\",\"position\":1,\"name\":\"ParaM\u00e1x\",\"item\":\"https:\\\/\\\/www.mmc.nl\\\/paramax\\\/\"},{\"@type\":\"ListItem\",\"position\":2,\"name\":\"Hulpmiddelen\"}]},{\"@type\":\"WebSite\",\"@id\":\"https:\\\/\\\/www.mmc.nl\\\/paramax\\\/#website\",\"url\":\"https:\\\/\\\/www.mmc.nl\\\/paramax\\\/\",\"name\":\"ParaM\u00e1x\",\"description\":\"\",\"potentialAction\":[{\"@type\":\"SearchAction\",\"target\":{\"@type\":\"EntryPoint\",\"urlTemplate\":\"https:\\\/\\\/www.mmc.nl\\\/paramax\\\/?s={search_term_string}\"},\"query-input\":{\"@type\":\"PropertyValueSpecification\",\"valueRequired\":true,\"valueName\":\"search_term_string\"}}],\"inLanguage\":\"nl-NL\"}]}<\/script>\n<!-- \/ Yoast SEO Premium plugin. -->","yoast_head_json":{"title":"Hulpmiddelen - ParaM\u00e1x - M\u00e1xima MC","description":"Op de polikliniek ParaM\u00e1x zijn diverse hulpmiddelen aanwezig, waarmee u kunt oefenen. Op deze manier kunt u uitproberen welke hulpmiddelen u prettig vindt voor gebruik in het dagelijks leven. De ergotherapeut begeleidt u hierbij.","robots":{"index":"index","follow":"follow","max-snippet":"max-snippet:-1","max-image-preview":"max-image-preview:large","max-video-preview":"max-video-preview:-1"},"canonical":"https:\/\/www.mmc.nl\/paramax\/hulpmiddelen\/","og_locale":"nl_NL","og_type":"article","og_title":"Hulpmiddelen","og_description":"Op de polikliniek ParaM\u00e1x zijn diverse hulpmiddelen aanwezig, waarmee u kunt oefenen. Op deze manier kunt u uitproberen welke hulpmiddelen u prettig vindt voor gebruik in het dagelijks leven. De ergotherapeut begeleidt u hierbij.","og_url":"https:\/\/www.mmc.nl\/paramax\/hulpmiddelen\/","og_site_name":"ParaM\u00e1x","twitter_card":"summary_large_image","twitter_misc":{"Geschatte leestijd":"1 minuut"},"schema":{"@context":"https:\/\/schema.org","@graph":[{"@type":"WebPage","@id":"https:\/\/www.mmc.nl\/paramax\/hulpmiddelen\/","url":"https:\/\/www.mmc.nl\/paramax\/hulpmiddelen\/","name":"Hulpmiddelen - ParaM\u00e1x - M\u00e1xima MC","isPartOf":{"@id":"https:\/\/www.mmc.nl\/paramax\/#website"},"primaryImageOfPage":{"@id":"https:\/\/www.mmc.nl\/paramax\/hulpmiddelen\/#primaryimage"},"image":{"@id":"https:\/\/www.mmc.nl\/paramax\/hulpmiddelen\/#primaryimage"},"thumbnailUrl":"","datePublished":"2017-09-01T09:43:05+00:00","description":"Op de polikliniek ParaM\u00e1x zijn diverse hulpmiddelen aanwezig, waarmee u kunt oefenen. Op deze manier kunt u uitproberen welke hulpmiddelen u prettig vindt voor gebruik in het dagelijks leven. De ergotherapeut begeleidt u hierbij.","breadcrumb":{"@id":"https:\/\/www.mmc.nl\/paramax\/hulpmiddelen\/#breadcrumb"},"inLanguage":"nl-NL","potentialAction":[{"@type":"ReadAction","target":["https:\/\/www.mmc.nl\/paramax\/hulpmiddelen\/"]}]},{"@type":"ImageObject","inLanguage":"nl-NL","@id":"https:\/\/www.mmc.nl\/paramax\/hulpmiddelen\/#primaryimage","url":"","contentUrl":""},{"@type":"BreadcrumbList","@id":"https:\/\/www.mmc.nl\/paramax\/hulpmiddelen\/#breadcrumb","itemListElement":[{"@type":"ListItem","position":1,"name":"ParaM\u00e1x","item":"https:\/\/www.mmc.nl\/paramax\/"},{"@type":"ListItem","position":2,"name":"Hulpmiddelen"}]},{"@type":"WebSite","@id":"https:\/\/www.mmc.nl\/paramax\/#website","url":"https:\/\/www.mmc.nl\/paramax\/","name":"ParaM\u00e1x","description":"","potentialAction":[{"@type":"SearchAction","target":{"@type":"EntryPoint","urlTemplate":"https:\/\/www.mmc.nl\/paramax\/?s={search_term_string}"},"query-input":{"@type":"PropertyValueSpecification","valueRequired":true,"valueName":"search_term_string"}}],"inLanguage":"nl-NL"}]}},"_links":{"self":[{"href":"https:\/\/www.mmc.nl\/paramax\/wp-json\/wp\/v2\/pages\/659","targetHints":{"allow":["GET"]}}],"collection":[{"href":"https:\/\/www.mmc.nl\/paramax\/wp-json\/wp\/v2\/pages"}],"about":[{"href":"https:\/\/www.mmc.nl\/paramax\/wp-json\/wp\/v2\/types\/page"}],"author":[{"embeddable":true,"href":"https:\/\/www.mmc.nl\/paramax\/wp-json\/wp\/v2\/users\/4"}],"replies":[{"embeddable":true,"href":"https:\/\/www.mmc.nl\/paramax\/wp-json\/wp\/v2\/comments?post=659"}],"version-history":[{"count":2,"href":"https:\/\/www.mmc.nl\/paramax\/wp-json\/wp\/v2\/pages\/659\/revisions"}],"predecessor-version":[{"id":665,"href":"https:\/\/www.mmc.nl\/paramax\/wp-json\/wp\/v2\/pages\/659\/revisions\/665"}],"wp:featuredmedia":[{"embeddable":true,"href":"https:\/\/www.mmc.nl\/paramax\/wp-json\/"}],"wp:attachment":[{"href":"https:\/\/www.mmc.nl\/paramax\/wp-json\/wp\/v2\/media?parent=659"}],"wp:term":[{"taxonomy":"post_tag","embeddable":true,"href":"https:\/\/www.mmc.nl\/paramax\/wp-json\/wp\/v2\/tags?post=659"}],"curies":[{"name":"wp","href":"https:\/\/api.w.org\/{rel}","templated":true}]}}