{"id":666,"date":"2017-09-01T12:12:48","date_gmt":"2017-09-01T10:12:48","guid":{"rendered":"https:\/\/www.mmc.nl\/paramax\/?page_id=666"},"modified":"2023-10-26T14:30:58","modified_gmt":"2023-10-26T12:30:58","slug":"over-paramax","status":"publish","type":"page","link":"https:\/\/www.mmc.nl\/paramax\/over-paramax\/","title":{"rendered":"Over ParaM\u00e1x"},"content":{"rendered":"<p><strong>ParaM\u00e1x is het expertisecentrum van M\u00e1xima MC voor paramedische zorg. Daaronder valt de zorg op het gebied van fysiotherapie, di\u00ebtetiek, logopedie en ergotherapie.<\/strong><\/p>\n<p>Binnen ParaM\u00e1x zijn we gericht op het verminderen van de gevolgen van een ziekte of aandoening, zoals <a href=\"https:\/\/www.mmc.nl\/obesitascentrum\/\">obesitas <\/a>of <a href=\"https:\/\/www.mmc.nl\/paramax\/aandoening-en-behandeling\/spraakproblemen\/\">spraakproblemen<\/a>. We helpen pati\u00ebnten om hun mogelijkheden zoveel mogelijk te benutten. Het team van ParaM\u00e1x biedt zorg tijdens uw opname \u00e9n daarna. Als nabehandelaar hebben we veel ervaring met de meer gecompliceerde behandelingen. Hiervoor verwijzen specialisten en lokale zorgverleners, zoals huisartsen en fysiotherapeuten, regelmatig naar ons door. Als expertisecentrum is ParaM\u00e1x daarom de schakel tussen de pati\u00ebnt, de lokale zorgverlener en het ziekenhuis.<\/p>\n","protected":false},"excerpt":{"rendered":"<p>ParaM\u00e1x is het expertisecentrum van M\u00e1xima MC voor paramedische zorg. Daaronder valt de zorg op het gebied van fysiotherapie, di\u00ebtetiek, logopedie en ergotherapie. Binnen ParaM\u00e1x zijn we gericht op het verminderen van de gevolgen van een ziekte of aandoening, zoals obesitas of spraakproblemen. We helpen pati\u00ebnten om hun mogelijkheden zoveel mogelijk te benutten. Het team [&hellip;]<\/p>\n","protected":false},"author":4,"featured_media":1,"parent":0,"menu_order":0,"comment_status":"closed","ping_status":"closed","template":"page.php","meta":{"_acf_changed":false,"ep_exclude_from_search":false,"footnotes":""},"tags":[18,19,21,14,20,17,5,6,16,15],"class_list":["post-666","page","type-page","status-publish","has-post-thumbnail","hentry","tag-dietetiek","tag-dietist","tag-ergotherapeut","tag-ergotherapie","tag-fysiotherapeut","tag-fysiotherapie","tag-logopedie","tag-logopedist","tag-paramax","tag-paramedische-zorg"],"acf":[],"yoast_head":"<!-- This site is optimized with the Yoast SEO Premium plugin v27.1 (Yoast SEO v27.1.1) - https:\/\/yoast.com\/product\/yoast-seo-premium-wordpress\/ -->\n<title>Over ParaM\u00e1x - M\u00e1xima MC<\/title>\n<meta name=\"description\" content=\"ParaM\u00e1x is het expertisecentrum van MMC voor paramedische zorg. Daaronder valt: fysiotherapie, di\u00ebtetiek, logopedie en ergotherapie.\" \/>\n<meta name=\"robots\" content=\"index, follow, max-snippet:-1, max-image-preview:large, max-video-preview:-1\" \/>\n<link rel=\"canonical\" href=\"https:\/\/www.mmc.nl\/paramax\/over-paramax\/\" \/>\n<meta property=\"og:locale\" content=\"nl_NL\" \/>\n<meta property=\"og:type\" content=\"article\" \/>\n<meta property=\"og:title\" content=\"Over ParaM\u00e1x\" \/>\n<meta property=\"og:description\" content=\"ParaM\u00e1x is het expertisecentrum van MMC voor paramedische zorg. Daaronder valt: fysiotherapie, di\u00ebtetiek, logopedie en ergotherapie.\" \/>\n<meta property=\"og:url\" content=\"https:\/\/www.mmc.nl\/paramax\/over-paramax\/\" \/>\n<meta property=\"og:site_name\" content=\"ParaM\u00e1x\" \/>\n<meta property=\"article:modified_time\" content=\"2023-10-26T12:30:58+00:00\" \/>\n<meta name=\"twitter:card\" content=\"summary_large_image\" \/>\n<meta name=\"twitter:label1\" content=\"Geschatte leestijd\" \/>\n\t<meta name=\"twitter:data1\" content=\"1 minuut\" \/>\n<script type=\"application\/ld+json\" class=\"yoast-schema-graph\">{\"@context\":\"https:\/\/schema.org\",\"@graph\":[{\"@type\":\"WebPage\",\"@id\":\"https:\/\/www.mmc.nl\/paramax\/over-paramax\/\",\"url\":\"https:\/\/www.mmc.nl\/paramax\/over-paramax\/\",\"name\":\"Over ParaM\u00e1x - M\u00e1xima MC\",\"isPartOf\":{\"@id\":\"https:\/\/www.mmc.nl\/paramax\/#website\"},\"primaryImageOfPage\":{\"@id\":\"https:\/\/www.mmc.nl\/paramax\/over-paramax\/#primaryimage\"},\"image\":{\"@id\":\"https:\/\/www.mmc.nl\/paramax\/over-paramax\/#primaryimage\"},\"thumbnailUrl\":\"\",\"datePublished\":\"2017-09-01T10:12:48+00:00\",\"dateModified\":\"2023-10-26T12:30:58+00:00\",\"description\":\"ParaM\u00e1x is het expertisecentrum van MMC voor paramedische zorg. Daaronder valt: fysiotherapie, di\u00ebtetiek, logopedie en ergotherapie.\",\"breadcrumb\":{\"@id\":\"https:\/\/www.mmc.nl\/paramax\/over-paramax\/#breadcrumb\"},\"inLanguage\":\"nl-NL\",\"potentialAction\":[{\"@type\":\"ReadAction\",\"target\":[\"https:\/\/www.mmc.nl\/paramax\/over-paramax\/\"]}]},{\"@type\":\"ImageObject\",\"inLanguage\":\"nl-NL\",\"@id\":\"https:\/\/www.mmc.nl\/paramax\/over-paramax\/#primaryimage\",\"url\":\"\",\"contentUrl\":\"\"},{\"@type\":\"BreadcrumbList\",\"@id\":\"https:\/\/www.mmc.nl\/paramax\/over-paramax\/#breadcrumb\",\"itemListElement\":[{\"@type\":\"ListItem\",\"position\":1,\"name\":\"ParaM\u00e1x\",\"item\":\"https:\/\/www.mmc.nl\/paramax\/\"},{\"@type\":\"ListItem\",\"position\":2,\"name\":\"Over ParaM\u00e1x\"}]},{\"@type\":\"WebSite\",\"@id\":\"https:\/\/www.mmc.nl\/paramax\/#website\",\"url\":\"https:\/\/www.mmc.nl\/paramax\/\",\"name\":\"ParaM\u00e1x\",\"description\":\"\",\"potentialAction\":[{\"@type\":\"SearchAction\",\"target\":{\"@type\":\"EntryPoint\",\"urlTemplate\":\"https:\/\/www.mmc.nl\/paramax\/?s={search_term_string}\"},\"query-input\":{\"@type\":\"PropertyValueSpecification\",\"valueRequired\":true,\"valueName\":\"search_term_string\"}}],\"inLanguage\":\"nl-NL\"}]}<\/script>\n<!-- \/ Yoast SEO Premium plugin. -->","yoast_head_json":{"title":"Over ParaM\u00e1x - M\u00e1xima MC","description":"ParaM\u00e1x is het expertisecentrum van MMC voor paramedische zorg. Daaronder valt: fysiotherapie, di\u00ebtetiek, logopedie en ergotherapie.","robots":{"index":"index","follow":"follow","max-snippet":"max-snippet:-1","max-image-preview":"max-image-preview:large","max-video-preview":"max-video-preview:-1"},"canonical":"https:\/\/www.mmc.nl\/paramax\/over-paramax\/","og_locale":"nl_NL","og_type":"article","og_title":"Over ParaM\u00e1x","og_description":"ParaM\u00e1x is het expertisecentrum van MMC voor paramedische zorg. Daaronder valt: fysiotherapie, di\u00ebtetiek, logopedie en ergotherapie.","og_url":"https:\/\/www.mmc.nl\/paramax\/over-paramax\/","og_site_name":"ParaM\u00e1x","article_modified_time":"2023-10-26T12:30:58+00:00","twitter_card":"summary_large_image","twitter_misc":{"Geschatte leestijd":"1 minuut"},"schema":{"@context":"https:\/\/schema.org","@graph":[{"@type":"WebPage","@id":"https:\/\/www.mmc.nl\/paramax\/over-paramax\/","url":"https:\/\/www.mmc.nl\/paramax\/over-paramax\/","name":"Over ParaM\u00e1x - M\u00e1xima MC","isPartOf":{"@id":"https:\/\/www.mmc.nl\/paramax\/#website"},"primaryImageOfPage":{"@id":"https:\/\/www.mmc.nl\/paramax\/over-paramax\/#primaryimage"},"image":{"@id":"https:\/\/www.mmc.nl\/paramax\/over-paramax\/#primaryimage"},"thumbnailUrl":"","datePublished":"2017-09-01T10:12:48+00:00","dateModified":"2023-10-26T12:30:58+00:00","description":"ParaM\u00e1x is het expertisecentrum van MMC voor paramedische zorg. Daaronder valt: fysiotherapie, di\u00ebtetiek, logopedie en ergotherapie.","breadcrumb":{"@id":"https:\/\/www.mmc.nl\/paramax\/over-paramax\/#breadcrumb"},"inLanguage":"nl-NL","potentialAction":[{"@type":"ReadAction","target":["https:\/\/www.mmc.nl\/paramax\/over-paramax\/"]}]},{"@type":"ImageObject","inLanguage":"nl-NL","@id":"https:\/\/www.mmc.nl\/paramax\/over-paramax\/#primaryimage","url":"","contentUrl":""},{"@type":"BreadcrumbList","@id":"https:\/\/www.mmc.nl\/paramax\/over-paramax\/#breadcrumb","itemListElement":[{"@type":"ListItem","position":1,"name":"ParaM\u00e1x","item":"https:\/\/www.mmc.nl\/paramax\/"},{"@type":"ListItem","position":2,"name":"Over ParaM\u00e1x"}]},{"@type":"WebSite","@id":"https:\/\/www.mmc.nl\/paramax\/#website","url":"https:\/\/www.mmc.nl\/paramax\/","name":"ParaM\u00e1x","description":"","potentialAction":[{"@type":"SearchAction","target":{"@type":"EntryPoint","urlTemplate":"https:\/\/www.mmc.nl\/paramax\/?s={search_term_string}"},"query-input":{"@type":"PropertyValueSpecification","valueRequired":true,"valueName":"search_term_string"}}],"inLanguage":"nl-NL"}]}},"_links":{"self":[{"href":"https:\/\/www.mmc.nl\/paramax\/wp-json\/wp\/v2\/pages\/666","targetHints":{"allow":["GET"]}}],"collection":[{"href":"https:\/\/www.mmc.nl\/paramax\/wp-json\/wp\/v2\/pages"}],"about":[{"href":"https:\/\/www.mmc.nl\/paramax\/wp-json\/wp\/v2\/types\/page"}],"author":[{"embeddable":true,"href":"https:\/\/www.mmc.nl\/paramax\/wp-json\/wp\/v2\/users\/4"}],"replies":[{"embeddable":true,"href":"https:\/\/www.mmc.nl\/paramax\/wp-json\/wp\/v2\/comments?post=666"}],"version-history":[{"count":11,"href":"https:\/\/www.mmc.nl\/paramax\/wp-json\/wp\/v2\/pages\/666\/revisions"}],"predecessor-version":[{"id":2090,"href":"https:\/\/www.mmc.nl\/paramax\/wp-json\/wp\/v2\/pages\/666\/revisions\/2090"}],"wp:featuredmedia":[{"embeddable":true,"href":"https:\/\/www.mmc.nl\/paramax\/wp-json\/"}],"wp:attachment":[{"href":"https:\/\/www.mmc.nl\/paramax\/wp-json\/wp\/v2\/media?parent=666"}],"wp:term":[{"taxonomy":"post_tag","embeddable":true,"href":"https:\/\/www.mmc.nl\/paramax\/wp-json\/wp\/v2\/tags?post=666"}],"curies":[{"name":"wp","href":"https:\/\/api.w.org\/{rel}","templated":true}]}}