{"id":384,"date":"2017-08-03T10:20:17","date_gmt":"2017-08-03T08:20:17","guid":{"rendered":"https:\/\/www.mmc.nl\/regionaalreumacentrum\/?page_id=384"},"modified":"2026-03-12T13:43:03","modified_gmt":"2026-03-12T12:43:03","slug":"over-het-regionaal-reumacentrum","status":"publish","type":"page","link":"https:\/\/www.mmc.nl\/regionaalreumacentrum\/over-het-regionaal-reumacentrum\/","title":{"rendered":"Over het Regionaal Reumacentrum"},"content":{"rendered":"<h3>Over onze afdeling Reumatologie<\/h3>\n<p>Reumatologie is het vakgebied dat zich bezighoudt met klachten aan het bewegingsapparaat. Denk aan pijn of ontstekingen in gewrichten, spieren, pezen en botten.<\/p>\n<p>Ons team bestaat uit <a href=\"https:\/\/www.mmc.nl\/regionaalreumacentrum\/specialisten\/\">6 reumatologen<\/a>, 3\u00a0<a href=\"https:\/\/www.mmc.nl\/regionaalreumacentrum\/physician-assistant\/\">Physician Assistants (PA\u2019s)<\/a> P en 1 <a href=\"https:\/\/www.mmc.nl\/regionaalreumacentrum\/verpleegkundig-reumaconsulent\/\">verpleegkundig specialist.<\/a><\/p>\n<p>De polikliniek is alleen op M\u00e1xima MC Eindhoven (route 97).<\/p>\n<p>Binnen het Regionaal Reumacentrum (RRC) behandelen wij alle soorten reuma. Daarnaast is ons centrum erkend als STZ-expertisecentrum voor regionale zorg systeemziekten. Dat betekent dat we veel kennis hebben van complexe reumaziekten zoals SLE, Sj\u00f6gren en Sclerodermie en samenwerken met andere specialisten. En we\u00a0hebben een gespecialiseerde poli voor jicht, zodat pati\u00ebnten snel en deskundig geholpen worden.<\/p>\n<p>Het Regionaal Systeemziektencentrum van M\u00e1xima Medisch Centrum (MMC) is h\u00e9t expertisecentrum voor pati\u00ebnten met (een vermoeden van) een systeemziekte in de regio Groot\u2011Eindhoven dan wel Brainport regio. Systeemziekten zijn zeldzame, vaak complexe auto\u2011immuunziekten waarbij meerdere organen tegelijk ontstoken kunnen raken. Voorbeelden zijn ystemische lupus erythematodes, systemische sclerose, vasculitis, myositis, sj\u00f6gren, pyoderma gangrenosum en het antifosfolipidensyndroom. Deze aandoeningen komen meestal voor bij slechts 1 tot 50 mensen per 100.000 inwoners, waardoor gespecialiseerde zorg essentieel is.<\/p>\n<p>Jaarlijks worden in het MMC honderden pati\u00ebnten met systeemziekten behandeld door een multidisciplinair team van reumatologen, klinisch immunologen, longartsen, dermatologen en klinisch chemici. Omdat systeemziekten meerdere organen kunnen aantasten \u2014 zoals longen, nieren, huid, zenuwstelsel of bloedvaten \u2014 werken deze specialisten intensief samen. Door deze samenwerking kunnen we pati\u00ebnten snel diagnosticeren en de juiste behandeling starten.<\/p>\n<p>Het Regionaal Systeemziektencentrum heeft een STZ\u2011topklinische erkenning, wat betekent dat we voldoen aan strenge eisen op het gebied van gespecialiseerde zorg, wetenschappelijk onderzoek, innovatie en kennisoverdracht. We werken nauw samen met academische ziekenhuizen in Nederland, zodat pati\u00ebnten in onze regio toegang hebben tot de best mogelijke zorg, zonder altijd naar een universitair centrum te hoeven reizen.<\/p>\n<p>Ons doel is helder: snelle herkenning, duidelijke uitleg en hoogwaardige behandeling, zodat pati\u00ebnten met een (mogelijke) systeemziekte zich gesteund en gehoord voelen \u2014 vanaf het eerste onderzoek tot langdurige begeleiding.<\/p>\n<p class=\"p2\" style=\"margin: 0cm 0cm 9.0pt 0cm;\">\n","protected":false},"excerpt":{"rendered":"<p>Over onze afdeling Reumatologie Reumatologie is het vakgebied dat zich bezighoudt met klachten aan het bewegingsapparaat. Denk aan pijn of ontstekingen in gewrichten, spieren, pezen en botten. Ons team bestaat uit 6 reumatologen, 3\u00a0Physician Assistants (PA\u2019s) P en 1 verpleegkundig specialist. De polikliniek is alleen op M\u00e1xima MC Eindhoven (route 97). Binnen het Regionaal Reumacentrum [&hellip;]<\/p>\n","protected":false},"author":1,"featured_media":1,"parent":0,"menu_order":0,"comment_status":"closed","ping_status":"closed","template":"page.php","meta":{"_acf_changed":false,"ep_exclude_from_search":false,"footnotes":""},"tags":[153,71,156,154,155],"class_list":["post-384","page","type-page","status-publish","has-post-thumbnail","hentry","tag-regionaal-reumacentrum","tag-reuma","tag-reumacentrum","tag-reumatologie","tag-reumazorg"],"acf":[],"yoast_head":"<!-- This site is optimized with the Yoast SEO Premium plugin v27.3 (Yoast SEO v27.3) - https:\/\/yoast.com\/product\/yoast-seo-premium-wordpress\/ -->\n<title>Over het Regionaal Reumacentrum - M\u00e1xima MC<\/title>\n<meta name=\"description\" content=\"Reumatologie is het vakgebied waarbinnen klachten aan het bewegingsapparaat (gewrichten, spieren, pezen en botten) behandeld worden. Binnen MMC, locatie Eindhoven zijn zeven reumatologen werkzaam in het Regionaal Reumacentrum.\" \/>\n<meta name=\"robots\" content=\"index, follow, max-snippet:-1, max-image-preview:large, max-video-preview:-1\" \/>\n<link rel=\"canonical\" href=\"https:\/\/www.mmc.nl\/regionaalreumacentrum\/over-het-regionaal-reumacentrum\/\" \/>\n<meta property=\"og:locale\" content=\"nl_NL\" \/>\n<meta property=\"og:type\" content=\"article\" \/>\n<meta property=\"og:title\" content=\"Over het Regionaal Reumacentrum\" \/>\n<meta property=\"og:description\" content=\"Reumatologie is het vakgebied waarbinnen klachten aan het bewegingsapparaat (gewrichten, spieren, pezen en botten) behandeld worden. Binnen MMC, locatie Eindhoven zijn zeven reumatologen werkzaam in het Regionaal Reumacentrum.\" \/>\n<meta property=\"og:url\" content=\"https:\/\/www.mmc.nl\/regionaalreumacentrum\/over-het-regionaal-reumacentrum\/\" \/>\n<meta property=\"og:site_name\" content=\"Regionaal Reumacentrum\" \/>\n<meta property=\"article:modified_time\" content=\"2026-03-12T12:43:03+00:00\" \/>\n<meta name=\"twitter:card\" content=\"summary_large_image\" \/>\n<meta name=\"twitter:label1\" content=\"Geschatte leestijd\" \/>\n\t<meta name=\"twitter:data1\" content=\"2 minuten\" \/>\n<script type=\"application\/ld+json\" class=\"yoast-schema-graph\">{\"@context\":\"https:\\\/\\\/schema.org\",\"@graph\":[{\"@type\":\"WebPage\",\"@id\":\"https:\\\/\\\/www.mmc.nl\\\/regionaalreumacentrum\\\/over-het-regionaal-reumacentrum\\\/\",\"url\":\"https:\\\/\\\/www.mmc.nl\\\/regionaalreumacentrum\\\/over-het-regionaal-reumacentrum\\\/\",\"name\":\"Over het Regionaal Reumacentrum - M\u00e1xima MC\",\"isPartOf\":{\"@id\":\"https:\\\/\\\/www.mmc.nl\\\/regionaalreumacentrum\\\/#website\"},\"primaryImageOfPage\":{\"@id\":\"https:\\\/\\\/www.mmc.nl\\\/regionaalreumacentrum\\\/over-het-regionaal-reumacentrum\\\/#primaryimage\"},\"image\":{\"@id\":\"https:\\\/\\\/www.mmc.nl\\\/regionaalreumacentrum\\\/over-het-regionaal-reumacentrum\\\/#primaryimage\"},\"thumbnailUrl\":\"\",\"datePublished\":\"2017-08-03T08:20:17+00:00\",\"dateModified\":\"2026-03-12T12:43:03+00:00\",\"description\":\"Reumatologie is het vakgebied waarbinnen klachten aan het bewegingsapparaat (gewrichten, spieren, pezen en botten) behandeld worden. Binnen MMC, locatie Eindhoven zijn zeven reumatologen werkzaam in het Regionaal Reumacentrum.\",\"breadcrumb\":{\"@id\":\"https:\\\/\\\/www.mmc.nl\\\/regionaalreumacentrum\\\/over-het-regionaal-reumacentrum\\\/#breadcrumb\"},\"inLanguage\":\"nl-NL\",\"potentialAction\":[{\"@type\":\"ReadAction\",\"target\":[\"https:\\\/\\\/www.mmc.nl\\\/regionaalreumacentrum\\\/over-het-regionaal-reumacentrum\\\/\"]}]},{\"@type\":\"ImageObject\",\"inLanguage\":\"nl-NL\",\"@id\":\"https:\\\/\\\/www.mmc.nl\\\/regionaalreumacentrum\\\/over-het-regionaal-reumacentrum\\\/#primaryimage\",\"url\":\"\",\"contentUrl\":\"\"},{\"@type\":\"BreadcrumbList\",\"@id\":\"https:\\\/\\\/www.mmc.nl\\\/regionaalreumacentrum\\\/over-het-regionaal-reumacentrum\\\/#breadcrumb\",\"itemListElement\":[{\"@type\":\"ListItem\",\"position\":1,\"name\":\"Regionaal Reumacentrum\",\"item\":\"https:\\\/\\\/www.mmc.nl\\\/regionaalreumacentrum\\\/\"},{\"@type\":\"ListItem\",\"position\":2,\"name\":\"Over het Regionaal Reumacentrum\"}]},{\"@type\":\"WebSite\",\"@id\":\"https:\\\/\\\/www.mmc.nl\\\/regionaalreumacentrum\\\/#website\",\"url\":\"https:\\\/\\\/www.mmc.nl\\\/regionaalreumacentrum\\\/\",\"name\":\"Regionaal Reumacentrum\",\"description\":\"\",\"potentialAction\":[{\"@type\":\"SearchAction\",\"target\":{\"@type\":\"EntryPoint\",\"urlTemplate\":\"https:\\\/\\\/www.mmc.nl\\\/regionaalreumacentrum\\\/?s={search_term_string}\"},\"query-input\":{\"@type\":\"PropertyValueSpecification\",\"valueRequired\":true,\"valueName\":\"search_term_string\"}}],\"inLanguage\":\"nl-NL\"}]}<\/script>\n<!-- \/ Yoast SEO Premium plugin. -->","yoast_head_json":{"title":"Over het Regionaal Reumacentrum - M\u00e1xima MC","description":"Reumatologie is het vakgebied waarbinnen klachten aan het bewegingsapparaat (gewrichten, spieren, pezen en botten) behandeld worden. Binnen MMC, locatie Eindhoven zijn zeven reumatologen werkzaam in het Regionaal Reumacentrum.","robots":{"index":"index","follow":"follow","max-snippet":"max-snippet:-1","max-image-preview":"max-image-preview:large","max-video-preview":"max-video-preview:-1"},"canonical":"https:\/\/www.mmc.nl\/regionaalreumacentrum\/over-het-regionaal-reumacentrum\/","og_locale":"nl_NL","og_type":"article","og_title":"Over het Regionaal Reumacentrum","og_description":"Reumatologie is het vakgebied waarbinnen klachten aan het bewegingsapparaat (gewrichten, spieren, pezen en botten) behandeld worden. Binnen MMC, locatie Eindhoven zijn zeven reumatologen werkzaam in het Regionaal Reumacentrum.","og_url":"https:\/\/www.mmc.nl\/regionaalreumacentrum\/over-het-regionaal-reumacentrum\/","og_site_name":"Regionaal Reumacentrum","article_modified_time":"2026-03-12T12:43:03+00:00","twitter_card":"summary_large_image","twitter_misc":{"Geschatte leestijd":"2 minuten"},"schema":{"@context":"https:\/\/schema.org","@graph":[{"@type":"WebPage","@id":"https:\/\/www.mmc.nl\/regionaalreumacentrum\/over-het-regionaal-reumacentrum\/","url":"https:\/\/www.mmc.nl\/regionaalreumacentrum\/over-het-regionaal-reumacentrum\/","name":"Over het Regionaal Reumacentrum - M\u00e1xima MC","isPartOf":{"@id":"https:\/\/www.mmc.nl\/regionaalreumacentrum\/#website"},"primaryImageOfPage":{"@id":"https:\/\/www.mmc.nl\/regionaalreumacentrum\/over-het-regionaal-reumacentrum\/#primaryimage"},"image":{"@id":"https:\/\/www.mmc.nl\/regionaalreumacentrum\/over-het-regionaal-reumacentrum\/#primaryimage"},"thumbnailUrl":"","datePublished":"2017-08-03T08:20:17+00:00","dateModified":"2026-03-12T12:43:03+00:00","description":"Reumatologie is het vakgebied waarbinnen klachten aan het bewegingsapparaat (gewrichten, spieren, pezen en botten) behandeld worden. Binnen MMC, locatie Eindhoven zijn zeven reumatologen werkzaam in het Regionaal Reumacentrum.","breadcrumb":{"@id":"https:\/\/www.mmc.nl\/regionaalreumacentrum\/over-het-regionaal-reumacentrum\/#breadcrumb"},"inLanguage":"nl-NL","potentialAction":[{"@type":"ReadAction","target":["https:\/\/www.mmc.nl\/regionaalreumacentrum\/over-het-regionaal-reumacentrum\/"]}]},{"@type":"ImageObject","inLanguage":"nl-NL","@id":"https:\/\/www.mmc.nl\/regionaalreumacentrum\/over-het-regionaal-reumacentrum\/#primaryimage","url":"","contentUrl":""},{"@type":"BreadcrumbList","@id":"https:\/\/www.mmc.nl\/regionaalreumacentrum\/over-het-regionaal-reumacentrum\/#breadcrumb","itemListElement":[{"@type":"ListItem","position":1,"name":"Regionaal Reumacentrum","item":"https:\/\/www.mmc.nl\/regionaalreumacentrum\/"},{"@type":"ListItem","position":2,"name":"Over het Regionaal Reumacentrum"}]},{"@type":"WebSite","@id":"https:\/\/www.mmc.nl\/regionaalreumacentrum\/#website","url":"https:\/\/www.mmc.nl\/regionaalreumacentrum\/","name":"Regionaal Reumacentrum","description":"","potentialAction":[{"@type":"SearchAction","target":{"@type":"EntryPoint","urlTemplate":"https:\/\/www.mmc.nl\/regionaalreumacentrum\/?s={search_term_string}"},"query-input":{"@type":"PropertyValueSpecification","valueRequired":true,"valueName":"search_term_string"}}],"inLanguage":"nl-NL"}]}},"_links":{"self":[{"href":"https:\/\/www.mmc.nl\/regionaalreumacentrum\/wp-json\/wp\/v2\/pages\/384","targetHints":{"allow":["GET"]}}],"collection":[{"href":"https:\/\/www.mmc.nl\/regionaalreumacentrum\/wp-json\/wp\/v2\/pages"}],"about":[{"href":"https:\/\/www.mmc.nl\/regionaalreumacentrum\/wp-json\/wp\/v2\/types\/page"}],"author":[{"embeddable":true,"href":"https:\/\/www.mmc.nl\/regionaalreumacentrum\/wp-json\/wp\/v2\/users\/1"}],"replies":[{"embeddable":true,"href":"https:\/\/www.mmc.nl\/regionaalreumacentrum\/wp-json\/wp\/v2\/comments?post=384"}],"version-history":[{"count":24,"href":"https:\/\/www.mmc.nl\/regionaalreumacentrum\/wp-json\/wp\/v2\/pages\/384\/revisions"}],"predecessor-version":[{"id":3204,"href":"https:\/\/www.mmc.nl\/regionaalreumacentrum\/wp-json\/wp\/v2\/pages\/384\/revisions\/3204"}],"wp:featuredmedia":[{"embeddable":true,"href":"https:\/\/www.mmc.nl\/regionaalreumacentrum\/wp-json\/"}],"wp:attachment":[{"href":"https:\/\/www.mmc.nl\/regionaalreumacentrum\/wp-json\/wp\/v2\/media?parent=384"}],"wp:term":[{"taxonomy":"post_tag","embeddable":true,"href":"https:\/\/www.mmc.nl\/regionaalreumacentrum\/wp-json\/wp\/v2\/tags?post=384"}],"curies":[{"name":"wp","href":"https:\/\/api.w.org\/{rel}","templated":true}]}}