{"id":773,"date":"2022-08-02T10:36:37","date_gmt":"2022-08-02T08:36:37","guid":{"rendered":"https:\/\/www.mmc.nl\/revalidatiegeneeskunde\/?page_id=773"},"modified":"2024-02-15T16:00:28","modified_gmt":"2024-02-15T15:00:28","slug":"contact","status":"publish","type":"page","link":"https:\/\/www.mmc.nl\/revalidatiegeneeskunde\/contact\/","title":{"rendered":"Contact"},"content":{"rendered":"<h3>Telefonische bereikbaarheid<\/h3>\n<p>Maandag t\/m vrijdag van 08.30 tot 11.30 uur.<br \/>\nTelefoonnummer:\u00a0<a href=\"tel:\/\/00310408888420\">040 888 8420<\/a><\/p>\n<h3>Spreekuren<\/h3>\n<p>Maandag tot en met vrijdag van 08.30 tot 16.00 uur<\/p>\n<h3>Bezoekadres<\/h3>\n<p>MMC, locatie Veldhoven<br \/>\nDe Run 4600, 5500 MB Veldhoven<br \/>\nRoutenummer: 154<\/p>\n<h3>Online pati\u00ebntenportaal MijnMMC<\/h3>\n<p>Bent u al pati\u00ebnt bij M\u00e1xima MC? Het online pati\u00ebntenportaal MijnMMC geeft u toegang tot uw medische gegevens. Hierin kunt u onder andere wijzigingen doorgeven, onderzoeksuitslagen van M\u00e1xima MC bekijken en brieven van uw specialist aan uw huisarts nalezen.<\/p>\n<p><a class=\"button-primary\" href=\"http:\/\/mijn.mmc.nl\/\" target=\"_blank\" rel=\"noopener\">Ga naar MijnMMC<\/a><\/p>\n<h3>Heeft u vragen of wilt u graag meer informatie?<\/h3>\n<p>Neem dan telefonisch of via het contactformulier contact met ons op.<br \/>\nStuurt u een e-mail, dan krijgt u van ons altijd een reactie binnen drie werkdagen.<\/p>\n<h3>Contactformulier<\/h3>\n<p>Voor algemene (niet-medische) vragen kunt u gebruik maken van het\u00a0<a href=\"https:\/\/www.mmc.nl\/revalidatie-geneeskunde\/contactformulier-revalidatiegeneeskunde\/\">contactformulier.<\/a><\/p>\n","protected":false},"excerpt":{"rendered":"<p>Telefonische bereikbaarheid Maandag t\/m vrijdag van 08.30 tot 11.30 uur. Telefoonnummer:\u00a0040 888 8420 Spreekuren Maandag tot en met vrijdag van 08.30 tot 16.00 uur Bezoekadres MMC, locatie Veldhoven De Run 4600, 5500 MB Veldhoven Routenummer: 154 Online pati\u00ebntenportaal MijnMMC Bent u al pati\u00ebnt bij M\u00e1xima MC? Het online pati\u00ebntenportaal MijnMMC geeft u toegang tot uw [&hellip;]<\/p>\n","protected":false},"author":4,"featured_media":1,"parent":0,"menu_order":0,"comment_status":"closed","ping_status":"closed","template":"","meta":{"_acf_changed":false,"ep_exclude_from_search":false,"footnotes":""},"tags":[],"class_list":["post-773","page","type-page","status-publish","has-post-thumbnail","hentry"],"acf":[],"yoast_head":"<!-- This site is optimized with the Yoast SEO Premium plugin v27.3 (Yoast SEO v27.3) - https:\/\/yoast.com\/product\/yoast-seo-premium-wordpress\/ -->\n<title>Contact - Revalidatiegeneeskunde<\/title>\n<meta name=\"robots\" content=\"index, follow, max-snippet:-1, max-image-preview:large, max-video-preview:-1\" \/>\n<link rel=\"canonical\" href=\"https:\/\/www.mmc.nl\/revalidatiegeneeskunde\/contact\/\" \/>\n<meta property=\"og:locale\" content=\"nl_NL\" \/>\n<meta property=\"og:type\" content=\"article\" \/>\n<meta property=\"og:title\" content=\"Contact\" \/>\n<meta property=\"og:description\" content=\"Telefonische bereikbaarheid Maandag t\/m vrijdag van 08.30 tot 11.30 uur. Telefoonnummer:\u00a0040 888 8420 Spreekuren Maandag tot en met vrijdag van 08.30 tot 16.00 uur Bezoekadres MMC, locatie Veldhoven De Run 4600, 5500 MB Veldhoven Routenummer: 154 Online pati\u00ebntenportaal MijnMMC Bent u al pati\u00ebnt bij M\u00e1xima MC? Het online pati\u00ebntenportaal MijnMMC geeft u toegang tot uw [&hellip;]\" \/>\n<meta property=\"og:url\" content=\"https:\/\/www.mmc.nl\/revalidatiegeneeskunde\/contact\/\" \/>\n<meta property=\"og:site_name\" content=\"Revalidatiegeneeskunde\" \/>\n<meta property=\"article:modified_time\" content=\"2024-02-15T15:00:28+00:00\" \/>\n<meta name=\"twitter:card\" content=\"summary_large_image\" \/>\n<meta name=\"twitter:label1\" content=\"Geschatte leestijd\" \/>\n\t<meta name=\"twitter:data1\" content=\"1 minuut\" \/>\n<script type=\"application\/ld+json\" class=\"yoast-schema-graph\">{\"@context\":\"https:\\\/\\\/schema.org\",\"@graph\":[{\"@type\":\"WebPage\",\"@id\":\"https:\\\/\\\/www.mmc.nl\\\/revalidatiegeneeskunde\\\/contact\\\/\",\"url\":\"https:\\\/\\\/www.mmc.nl\\\/revalidatiegeneeskunde\\\/contact\\\/\",\"name\":\"Contact - Revalidatiegeneeskunde\",\"isPartOf\":{\"@id\":\"https:\\\/\\\/www.mmc.nl\\\/revalidatiegeneeskunde\\\/#website\"},\"primaryImageOfPage\":{\"@id\":\"https:\\\/\\\/www.mmc.nl\\\/revalidatiegeneeskunde\\\/contact\\\/#primaryimage\"},\"image\":{\"@id\":\"https:\\\/\\\/www.mmc.nl\\\/revalidatiegeneeskunde\\\/contact\\\/#primaryimage\"},\"thumbnailUrl\":\"\",\"datePublished\":\"2022-08-02T08:36:37+00:00\",\"dateModified\":\"2024-02-15T15:00:28+00:00\",\"breadcrumb\":{\"@id\":\"https:\\\/\\\/www.mmc.nl\\\/revalidatiegeneeskunde\\\/contact\\\/#breadcrumb\"},\"inLanguage\":\"nl-NL\",\"potentialAction\":[{\"@type\":\"ReadAction\",\"target\":[\"https:\\\/\\\/www.mmc.nl\\\/revalidatiegeneeskunde\\\/contact\\\/\"]}]},{\"@type\":\"ImageObject\",\"inLanguage\":\"nl-NL\",\"@id\":\"https:\\\/\\\/www.mmc.nl\\\/revalidatiegeneeskunde\\\/contact\\\/#primaryimage\",\"url\":\"\",\"contentUrl\":\"\"},{\"@type\":\"BreadcrumbList\",\"@id\":\"https:\\\/\\\/www.mmc.nl\\\/revalidatiegeneeskunde\\\/contact\\\/#breadcrumb\",\"itemListElement\":[{\"@type\":\"ListItem\",\"position\":1,\"name\":\"Home\",\"item\":\"https:\\\/\\\/www.mmc.nl\\\/revalidatiegeneeskunde\\\/\"},{\"@type\":\"ListItem\",\"position\":2,\"name\":\"Contact\"}]},{\"@type\":\"WebSite\",\"@id\":\"https:\\\/\\\/www.mmc.nl\\\/revalidatiegeneeskunde\\\/#website\",\"url\":\"https:\\\/\\\/www.mmc.nl\\\/revalidatiegeneeskunde\\\/\",\"name\":\"Revalidatiegeneeskunde\",\"description\":\"M\u00e1xima Medisch Centrum\",\"potentialAction\":[{\"@type\":\"SearchAction\",\"target\":{\"@type\":\"EntryPoint\",\"urlTemplate\":\"https:\\\/\\\/www.mmc.nl\\\/revalidatiegeneeskunde\\\/?s={search_term_string}\"},\"query-input\":{\"@type\":\"PropertyValueSpecification\",\"valueRequired\":true,\"valueName\":\"search_term_string\"}}],\"inLanguage\":\"nl-NL\"}]}<\/script>\n<!-- \/ Yoast SEO Premium plugin. -->","yoast_head_json":{"title":"Contact - Revalidatiegeneeskunde","robots":{"index":"index","follow":"follow","max-snippet":"max-snippet:-1","max-image-preview":"max-image-preview:large","max-video-preview":"max-video-preview:-1"},"canonical":"https:\/\/www.mmc.nl\/revalidatiegeneeskunde\/contact\/","og_locale":"nl_NL","og_type":"article","og_title":"Contact","og_description":"Telefonische bereikbaarheid Maandag t\/m vrijdag van 08.30 tot 11.30 uur. Telefoonnummer:\u00a0040 888 8420 Spreekuren Maandag tot en met vrijdag van 08.30 tot 16.00 uur Bezoekadres MMC, locatie Veldhoven De Run 4600, 5500 MB Veldhoven Routenummer: 154 Online pati\u00ebntenportaal MijnMMC Bent u al pati\u00ebnt bij M\u00e1xima MC? Het online pati\u00ebntenportaal MijnMMC geeft u toegang tot uw [&hellip;]","og_url":"https:\/\/www.mmc.nl\/revalidatiegeneeskunde\/contact\/","og_site_name":"Revalidatiegeneeskunde","article_modified_time":"2024-02-15T15:00:28+00:00","twitter_card":"summary_large_image","twitter_misc":{"Geschatte leestijd":"1 minuut"},"schema":{"@context":"https:\/\/schema.org","@graph":[{"@type":"WebPage","@id":"https:\/\/www.mmc.nl\/revalidatiegeneeskunde\/contact\/","url":"https:\/\/www.mmc.nl\/revalidatiegeneeskunde\/contact\/","name":"Contact - Revalidatiegeneeskunde","isPartOf":{"@id":"https:\/\/www.mmc.nl\/revalidatiegeneeskunde\/#website"},"primaryImageOfPage":{"@id":"https:\/\/www.mmc.nl\/revalidatiegeneeskunde\/contact\/#primaryimage"},"image":{"@id":"https:\/\/www.mmc.nl\/revalidatiegeneeskunde\/contact\/#primaryimage"},"thumbnailUrl":"","datePublished":"2022-08-02T08:36:37+00:00","dateModified":"2024-02-15T15:00:28+00:00","breadcrumb":{"@id":"https:\/\/www.mmc.nl\/revalidatiegeneeskunde\/contact\/#breadcrumb"},"inLanguage":"nl-NL","potentialAction":[{"@type":"ReadAction","target":["https:\/\/www.mmc.nl\/revalidatiegeneeskunde\/contact\/"]}]},{"@type":"ImageObject","inLanguage":"nl-NL","@id":"https:\/\/www.mmc.nl\/revalidatiegeneeskunde\/contact\/#primaryimage","url":"","contentUrl":""},{"@type":"BreadcrumbList","@id":"https:\/\/www.mmc.nl\/revalidatiegeneeskunde\/contact\/#breadcrumb","itemListElement":[{"@type":"ListItem","position":1,"name":"Home","item":"https:\/\/www.mmc.nl\/revalidatiegeneeskunde\/"},{"@type":"ListItem","position":2,"name":"Contact"}]},{"@type":"WebSite","@id":"https:\/\/www.mmc.nl\/revalidatiegeneeskunde\/#website","url":"https:\/\/www.mmc.nl\/revalidatiegeneeskunde\/","name":"Revalidatiegeneeskunde","description":"M\u00e1xima Medisch Centrum","potentialAction":[{"@type":"SearchAction","target":{"@type":"EntryPoint","urlTemplate":"https:\/\/www.mmc.nl\/revalidatiegeneeskunde\/?s={search_term_string}"},"query-input":{"@type":"PropertyValueSpecification","valueRequired":true,"valueName":"search_term_string"}}],"inLanguage":"nl-NL"}]}},"_links":{"self":[{"href":"https:\/\/www.mmc.nl\/revalidatiegeneeskunde\/wp-json\/wp\/v2\/pages\/773","targetHints":{"allow":["GET"]}}],"collection":[{"href":"https:\/\/www.mmc.nl\/revalidatiegeneeskunde\/wp-json\/wp\/v2\/pages"}],"about":[{"href":"https:\/\/www.mmc.nl\/revalidatiegeneeskunde\/wp-json\/wp\/v2\/types\/page"}],"author":[{"embeddable":true,"href":"https:\/\/www.mmc.nl\/revalidatiegeneeskunde\/wp-json\/wp\/v2\/users\/4"}],"replies":[{"embeddable":true,"href":"https:\/\/www.mmc.nl\/revalidatiegeneeskunde\/wp-json\/wp\/v2\/comments?post=773"}],"version-history":[{"count":6,"href":"https:\/\/www.mmc.nl\/revalidatiegeneeskunde\/wp-json\/wp\/v2\/pages\/773\/revisions"}],"predecessor-version":[{"id":1064,"href":"https:\/\/www.mmc.nl\/revalidatiegeneeskunde\/wp-json\/wp\/v2\/pages\/773\/revisions\/1064"}],"wp:featuredmedia":[{"embeddable":true,"href":"https:\/\/www.mmc.nl\/revalidatiegeneeskunde\/wp-json\/"}],"wp:attachment":[{"href":"https:\/\/www.mmc.nl\/revalidatiegeneeskunde\/wp-json\/wp\/v2\/media?parent=773"}],"wp:term":[{"taxonomy":"post_tag","embeddable":true,"href":"https:\/\/www.mmc.nl\/revalidatiegeneeskunde\/wp-json\/wp\/v2\/tags?post=773"}],"curies":[{"name":"wp","href":"https:\/\/api.w.org\/{rel}","templated":true}]}}