{"id":221,"date":"2017-06-26T16:52:13","date_gmt":"2017-06-26T14:52:13","guid":{"rendered":"https:\/\/www.mmc.nl\/solvimax\/?page_id=221"},"modified":"2025-05-13T10:00:53","modified_gmt":"2025-05-13T08:00:53","slug":"over-solvimax","status":"publish","type":"page","link":"https:\/\/www.mmc.nl\/solvimax\/over-solvimax\/","title":{"rendered":"Over SolviM\u00e1x"},"content":{"rendered":"<p><strong><img decoding=\"async\" class=\"alignnone wp-image-252 lazyload\" data-src=\"https:\/\/www.mmc.nl\/solvimax\/wp-content\/uploads\/sites\/43\/2017\/07\/solvimax_maxima_medisch_centrum.png\" alt=\"\" width=\"128\" height=\"57\" src=\"data:image\/svg+xml;base64,PHN2ZyB3aWR0aD0iMSIgaGVpZ2h0PSIxIiB4bWxucz0iaHR0cDovL3d3dy53My5vcmcvMjAwMC9zdmciPjwvc3ZnPg==\" style=\"--smush-placeholder-width: 128px; --smush-placeholder-aspect-ratio: 128\/57;\" \/><\/strong><\/p>\n<p><strong>SolviM\u00e1x is h\u00e8t STZ erkende Topklinisch Expertisecentrum voor <a href=\"https:\/\/www.mmc.nl\/solvimax\/aandoening-behandeling\/\">complexe aandoeningen van de lies en buikwand<\/a>. <\/strong>Jaarlijks worden circa 1200 nieuwe pati\u00ebnten door ons behandeld. Alle aspecten van de lies en buikwandchirurgie, in het bijzonder <a href=\"https:\/\/www.mmc.nl\/solvimax\/aandoening-behandeling\/\">complicaties na chirurgie<\/a>, terugkerende breuken (recidieven) en mat-gerelateerde problemen (pijn, infecties) worden door ons Expertisecentrum beoordeeld. Er bestaat intensieve samenwerking met de afdeling Pijngeneeskunde, Sportgeneeskunde en Fysiotherapie gericht op een optimale uitkomst van de behandeling.<\/p>\n<p>Al jaren is SolviM\u00e1x internationaal bekend als h\u00e8t centrum voor <a href=\"https:\/\/www.mmc.nl\/solvimax\/aandoeningen-en-behandelingen\/mat-verwijderen-na-eerdere-liesbreuk-operatie\/\">verwijderingen van matten (meshes) na liesbreuk<\/a>&#8211; maar ook andere buikwandbreuken. Naast pati\u00ebntenzorg monitort ons team continu haar eigen resultaten en worden innovatieve behandelingen aangeboden, gebaseerd op eigen wetenschappelijk onderzoek. <a href=\"https:\/\/www.mmc.nl\/solvimax\/specialist-zorgteam\/\">Chirurgen van ons team<\/a> zijn betrokken bij nationale ontwikkelingen rondom (complicaties na) buikwandchirurgie, het opstellen van de (inter)nationale richtlijnen. We zijn ook globaal bekend hetgeen blijkt uit het aantal internationale verwijzingen van over de hele wereld (tot 2025 meer dan 150 pati\u00ebnten uit &gt;28 landen).<\/p>\n","protected":false},"excerpt":{"rendered":"<p>SolviM\u00e1x is h\u00e8t STZ erkende Topklinisch Expertisecentrum voor complexe aandoeningen van de lies en buikwand. Jaarlijks worden circa 1200 nieuwe pati\u00ebnten door ons behandeld. Alle aspecten van de lies en buikwandchirurgie, in het bijzonder complicaties na chirurgie, terugkerende breuken (recidieven) en mat-gerelateerde problemen (pijn, infecties) worden door ons Expertisecentrum beoordeeld. Er bestaat intensieve samenwerking met [&hellip;]<\/p>\n","protected":false},"author":4,"featured_media":1,"parent":0,"menu_order":0,"comment_status":"closed","ping_status":"closed","template":"page.php","meta":{"_acf_changed":false,"ep_exclude_from_search":false,"footnotes":""},"tags":[11,13,32],"class_list":["post-221","page","type-page","status-publish","has-post-thumbnail","hentry","tag-acnes","tag-buikpijn","tag-liespijn"],"acf":[],"yoast_head":"<!-- This site is optimized with the Yoast SEO Premium plugin v27.1 (Yoast SEO v27.1.1) - https:\/\/yoast.com\/product\/yoast-seo-premium-wordpress\/ -->\n<title>Over SolviM\u00e1x - M\u00e1xima MC<\/title>\n<meta name=\"description\" content=\"SolviM\u00e1x is het expertisecentrum voor buikwand- en liespijnproblemen van M\u00e1xima MC.\" \/>\n<meta name=\"robots\" content=\"index, follow, max-snippet:-1, max-image-preview:large, max-video-preview:-1\" \/>\n<link rel=\"canonical\" href=\"https:\/\/www.mmc.nl\/solvimax\/over-solvimax\/\" \/>\n<meta property=\"og:locale\" content=\"nl_NL\" \/>\n<meta property=\"og:type\" content=\"article\" \/>\n<meta property=\"og:title\" content=\"Over SolviM\u00e1x\" \/>\n<meta property=\"og:description\" content=\"SolviM\u00e1x is het expertisecentrum voor buikwand- en liespijnproblemen van M\u00e1xima MC.\" \/>\n<meta property=\"og:url\" content=\"https:\/\/www.mmc.nl\/solvimax\/over-solvimax\/\" \/>\n<meta property=\"og:site_name\" content=\"SolviM\u00e1x\" \/>\n<meta property=\"article:modified_time\" content=\"2025-05-13T08:00:53+00:00\" \/>\n<meta name=\"twitter:card\" content=\"summary_large_image\" \/>\n<meta name=\"twitter:label1\" content=\"Geschatte leestijd\" \/>\n\t<meta name=\"twitter:data1\" content=\"2 minuten\" \/>\n<script type=\"application\/ld+json\" class=\"yoast-schema-graph\">{\"@context\":\"https:\/\/schema.org\",\"@graph\":[{\"@type\":\"WebPage\",\"@id\":\"https:\/\/www.mmc.nl\/solvimax\/over-solvimax\/\",\"url\":\"https:\/\/www.mmc.nl\/solvimax\/over-solvimax\/\",\"name\":\"Over SolviM\u00e1x - M\u00e1xima MC\",\"isPartOf\":{\"@id\":\"https:\/\/www.mmc.nl\/solvimax\/#website\"},\"primaryImageOfPage\":{\"@id\":\"https:\/\/www.mmc.nl\/solvimax\/over-solvimax\/#primaryimage\"},\"image\":{\"@id\":\"https:\/\/www.mmc.nl\/solvimax\/over-solvimax\/#primaryimage\"},\"thumbnailUrl\":\"\",\"datePublished\":\"2017-06-26T14:52:13+00:00\",\"dateModified\":\"2025-05-13T08:00:53+00:00\",\"description\":\"SolviM\u00e1x is het expertisecentrum voor buikwand- en liespijnproblemen van M\u00e1xima MC.\",\"breadcrumb\":{\"@id\":\"https:\/\/www.mmc.nl\/solvimax\/over-solvimax\/#breadcrumb\"},\"inLanguage\":\"nl-NL\",\"potentialAction\":[{\"@type\":\"ReadAction\",\"target\":[\"https:\/\/www.mmc.nl\/solvimax\/over-solvimax\/\"]}]},{\"@type\":\"ImageObject\",\"inLanguage\":\"nl-NL\",\"@id\":\"https:\/\/www.mmc.nl\/solvimax\/over-solvimax\/#primaryimage\",\"url\":\"\",\"contentUrl\":\"\"},{\"@type\":\"BreadcrumbList\",\"@id\":\"https:\/\/www.mmc.nl\/solvimax\/over-solvimax\/#breadcrumb\",\"itemListElement\":[{\"@type\":\"ListItem\",\"position\":1,\"name\":\"SolviM\u00e1x\",\"item\":\"https:\/\/www.mmc.nl\/solvimax\/\"},{\"@type\":\"ListItem\",\"position\":2,\"name\":\"Over SolviM\u00e1x\"}]},{\"@type\":\"WebSite\",\"@id\":\"https:\/\/www.mmc.nl\/solvimax\/#website\",\"url\":\"https:\/\/www.mmc.nl\/solvimax\/\",\"name\":\"SolviM\u00e1x\",\"description\":\"\",\"potentialAction\":[{\"@type\":\"SearchAction\",\"target\":{\"@type\":\"EntryPoint\",\"urlTemplate\":\"https:\/\/www.mmc.nl\/solvimax\/?s={search_term_string}\"},\"query-input\":{\"@type\":\"PropertyValueSpecification\",\"valueRequired\":true,\"valueName\":\"search_term_string\"}}],\"inLanguage\":\"nl-NL\"}]}<\/script>\n<!-- \/ Yoast SEO Premium plugin. -->","yoast_head_json":{"title":"Over SolviM\u00e1x - M\u00e1xima MC","description":"SolviM\u00e1x is het expertisecentrum voor buikwand- en liespijnproblemen van M\u00e1xima MC.","robots":{"index":"index","follow":"follow","max-snippet":"max-snippet:-1","max-image-preview":"max-image-preview:large","max-video-preview":"max-video-preview:-1"},"canonical":"https:\/\/www.mmc.nl\/solvimax\/over-solvimax\/","og_locale":"nl_NL","og_type":"article","og_title":"Over SolviM\u00e1x","og_description":"SolviM\u00e1x is het expertisecentrum voor buikwand- en liespijnproblemen van M\u00e1xima MC.","og_url":"https:\/\/www.mmc.nl\/solvimax\/over-solvimax\/","og_site_name":"SolviM\u00e1x","article_modified_time":"2025-05-13T08:00:53+00:00","twitter_card":"summary_large_image","twitter_misc":{"Geschatte leestijd":"2 minuten"},"schema":{"@context":"https:\/\/schema.org","@graph":[{"@type":"WebPage","@id":"https:\/\/www.mmc.nl\/solvimax\/over-solvimax\/","url":"https:\/\/www.mmc.nl\/solvimax\/over-solvimax\/","name":"Over SolviM\u00e1x - M\u00e1xima MC","isPartOf":{"@id":"https:\/\/www.mmc.nl\/solvimax\/#website"},"primaryImageOfPage":{"@id":"https:\/\/www.mmc.nl\/solvimax\/over-solvimax\/#primaryimage"},"image":{"@id":"https:\/\/www.mmc.nl\/solvimax\/over-solvimax\/#primaryimage"},"thumbnailUrl":"","datePublished":"2017-06-26T14:52:13+00:00","dateModified":"2025-05-13T08:00:53+00:00","description":"SolviM\u00e1x is het expertisecentrum voor buikwand- en liespijnproblemen van M\u00e1xima MC.","breadcrumb":{"@id":"https:\/\/www.mmc.nl\/solvimax\/over-solvimax\/#breadcrumb"},"inLanguage":"nl-NL","potentialAction":[{"@type":"ReadAction","target":["https:\/\/www.mmc.nl\/solvimax\/over-solvimax\/"]}]},{"@type":"ImageObject","inLanguage":"nl-NL","@id":"https:\/\/www.mmc.nl\/solvimax\/over-solvimax\/#primaryimage","url":"","contentUrl":""},{"@type":"BreadcrumbList","@id":"https:\/\/www.mmc.nl\/solvimax\/over-solvimax\/#breadcrumb","itemListElement":[{"@type":"ListItem","position":1,"name":"SolviM\u00e1x","item":"https:\/\/www.mmc.nl\/solvimax\/"},{"@type":"ListItem","position":2,"name":"Over SolviM\u00e1x"}]},{"@type":"WebSite","@id":"https:\/\/www.mmc.nl\/solvimax\/#website","url":"https:\/\/www.mmc.nl\/solvimax\/","name":"SolviM\u00e1x","description":"","potentialAction":[{"@type":"SearchAction","target":{"@type":"EntryPoint","urlTemplate":"https:\/\/www.mmc.nl\/solvimax\/?s={search_term_string}"},"query-input":{"@type":"PropertyValueSpecification","valueRequired":true,"valueName":"search_term_string"}}],"inLanguage":"nl-NL"}]}},"_links":{"self":[{"href":"https:\/\/www.mmc.nl\/solvimax\/wp-json\/wp\/v2\/pages\/221","targetHints":{"allow":["GET"]}}],"collection":[{"href":"https:\/\/www.mmc.nl\/solvimax\/wp-json\/wp\/v2\/pages"}],"about":[{"href":"https:\/\/www.mmc.nl\/solvimax\/wp-json\/wp\/v2\/types\/page"}],"author":[{"embeddable":true,"href":"https:\/\/www.mmc.nl\/solvimax\/wp-json\/wp\/v2\/users\/4"}],"replies":[{"embeddable":true,"href":"https:\/\/www.mmc.nl\/solvimax\/wp-json\/wp\/v2\/comments?post=221"}],"version-history":[{"count":15,"href":"https:\/\/www.mmc.nl\/solvimax\/wp-json\/wp\/v2\/pages\/221\/revisions"}],"predecessor-version":[{"id":2253,"href":"https:\/\/www.mmc.nl\/solvimax\/wp-json\/wp\/v2\/pages\/221\/revisions\/2253"}],"wp:featuredmedia":[{"embeddable":true,"href":"https:\/\/www.mmc.nl\/solvimax\/wp-json\/"}],"wp:attachment":[{"href":"https:\/\/www.mmc.nl\/solvimax\/wp-json\/wp\/v2\/media?parent=221"}],"wp:term":[{"taxonomy":"post_tag","embeddable":true,"href":"https:\/\/www.mmc.nl\/solvimax\/wp-json\/wp\/v2\/tags?post=221"}],"curies":[{"name":"wp","href":"https:\/\/api.w.org\/{rel}","templated":true}]}}