{"id":384,"date":"2017-07-28T15:22:01","date_gmt":"2017-07-28T13:22:01","guid":{"rendered":"https:\/\/www.mmc.nl\/spoed\/?page_id=384"},"modified":"2017-07-28T15:22:01","modified_gmt":"2017-07-28T13:22:01","slug":"seh-verpleegkundigen","status":"publish","type":"page","link":"https:\/\/www.mmc.nl\/spoed\/seh-verpleegkundigen\/","title":{"rendered":"SEH-verpleegkundigen"},"content":{"rendered":"<p><strong>De SEH-verpleegkundige is de spil op de Spoedeisende Hulp (SEH) en co\u00f6rdineert de zorg rond een pati\u00ebnt.<\/strong><\/p>\n<p>De verpleegkundige voert bij binnenkomst van de pati\u00ebnt de triage (het beoordelen van de aard en ernst van de verwondingen) uit, verzorgt de eerste opvang en schakelt de benodigde disciplines in. Zij zijn gediplomeerde verpleegkundigen die daarnaast nog een gespecialiseerde opleiding tot Spoedeisende Hulp-verpleegkundige hebben gevolgd. Daarnaast werken er op de Spoedeisende Hulp verpleegkundigen in opleiding.<\/p>\n","protected":false},"excerpt":{"rendered":"<p>De SEH-verpleegkundige is de spil op de Spoedeisende Hulp (SEH) en co\u00f6rdineert de zorg rond een pati\u00ebnt. De verpleegkundige voert bij binnenkomst van de pati\u00ebnt de triage (het beoordelen van de aard en ernst van de verwondingen) uit, verzorgt de eerste opvang en schakelt de benodigde disciplines in. Zij zijn gediplomeerde verpleegkundigen die daarnaast nog [&hellip;]<\/p>\n","protected":false},"author":4,"featured_media":1,"parent":0,"menu_order":0,"comment_status":"closed","ping_status":"closed","template":"","meta":{"_acf_changed":false,"ep_exclude_from_search":false,"footnotes":""},"tags":[60],"class_list":["post-384","page","type-page","status-publish","has-post-thumbnail","hentry","tag-seh-verpleegkundige"],"acf":[],"yoast_head":"<!-- This site is optimized with the Yoast SEO Premium plugin v27.3 (Yoast SEO v27.3) - https:\/\/yoast.com\/product\/yoast-seo-premium-wordpress\/ -->\n<title>SEH-verpleegkundigen \u2013 M\u00e1xima MC Veldhoven<\/title>\n<meta name=\"description\" content=\"De SEH-verpleegkundige is de spil op de Spoedeisende Hulp (SEH) en co\u00f6rdineert de zorg rond een pati\u00ebnt.\" \/>\n<meta name=\"robots\" content=\"index, follow, max-snippet:-1, max-image-preview:large, max-video-preview:-1\" \/>\n<link rel=\"canonical\" href=\"https:\/\/www.mmc.nl\/spoed\/seh-verpleegkundigen\/\" \/>\n<meta property=\"og:locale\" content=\"nl_NL\" \/>\n<meta property=\"og:type\" content=\"article\" \/>\n<meta property=\"og:title\" content=\"SEH-verpleegkundigen\" \/>\n<meta property=\"og:description\" content=\"De SEH-verpleegkundige is de spil op de Spoedeisende Hulp (SEH) en co\u00f6rdineert de zorg rond een pati\u00ebnt.\" \/>\n<meta property=\"og:url\" content=\"https:\/\/www.mmc.nl\/spoed\/seh-verpleegkundigen\/\" \/>\n<meta property=\"og:site_name\" content=\"Spoed\" \/>\n<meta name=\"twitter:card\" content=\"summary_large_image\" \/>\n<script type=\"application\/ld+json\" class=\"yoast-schema-graph\">{\"@context\":\"https:\\\/\\\/schema.org\",\"@graph\":[{\"@type\":\"WebPage\",\"@id\":\"https:\\\/\\\/www.mmc.nl\\\/spoed\\\/seh-verpleegkundigen\\\/\",\"url\":\"https:\\\/\\\/www.mmc.nl\\\/spoed\\\/seh-verpleegkundigen\\\/\",\"name\":\"SEH-verpleegkundigen \u2013 M\u00e1xima MC Veldhoven\",\"isPartOf\":{\"@id\":\"https:\\\/\\\/www.mmc.nl\\\/spoed\\\/#website\"},\"primaryImageOfPage\":{\"@id\":\"https:\\\/\\\/www.mmc.nl\\\/spoed\\\/seh-verpleegkundigen\\\/#primaryimage\"},\"image\":{\"@id\":\"https:\\\/\\\/www.mmc.nl\\\/spoed\\\/seh-verpleegkundigen\\\/#primaryimage\"},\"thumbnailUrl\":\"\",\"datePublished\":\"2017-07-28T13:22:01+00:00\",\"description\":\"De SEH-verpleegkundige is de spil op de Spoedeisende Hulp (SEH) en co\u00f6rdineert de zorg rond een pati\u00ebnt.\",\"breadcrumb\":{\"@id\":\"https:\\\/\\\/www.mmc.nl\\\/spoed\\\/seh-verpleegkundigen\\\/#breadcrumb\"},\"inLanguage\":\"nl-NL\",\"potentialAction\":[{\"@type\":\"ReadAction\",\"target\":[\"https:\\\/\\\/www.mmc.nl\\\/spoed\\\/seh-verpleegkundigen\\\/\"]}]},{\"@type\":\"ImageObject\",\"inLanguage\":\"nl-NL\",\"@id\":\"https:\\\/\\\/www.mmc.nl\\\/spoed\\\/seh-verpleegkundigen\\\/#primaryimage\",\"url\":\"\",\"contentUrl\":\"\"},{\"@type\":\"BreadcrumbList\",\"@id\":\"https:\\\/\\\/www.mmc.nl\\\/spoed\\\/seh-verpleegkundigen\\\/#breadcrumb\",\"itemListElement\":[{\"@type\":\"ListItem\",\"position\":1,\"name\":\"Spoed\",\"item\":\"https:\\\/\\\/www.mmc.nl\\\/spoed\\\/\"},{\"@type\":\"ListItem\",\"position\":2,\"name\":\"SEH-verpleegkundigen\"}]},{\"@type\":\"WebSite\",\"@id\":\"https:\\\/\\\/www.mmc.nl\\\/spoed\\\/#website\",\"url\":\"https:\\\/\\\/www.mmc.nl\\\/spoed\\\/\",\"name\":\"Spoed\",\"description\":\"\",\"potentialAction\":[{\"@type\":\"SearchAction\",\"target\":{\"@type\":\"EntryPoint\",\"urlTemplate\":\"https:\\\/\\\/www.mmc.nl\\\/spoed\\\/?s={search_term_string}\"},\"query-input\":{\"@type\":\"PropertyValueSpecification\",\"valueRequired\":true,\"valueName\":\"search_term_string\"}}],\"inLanguage\":\"nl-NL\"}]}<\/script>\n<!-- \/ Yoast SEO Premium plugin. -->","yoast_head_json":{"title":"SEH-verpleegkundigen \u2013 M\u00e1xima MC Veldhoven","description":"De SEH-verpleegkundige is de spil op de Spoedeisende Hulp (SEH) en co\u00f6rdineert de zorg rond een pati\u00ebnt.","robots":{"index":"index","follow":"follow","max-snippet":"max-snippet:-1","max-image-preview":"max-image-preview:large","max-video-preview":"max-video-preview:-1"},"canonical":"https:\/\/www.mmc.nl\/spoed\/seh-verpleegkundigen\/","og_locale":"nl_NL","og_type":"article","og_title":"SEH-verpleegkundigen","og_description":"De SEH-verpleegkundige is de spil op de Spoedeisende Hulp (SEH) en co\u00f6rdineert de zorg rond een pati\u00ebnt.","og_url":"https:\/\/www.mmc.nl\/spoed\/seh-verpleegkundigen\/","og_site_name":"Spoed","twitter_card":"summary_large_image","schema":{"@context":"https:\/\/schema.org","@graph":[{"@type":"WebPage","@id":"https:\/\/www.mmc.nl\/spoed\/seh-verpleegkundigen\/","url":"https:\/\/www.mmc.nl\/spoed\/seh-verpleegkundigen\/","name":"SEH-verpleegkundigen \u2013 M\u00e1xima MC Veldhoven","isPartOf":{"@id":"https:\/\/www.mmc.nl\/spoed\/#website"},"primaryImageOfPage":{"@id":"https:\/\/www.mmc.nl\/spoed\/seh-verpleegkundigen\/#primaryimage"},"image":{"@id":"https:\/\/www.mmc.nl\/spoed\/seh-verpleegkundigen\/#primaryimage"},"thumbnailUrl":"","datePublished":"2017-07-28T13:22:01+00:00","description":"De SEH-verpleegkundige is de spil op de Spoedeisende Hulp (SEH) en co\u00f6rdineert de zorg rond een pati\u00ebnt.","breadcrumb":{"@id":"https:\/\/www.mmc.nl\/spoed\/seh-verpleegkundigen\/#breadcrumb"},"inLanguage":"nl-NL","potentialAction":[{"@type":"ReadAction","target":["https:\/\/www.mmc.nl\/spoed\/seh-verpleegkundigen\/"]}]},{"@type":"ImageObject","inLanguage":"nl-NL","@id":"https:\/\/www.mmc.nl\/spoed\/seh-verpleegkundigen\/#primaryimage","url":"","contentUrl":""},{"@type":"BreadcrumbList","@id":"https:\/\/www.mmc.nl\/spoed\/seh-verpleegkundigen\/#breadcrumb","itemListElement":[{"@type":"ListItem","position":1,"name":"Spoed","item":"https:\/\/www.mmc.nl\/spoed\/"},{"@type":"ListItem","position":2,"name":"SEH-verpleegkundigen"}]},{"@type":"WebSite","@id":"https:\/\/www.mmc.nl\/spoed\/#website","url":"https:\/\/www.mmc.nl\/spoed\/","name":"Spoed","description":"","potentialAction":[{"@type":"SearchAction","target":{"@type":"EntryPoint","urlTemplate":"https:\/\/www.mmc.nl\/spoed\/?s={search_term_string}"},"query-input":{"@type":"PropertyValueSpecification","valueRequired":true,"valueName":"search_term_string"}}],"inLanguage":"nl-NL"}]}},"_links":{"self":[{"href":"https:\/\/www.mmc.nl\/spoed\/wp-json\/wp\/v2\/pages\/384","targetHints":{"allow":["GET"]}}],"collection":[{"href":"https:\/\/www.mmc.nl\/spoed\/wp-json\/wp\/v2\/pages"}],"about":[{"href":"https:\/\/www.mmc.nl\/spoed\/wp-json\/wp\/v2\/types\/page"}],"author":[{"embeddable":true,"href":"https:\/\/www.mmc.nl\/spoed\/wp-json\/wp\/v2\/users\/4"}],"replies":[{"embeddable":true,"href":"https:\/\/www.mmc.nl\/spoed\/wp-json\/wp\/v2\/comments?post=384"}],"version-history":[{"count":1,"href":"https:\/\/www.mmc.nl\/spoed\/wp-json\/wp\/v2\/pages\/384\/revisions"}],"predecessor-version":[{"id":385,"href":"https:\/\/www.mmc.nl\/spoed\/wp-json\/wp\/v2\/pages\/384\/revisions\/385"}],"wp:featuredmedia":[{"embeddable":true,"href":"https:\/\/www.mmc.nl\/spoed\/wp-json\/"}],"wp:attachment":[{"href":"https:\/\/www.mmc.nl\/spoed\/wp-json\/wp\/v2\/media?parent=384"}],"wp:term":[{"taxonomy":"post_tag","embeddable":true,"href":"https:\/\/www.mmc.nl\/spoed\/wp-json\/wp\/v2\/tags?post=384"}],"curies":[{"name":"wp","href":"https:\/\/api.w.org\/{rel}","templated":true}]}}