{"id":1477,"date":"2018-02-01T11:31:03","date_gmt":"2018-02-01T10:31:03","guid":{"rendered":"https:\/\/www.mmc.nl\/verwijzers\/?page_id=1477"},"modified":"2018-02-01T14:08:49","modified_gmt":"2018-02-01T13:08:49","slug":"verwijsinformatie-liespijn-eerdere-chirurgie","status":"publish","type":"page","link":"https:\/\/www.mmc.nl\/verwijzers\/verwijzen-naar-mmc\/verwijsinformatie-liespijn-eerdere-chirurgie\/","title":{"rendered":"Verwijsinformatie Liespijn na eerdere chirurgie"},"content":{"rendered":"<p>In onderstaande pdf-links vindt u wetenschappelijke artikelen. Klik op de link om het betreffende artikel te downloaden.<\/p>\n<p><a href=\"https:\/\/www.mmc.nl\/verwijzers\/wp-content\/uploads\/sites\/40\/2017\/09\/chronische_gevolgen_m-loos.pdf\" target=\"_blank\" rel=\"noopener\">Chronische gevolgen van routine electieve liesbreukchirurgie<\/a><\/p>\n<p><a href=\"https:\/\/www.mmc.nl\/verwijzers\/wp-content\/uploads\/sites\/40\/2017\/09\/ann-surg-results-fann.pdf\" target=\"_blank\" rel=\"noopener\">Surgical Management of Inguinal Neuralgia After a Low Transverse Pfannenstiel Incision<\/a><\/p>\n<p><a href=\"https:\/\/www.mmc.nl\/verwijzers\/wp-content\/uploads\/sites\/40\/2017\/09\/bursitis-iliopectinea-120222120924-phpapp01.pdf\" target=\"_blank\" rel=\"noopener\">Liesklachten door bursitis iliopectinea<\/a><\/p>\n<p><a href=\"https:\/\/www.mmc.nl\/verwijzers\/wp-content\/uploads\/sites\/40\/2017\/09\/Chronische-liespijn-onderschat-probleem.pdf\" target=\"_blank\" rel=\"noopener\">Chronische liespijn onderschat probleem<\/a><\/p>\n<p><a href=\"https:\/\/www.mmc.nl\/verwijzers\/wp-content\/uploads\/sites\/40\/2017\/09\/editorialqst-groinpain-120222120834-phpapp01.pdf\" target=\"_blank\" rel=\"noopener\">Dissecting post-herniotomy pain \u2013 Scratching the surface?<\/a><\/p>\n<p><a href=\"https:\/\/www.mmc.nl\/verwijzers\/wp-content\/uploads\/sites\/40\/2017\/09\/femoraal-breuk-ntvg-120222120825-phpapp01.pdf\" target=\"_blank\" rel=\"noopener\">Oudere vrouwen met buikpijn door een beklemde \u2018dijbreuk\u2019<\/a><\/p>\n<p><a href=\"https:\/\/www.mmc.nl\/verwijzers\/wp-content\/uploads\/sites\/40\/2017\/09\/heelkunde-no-5-loos-120222120731-phpapp01.pdf\" target=\"_blank\" rel=\"noopener\">Heelkunde no 5<\/a><\/p>\n<p><a href=\"https:\/\/www.mmc.nl\/verwijzers\/wp-content\/uploads\/sites\/40\/2017\/09\/kingsnorth-comment-world-j-surg-120222120832-phpapp01.pdf\" target=\"_blank\" rel=\"noopener\">Classifying Postherniorrhaphy Pain Syndromes Following Elective Inguinal Hernia Repair<\/a><\/p>\n<p><a href=\"https:\/\/www.mmc.nl\/verwijzers\/wp-content\/uploads\/sites\/40\/2017\/09\/liespijn-en-sarcoom-retroperit-120222120921-phpapp01.pdf\" target=\"_blank\" rel=\"noopener\">Een pati\u00ebnt met vage liesklachten door een leiomyosarcoom van de V. cava inferior<\/a><\/p>\n<p><a href=\"https:\/\/www.mmc.nl\/verwijzers\/wp-content\/uploads\/sites\/40\/2017\/09\/liespijn-wat-dan-wel.pdf\" target=\"_blank\" rel=\"noopener\">Liespijn en geen liesbreuk, maar wat dan wel?<\/a><\/p>\n<p><a href=\"https:\/\/www.mmc.nl\/verwijzers\/wp-content\/uploads\/sites\/40\/2017\/09\/lig-teres-endometriose-ntvg.pdf\" target=\"_blank\" rel=\"noopener\">Lig teres endometriose<\/a><\/p>\n<p><a href=\"https:\/\/www.mmc.nl\/verwijzers\/wp-content\/uploads\/sites\/40\/2017\/09\/loos-chronic-sequelae-Hernia-2007.pdf\" target=\"_blank\" rel=\"noopener\">Chronic sequelae of common elective groin hernia repair<\/a><\/p>\n<p><a href=\"https:\/\/www.mmc.nl\/verwijzers\/wp-content\/uploads\/sites\/40\/2017\/09\/loos-evaluating-posthernior-haphy-groin-pain-hernia-2007.pdf\" target=\"_blank\" rel=\"noopener\">Evaluating postherniorrhaphy groin pain: Visual Analogue or Verbal Rating Scale?<\/a><\/p>\n<p><a href=\"https:\/\/www.mmc.nl\/verwijzers\/wp-content\/uploads\/sites\/40\/2017\/09\/loosfromntog1-120222120845-phpapp02.pdf\" target=\"_blank\" rel=\"noopener\">De Pfannenstiel-incisie als frequente oorzaak van chronische pijnklachten in de onderbuik<\/a><\/p>\n<p><a href=\"https:\/\/www.mmc.nl\/verwijzers\/wp-content\/uploads\/sites\/40\/2017\/09\/meralgia-120222120934-phpapp02.pdf\" target=\"_blank\" rel=\"noopener\">Kleine kwalen in de huisartsgeneeskunde; meralgia paraestethica<\/a><\/p>\n<p><a href=\"https:\/\/www.mmc.nl\/verwijzers\/wp-content\/uploads\/sites\/40\/2017\/09\/notenkrakerfenomeen-120222120842-phpapp01.pdf\" target=\"_blank\" rel=\"noopener\">Het centraalveneuze-compressiesyndroom: zeldzaam, maar goed endovasculair te behandelen<\/a><\/p>\n<p><a href=\"https:\/\/www.mmc.nl\/verwijzers\/wp-content\/uploads\/sites\/40\/2017\/09\/proefschrift-maarten-loos.pdf\" target=\"_blank\" rel=\"noopener\">Proefschrift Maarten Loos<\/a><\/p>\n<p><a href=\"https:\/\/www.mmc.nl\/verwijzers\/wp-content\/uploads\/sites\/40\/2017\/09\/supplement-maarten-loos.pdf\" target=\"_blank\" rel=\"noopener\">Supplement proefschrift Maarten Loos<\/a><\/p>\n<p><strong>Overzicht van publicaties<\/strong><\/p>\n<p>Chronic sequelae of common elective groin hernia repair<\/p>\n<p>Loos MJ, Roumen RM, Scheltinga MR.<\/p>\n<p>Hernia. 2007 Apr;11(2):169-73.<\/p>\n<p>Ten eerste deden wij een evaluatie van ongeveer 2000 liesbreukpati\u00ebnten die in ons opleidingsziekenhuis waren geopereerd met ofwel een open liesoperatie waarbij een matje via de lies werd geplaatst (3\/4 van de mensen) of met behulp van de zogenaamde kijkoperatietechniek (laparoscopie) (1\/4 van de pati\u00ebnten).<\/p>\n<p>Uit deze gegevens blijkt dat de rond de 10% van de pati\u00ebnten toch \u00e9\u00e9n of andere vorm van belastende pijn na een liesbreukcorrectie houdt, waarbij dit bij 2% van de totale groep als zeer ernstig wordt geclassificeerd. Een substantieel deel van deze laatste groep mensen heeft onder andere belangrijke beperkingen bij hun werk.<\/p>\n<p><strong>Classifying post-herniorrhaphy pain syndromes following elective inguinal hernia repair<\/strong><\/p>\n<p>Loos MJ, Roumen, RM, Scheltinga MR.<\/p>\n<p>World J Surg. 2007 Sep;31(9):1760-5; discussion 1766-7.<\/p>\n<p>Als gevolg op de eerste studie werden nu de pati\u00ebnten met chronische pijn verder nagekeken en ingedeeld in type pijnsyndromen. Bij bijna 150 pati\u00ebnten kon de volgende indeling worden vastgesteld: &#8211; de helft heeft een pijn die berust op een zenuwbeknelling, &#8211; \u00e9\u00e9n derde heeft een andere pijn zoals een overbelastingspijn op het schaambot, recidief liesbreuk en wat zeldzamere aandoeningen zoals slijmbeursontstekingen, &#8211; en bijna \u00e9\u00e9n kwart van de pati\u00ebnten wordt gediagnosticeerd met een chronisch gevoelige zaadstreng. Het betrof hier immers veelal mannen die voor een liesbreuk waren geopereerd. Deze indeling maakt een gerichte behandeling voor chronische liespijn na liesbreukchirurgie mogelijk.<\/p>\n<p><strong>Evaluating postherniorrhaphy groin pain: Visual Analogue or Verbal Rating Scale?<\/strong><\/p>\n<p>Loos MJ, Houterman S, Scheltinga MR, Roumen RM.<\/p>\n<p>Hernia. 2008 Apr;12(2):147-51.<\/p>\n<p>Uit de inventarisatie studies naar chronische pijn na liesbreukchirurgie kwam naar voren dat de pijn op verschillende manieren gescoord kan worden. In de literatuur wordt hiervoor een zogenaamde VAS schaal gebruikt (visual analogue scale) waarbij de betrokkene een cijfer geeft aan de pijn waarbij 0 g\u00e9\u00e9n pijn betekent en 100 een onhoudbare pijnscore. Een andere methode om de pijn te graderen kan gedaan worden met woorden, zoals bijvoorbeeld: \u2018geen pijn\u2019, milde pijn, matige pijn of ernstige pijn. Deze studie onderzochten wat de meest handzame en betrouwbare methode is om pijn na liesbreukchirurgie te classificeren. Wij kwamen tot de conclusie dat vooral de methode met de woorden eenvoudig en goed reproduceerbaar is.<\/p>\n<p><strong>A randomised controlled trial of injection therapy versus neurectomy for post-herniorrhaphy inguinal neuralgia: rationale and study design<\/strong><\/p>\n<p>Loos MJ, Verhagen T, Scheltinga MR, Roumen, RM .<\/p>\n<p>Hernia. 2010 Dec;14(6):593-7.<\/p>\n<p>Hier beschrijven wij de studie-opzet, waarbij we uitzoeken wat de beste strategie van behandeling is voor chronische liespijn na eerdere liesbreukchirurgie met een uitwendig geplaatst matje. Ook deze studie is uiteraard goedgekeurd door de Medisch Ethische ToetsingsCommissie en er zijn twee behandelingsgroepen: a. 27 pati\u00ebnten die met injecties worden behandeld (en daarna eventueel kunnen worden geopereerd) en b. 27 andere pati\u00ebnten die meteen een neurectomie (zenuwdoorsnijding) krijgen.<\/p>\n<p>De resultaten worden in 2013 verwacht en nader geanalyseerd en dan gepubliceerd.<\/p>\n<p><strong>The Pfannenstiel incision as a source of chronic pain<\/strong><\/p>\n<p>Loos MJ, Scheltinga MR, Mulders LG, Roumen RM. .<\/p>\n<p>Obstet Gynecol. 2008 Apr;111(4):839-46.<\/p>\n<p>Op basis van onze ervaringen, vooral bij mannen met pijn na eerdere liesbreukchirurgie, kwamen wij steeds meer in aanraking met vrouwelijke pati\u00ebnten die een vergelijkbare pijn hadden, die bleek te berusten op zenuwbeknelling in de lies na een eerdere uitgevoerde keizersnede. De keizersnede kon zijn gedaan omwille van een bevalling, maar ook omwille van het verwijderen van de baarmoeder. Dit is voor gynaecologen de meest gebruikelijke operatietechniek voor beide ingrepen.<\/p>\n<p>Bijna 900 vrouwen ontvingen een enqu\u00eate over de eventuele klachten samenhangend met deze operatie. Ook nu weer waren we verbaasd over het hoge percentage chronische pijnklachten. Matig tot ernstige pijn werd gerapporteerd door 7% van de vrouwen, terwijl 9% aangaf in dagelijkse activiteiten door pijn in het litteken beperkt te zijn. Ook nu bleek in meer dan de helft van de gevallen de pijn te berusten op zenuwbeknelling, hetgeen we vaststelden door pati\u00ebnten met ernstige pijn uitgebreid na te kijken. De conclusie was dan ook dat het v\u00f3\u00f3rkomen van liespijn na een eerdere keizersnede een niet ongewone bevinding was.<\/p>\n<p><strong>Surgical management of inguinal neuralgia after a low transverse Pfannenstiel incision<\/strong><\/p>\n<p>Loos MJ, Scheltinga MR, Roumen RM.<\/p>\n<p>Ann Surg. 2008 Nov;248(5):880-5. doi: 10.1097\/SLA.0b013e318185da2e.<\/p>\n<p>In deze studie doen we verslag van de chirurgische behandeling van pati\u00ebnten met zenuwpijn (neuropathische pijn) na een eerdere keizersnede. De behandeling bestond in eerste instantie steeds uit het toedienen van injecties, al of niet gecombineerd met corticostero\u00efden. Dit was met blijvend gunstig resultaat toepasbaar bij 15% van de pati\u00ebntengroep. De overige pati\u00ebnten werden geopereerd, waarbij in driekwart van de gevallen de resultaten uitstekend tot goed waren, in 14% matig en in 13% slecht. In een latere, nog niet gepubliceerde studie, bij een grotere pati\u00ebntengroep konden dezelfde resultaten worden bevestigd. (Tim Verhagen, artikel voor publicatie aangeboden).<br \/>\nDe conclusie is dan ook dat bij pati\u00ebnten met pijn na een eerdere keizersnede die blijkt te berusten op een beknelling van de lieszenuwen, het opereren van deze zenuwen en het uitvoeren van een neurectomie zinvol is, indien een injectiestrategie niet slaagt.<\/p>\n<p><strong>Tailored neurectomy for treatment of postherniorrhaphy inguinal neuralgia<\/strong><\/p>\n<p>Loos MJ, Scheltinga MR, Roumen RM.<\/p>\n<p>Surgery. 2010 Feb;147(2):275-81.<\/p>\n<p>Hier rapporteren wij de eerste behandelingsresultaten van de neurectomie bij pati\u00ebnten met chronische liespijn na eerdere liesbreukchirurgie. Deze uitkomsten zijn vergelijkbaar met die zoals hierboven vermeld bij de keizersnedes. De helft van de overwegend mannen was pijnvrij na operatie, een kwart had een redelijk resultaat op de pijnbeleving en bij het overige kwart van de pati\u00ebnten was er geen verbetering. Bovendien bleek uit onze analyse dat er bij de betrokken chirurgen (Roumen &amp; Scheltinga) een leercurve effect was bij deze vorm van chirurgie.<\/p>\n<p><strong>Occupational disability due to chronic postherniorrhaphy neuralgia: a plea for tailored neurectomy<\/strong><\/p>\n<p>Loos MJ, Lemmers ChHC, Heineman E,Scheltinga MR, Roumen RM.<\/p>\n<p>Tenslotte werd nog een studie uitgevoerd naar de impact van dergelijke liespijn na liesbreukchirurgie op werkgelegenheid en arbeidsongeschiktheid. Uit onze data bleek dat de helft van de pati\u00ebnten die eerder arbeidsongeschikt waren geraakt door hun liespijn, na hun operatie waarbij een neurectomie al of niet gecombineerd met een matverwijdering werd uitgevoerd, weer terug konden keren in het arbeidsproces. Berekend wordt dat dit voor de Nederlandse gemeenschap enorme besparingen kan opleveren ten aanzien van de uitkeringsgelden. Daarmee is het uitvoeren van een neurectomie ook een sociaal economisch een zeer effectieve behandelingstrategie (artikel voor publicatie aangeboden).<\/p>\n<p><strong>Endometriose<\/strong><\/p>\n<p>T.Verhagen<\/p>\n<p>Uit de analyse van de gegevens met betrekking tot pijnklachten bij pati\u00ebnten met een keizersnede kwam naar voren dat een kleine groep pati\u00ebnten cyclisch last heeft van een vervelende pijnlijke knobbel in het litteken, hetgeen blijkt te berusten op endometriose. Dit is een knobbel bestaande uit weefsel dat afkomstig is van het baarmoederslijmvlies, hetgeen mee reageert met de hormonale cyclische veranderingen van het lichaam. Afhankelijk van de plaats van een dergelijke knobbel kan dit leiden tot vervelende lokale pijnklachten. Wij beschreven de resultaten van onze behandelingstrategie bij 27 van dergelijke pati\u00ebnten. Het is van belang om een dergelijke knobbel, die zich soms wat diffuus uitgebreider in het onderhuidse vetweefsel tot op de buikspier en schaambot bevindt, ruim en radicaal te verwijderen. Bij een kwart van de pati\u00ebnten kwam namelijk na verloop van tijd toch een dergelijke zogenaamde recidief-knobbel met pijnklachten weer terug (artikel voor publicatie aangeboden).<\/p>\n<p><strong>Dysejaculatie<\/strong><\/p>\n<p>T.Verhagen<\/p>\n<p>Op basis van onze analyses en interviews met mannen die behandeld werden voor chronische liespijn na eerdere liesbreukchirurgie, bleek dat een belangrijk deel van deze mannen klaagde over een pijnlijke zaadlozing. Dit wordt in de medische literatuur dysejaculatie genoemd. De pijn kan vari\u00ebren van kortstondig en matig tot langdurig en zeer intensief. Uiteraard is dit een zeer ernstig kwaliteit van leven be\u00efnvloedende factor, waar tot op heden echter te weinig aandacht aan besteed is. Wij interviewden onze eerste 100 mannen met chronische pijn na liesbreukchirurgie die een neurectomie of een gedeeltelijke zenuwbehandeling met matverwijdering ondergingen. Op de eerste plaats bleek dat 1 op de 3 mannen dergelijke vervelende dysejaculatie klachten hadden, soms zodanig dat dit het seksuele leven volledig verstoorde. Na de door ons uitgevoerde operatie bleek dat bij 2 op de 3 mannen deze klachten waren verdwenen.<\/p>\n<p><strong>Trials<\/strong><br \/>\n1. LiespijnTrial<br \/>\nHet effect van een neurectomie vergeleken met dat van een injectie met lidoca\u00efne, corticostero\u00efden en hyaluronzuur op chronische liespijn na chirurgisch liesbreukherstel. METC no 0543, NTR814, ISRCT71787.<br \/>\n2. PARADE Trial<br \/>\nEffect vergelijking van lichtgewicht mesh (Parietene\u00ae self-fixing semi-resorbable mesh) met een standaard polypropyleen mesh (Marlex\u00ae; Bard) op chronische liespijnontwikkeling. METC no volgt nog, NTR1212, ISRCTN.<\/p>\n","protected":false},"excerpt":{"rendered":"<p>In onderstaande pdf-links vindt u wetenschappelijke artikelen. Klik op de link om het betreffende artikel te downloaden. Chronische gevolgen van routine electieve liesbreukchirurgie Surgical Management of Inguinal Neuralgia After a Low Transverse Pfannenstiel Incision Liesklachten door bursitis iliopectinea Chronische liespijn onderschat probleem Dissecting post-herniotomy pain \u2013 Scratching the surface? Oudere vrouwen met buikpijn door een [&hellip;]<\/p>\n","protected":false},"author":3,"featured_media":1,"parent":701,"menu_order":0,"comment_status":"closed","ping_status":"closed","template":"","meta":{"_acf_changed":false,"ep_exclude_from_search":false,"footnotes":""},"tags":[761,214],"class_list":["post-1477","page","type-page","status-publish","has-post-thumbnail","hentry","tag-liespijn","tag-verwijzen"],"acf":[],"yoast_head":"<!-- This site is optimized with the Yoast SEO Premium plugin v27.3 (Yoast SEO v27.3) - https:\/\/yoast.com\/product\/yoast-seo-premium-wordpress\/ -->\n<title>Verwijsinformatie Liespijn na eerdere chirurgie - M\u00e1xima MC<\/title>\n<meta name=\"description\" content=\"In onderstaande pdf-links vindt u wetenschappelijke artikelen. Klik op de link om het betreffende artikel te downloaden.\" \/>\n<meta name=\"robots\" content=\"index, follow, max-snippet:-1, max-image-preview:large, max-video-preview:-1\" \/>\n<link rel=\"canonical\" href=\"https:\/\/www.mmc.nl\/verwijzers\/verwijzen-naar-mmc\/verwijsinformatie-liespijn-eerdere-chirurgie\/\" \/>\n<meta property=\"og:locale\" content=\"nl_NL\" \/>\n<meta property=\"og:type\" content=\"article\" \/>\n<meta property=\"og:title\" content=\"Verwijsinformatie Liespijn na eerdere chirurgie\" \/>\n<meta property=\"og:description\" content=\"In onderstaande pdf-links vindt u wetenschappelijke artikelen. Klik op de link om het betreffende artikel te downloaden.\" \/>\n<meta property=\"og:url\" content=\"https:\/\/www.mmc.nl\/verwijzers\/verwijzen-naar-mmc\/verwijsinformatie-liespijn-eerdere-chirurgie\/\" \/>\n<meta property=\"og:site_name\" content=\"Verwijzers\" \/>\n<meta property=\"article:modified_time\" content=\"2018-02-01T13:08:49+00:00\" \/>\n<meta name=\"twitter:card\" content=\"summary_large_image\" \/>\n<meta name=\"twitter:label1\" content=\"Geschatte leestijd\" \/>\n\t<meta name=\"twitter:data1\" content=\"8 minuten\" \/>\n<script type=\"application\/ld+json\" class=\"yoast-schema-graph\">{\"@context\":\"https:\\\/\\\/schema.org\",\"@graph\":[{\"@type\":\"WebPage\",\"@id\":\"https:\\\/\\\/www.mmc.nl\\\/verwijzers\\\/verwijzen-naar-mmc\\\/verwijsinformatie-liespijn-eerdere-chirurgie\\\/\",\"url\":\"https:\\\/\\\/www.mmc.nl\\\/verwijzers\\\/verwijzen-naar-mmc\\\/verwijsinformatie-liespijn-eerdere-chirurgie\\\/\",\"name\":\"Verwijsinformatie Liespijn na eerdere chirurgie - M\u00e1xima MC\",\"isPartOf\":{\"@id\":\"https:\\\/\\\/www.mmc.nl\\\/verwijzers\\\/#website\"},\"primaryImageOfPage\":{\"@id\":\"https:\\\/\\\/www.mmc.nl\\\/verwijzers\\\/verwijzen-naar-mmc\\\/verwijsinformatie-liespijn-eerdere-chirurgie\\\/#primaryimage\"},\"image\":{\"@id\":\"https:\\\/\\\/www.mmc.nl\\\/verwijzers\\\/verwijzen-naar-mmc\\\/verwijsinformatie-liespijn-eerdere-chirurgie\\\/#primaryimage\"},\"thumbnailUrl\":\"\",\"datePublished\":\"2018-02-01T10:31:03+00:00\",\"dateModified\":\"2018-02-01T13:08:49+00:00\",\"description\":\"In onderstaande pdf-links vindt u wetenschappelijke artikelen. Klik op de link om het betreffende artikel te downloaden.\",\"breadcrumb\":{\"@id\":\"https:\\\/\\\/www.mmc.nl\\\/verwijzers\\\/verwijzen-naar-mmc\\\/verwijsinformatie-liespijn-eerdere-chirurgie\\\/#breadcrumb\"},\"inLanguage\":\"nl-NL\",\"potentialAction\":[{\"@type\":\"ReadAction\",\"target\":[\"https:\\\/\\\/www.mmc.nl\\\/verwijzers\\\/verwijzen-naar-mmc\\\/verwijsinformatie-liespijn-eerdere-chirurgie\\\/\"]}]},{\"@type\":\"ImageObject\",\"inLanguage\":\"nl-NL\",\"@id\":\"https:\\\/\\\/www.mmc.nl\\\/verwijzers\\\/verwijzen-naar-mmc\\\/verwijsinformatie-liespijn-eerdere-chirurgie\\\/#primaryimage\",\"url\":\"\",\"contentUrl\":\"\"},{\"@type\":\"BreadcrumbList\",\"@id\":\"https:\\\/\\\/www.mmc.nl\\\/verwijzers\\\/verwijzen-naar-mmc\\\/verwijsinformatie-liespijn-eerdere-chirurgie\\\/#breadcrumb\",\"itemListElement\":[{\"@type\":\"ListItem\",\"position\":1,\"name\":\"Verwijzers\",\"item\":\"https:\\\/\\\/www.mmc.nl\\\/verwijzers\\\/\"},{\"@type\":\"ListItem\",\"position\":2,\"name\":\"Verwijzen naar MMC\",\"item\":\"https:\\\/\\\/www.mmc.nl\\\/verwijzers\\\/verwijzen-naar-mmc\\\/\"},{\"@type\":\"ListItem\",\"position\":3,\"name\":\"Verwijsinformatie Liespijn na eerdere chirurgie\"}]},{\"@type\":\"WebSite\",\"@id\":\"https:\\\/\\\/www.mmc.nl\\\/verwijzers\\\/#website\",\"url\":\"https:\\\/\\\/www.mmc.nl\\\/verwijzers\\\/\",\"name\":\"Verwijzers\",\"description\":\"\",\"potentialAction\":[{\"@type\":\"SearchAction\",\"target\":{\"@type\":\"EntryPoint\",\"urlTemplate\":\"https:\\\/\\\/www.mmc.nl\\\/verwijzers\\\/?s={search_term_string}\"},\"query-input\":{\"@type\":\"PropertyValueSpecification\",\"valueRequired\":true,\"valueName\":\"search_term_string\"}}],\"inLanguage\":\"nl-NL\"}]}<\/script>\n<!-- \/ Yoast SEO Premium plugin. -->","yoast_head_json":{"title":"Verwijsinformatie Liespijn na eerdere chirurgie - M\u00e1xima MC","description":"In onderstaande pdf-links vindt u wetenschappelijke artikelen. Klik op de link om het betreffende artikel te downloaden.","robots":{"index":"index","follow":"follow","max-snippet":"max-snippet:-1","max-image-preview":"max-image-preview:large","max-video-preview":"max-video-preview:-1"},"canonical":"https:\/\/www.mmc.nl\/verwijzers\/verwijzen-naar-mmc\/verwijsinformatie-liespijn-eerdere-chirurgie\/","og_locale":"nl_NL","og_type":"article","og_title":"Verwijsinformatie Liespijn na eerdere chirurgie","og_description":"In onderstaande pdf-links vindt u wetenschappelijke artikelen. Klik op de link om het betreffende artikel te downloaden.","og_url":"https:\/\/www.mmc.nl\/verwijzers\/verwijzen-naar-mmc\/verwijsinformatie-liespijn-eerdere-chirurgie\/","og_site_name":"Verwijzers","article_modified_time":"2018-02-01T13:08:49+00:00","twitter_card":"summary_large_image","twitter_misc":{"Geschatte leestijd":"8 minuten"},"schema":{"@context":"https:\/\/schema.org","@graph":[{"@type":"WebPage","@id":"https:\/\/www.mmc.nl\/verwijzers\/verwijzen-naar-mmc\/verwijsinformatie-liespijn-eerdere-chirurgie\/","url":"https:\/\/www.mmc.nl\/verwijzers\/verwijzen-naar-mmc\/verwijsinformatie-liespijn-eerdere-chirurgie\/","name":"Verwijsinformatie Liespijn na eerdere chirurgie - M\u00e1xima MC","isPartOf":{"@id":"https:\/\/www.mmc.nl\/verwijzers\/#website"},"primaryImageOfPage":{"@id":"https:\/\/www.mmc.nl\/verwijzers\/verwijzen-naar-mmc\/verwijsinformatie-liespijn-eerdere-chirurgie\/#primaryimage"},"image":{"@id":"https:\/\/www.mmc.nl\/verwijzers\/verwijzen-naar-mmc\/verwijsinformatie-liespijn-eerdere-chirurgie\/#primaryimage"},"thumbnailUrl":"","datePublished":"2018-02-01T10:31:03+00:00","dateModified":"2018-02-01T13:08:49+00:00","description":"In onderstaande pdf-links vindt u wetenschappelijke artikelen. Klik op de link om het betreffende artikel te downloaden.","breadcrumb":{"@id":"https:\/\/www.mmc.nl\/verwijzers\/verwijzen-naar-mmc\/verwijsinformatie-liespijn-eerdere-chirurgie\/#breadcrumb"},"inLanguage":"nl-NL","potentialAction":[{"@type":"ReadAction","target":["https:\/\/www.mmc.nl\/verwijzers\/verwijzen-naar-mmc\/verwijsinformatie-liespijn-eerdere-chirurgie\/"]}]},{"@type":"ImageObject","inLanguage":"nl-NL","@id":"https:\/\/www.mmc.nl\/verwijzers\/verwijzen-naar-mmc\/verwijsinformatie-liespijn-eerdere-chirurgie\/#primaryimage","url":"","contentUrl":""},{"@type":"BreadcrumbList","@id":"https:\/\/www.mmc.nl\/verwijzers\/verwijzen-naar-mmc\/verwijsinformatie-liespijn-eerdere-chirurgie\/#breadcrumb","itemListElement":[{"@type":"ListItem","position":1,"name":"Verwijzers","item":"https:\/\/www.mmc.nl\/verwijzers\/"},{"@type":"ListItem","position":2,"name":"Verwijzen naar MMC","item":"https:\/\/www.mmc.nl\/verwijzers\/verwijzen-naar-mmc\/"},{"@type":"ListItem","position":3,"name":"Verwijsinformatie Liespijn na eerdere chirurgie"}]},{"@type":"WebSite","@id":"https:\/\/www.mmc.nl\/verwijzers\/#website","url":"https:\/\/www.mmc.nl\/verwijzers\/","name":"Verwijzers","description":"","potentialAction":[{"@type":"SearchAction","target":{"@type":"EntryPoint","urlTemplate":"https:\/\/www.mmc.nl\/verwijzers\/?s={search_term_string}"},"query-input":{"@type":"PropertyValueSpecification","valueRequired":true,"valueName":"search_term_string"}}],"inLanguage":"nl-NL"}]}},"_links":{"self":[{"href":"https:\/\/www.mmc.nl\/verwijzers\/wp-json\/wp\/v2\/pages\/1477","targetHints":{"allow":["GET"]}}],"collection":[{"href":"https:\/\/www.mmc.nl\/verwijzers\/wp-json\/wp\/v2\/pages"}],"about":[{"href":"https:\/\/www.mmc.nl\/verwijzers\/wp-json\/wp\/v2\/types\/page"}],"author":[{"embeddable":true,"href":"https:\/\/www.mmc.nl\/verwijzers\/wp-json\/wp\/v2\/users\/3"}],"replies":[{"embeddable":true,"href":"https:\/\/www.mmc.nl\/verwijzers\/wp-json\/wp\/v2\/comments?post=1477"}],"version-history":[{"count":1,"href":"https:\/\/www.mmc.nl\/verwijzers\/wp-json\/wp\/v2\/pages\/1477\/revisions"}],"predecessor-version":[{"id":1478,"href":"https:\/\/www.mmc.nl\/verwijzers\/wp-json\/wp\/v2\/pages\/1477\/revisions\/1478"}],"up":[{"embeddable":true,"href":"https:\/\/www.mmc.nl\/verwijzers\/wp-json\/wp\/v2\/pages\/701"}],"wp:featuredmedia":[{"embeddable":true,"href":"https:\/\/www.mmc.nl\/verwijzers\/wp-json\/"}],"wp:attachment":[{"href":"https:\/\/www.mmc.nl\/verwijzers\/wp-json\/wp\/v2\/media?parent=1477"}],"wp:term":[{"taxonomy":"post_tag","embeddable":true,"href":"https:\/\/www.mmc.nl\/verwijzers\/wp-json\/wp\/v2\/tags?post=1477"}],"curies":[{"name":"wp","href":"https:\/\/api.w.org\/{rel}","templated":true}]}}