{"id":2737,"date":"2019-11-11T13:49:55","date_gmt":"2019-11-11T12:49:55","guid":{"rendered":"https:\/\/www.mmc.nl\/verwijzers\/?page_id=2737"},"modified":"2023-08-08T13:52:43","modified_gmt":"2023-08-08T11:52:43","slug":"verwijsinformatie-neuro-endocriene-tumoren","status":"publish","type":"page","link":"https:\/\/www.mmc.nl\/verwijzers\/verwijsinformatie-neuro-endocriene-tumoren\/","title":{"rendered":"Verwijsinformatie Neuro endocriene tumoren"},"content":{"rendered":"<h2>NET-Centrum Zuid<\/h2>\n<p>Maxima oncologisch Centrum (MOC) is \u00e9\u00e9n van de aangewezen, gespecialiseerde centra van Nederland waar pati\u00ebnten met een neuro-endocriene tumor (NET) of een neuro-endocrien carcinoom (NEC) worden behandeld. Samen met Maastricht UMC+ Comprehensive Cancer Center (MCCC) zijn wij door de European Neuroendocrine Tumor Society (ENETS) erkend als Center of Excellence. Dit betekend dat de twee ziekenhuizen voldoen aan alle kwaliteitsstandaarden zoals ENETS deze heeft gesteld.<br \/>\nWanneer er sprake is van een NET of NEC, kan de pati\u00ebnt worden verwezen naar het NET-centrum Zuid.<\/p>\n<h2>Verwijzing<\/h2>\n<p>Wanneer een pati\u00ebnt naar M\u00e1xima MC wordt verwezen, zouden we graag aanvullende informatie ontvangen<\/p>\n<ul>\n<li>Volledige persoonsgegevens van de pati\u00ebnt<\/li>\n<li>Adres gegevens<\/li>\n<li>BSN<\/li>\n<li>Verzekering en verzekeringsnummer<\/li>\n<li>Naam huisarts<\/li>\n<li>Naam contactpersoon voor aanvullende gegevens<\/li>\n<li>Naam verwijzer<\/li>\n<li>Verwijsbrief<\/li>\n<li>Verslagen: beeldvorming, pathologie, operatie, enz.<\/li>\n<\/ul>\n<p>Deze gegevens kunt u mailen naar: <a href=\"mailto:secr.MOC@mmc.nl\">secr.MOC@mmc.nl<\/a><\/p>\n<p>Medische beelden kunnen digitaal verstuurd worden via Twiin of Regionale beelden.<\/p>\n<p>Bij overige vragen kunt u contact opnemen met het secretariaat van het <a href=\"https:\/\/www.mmc.nl\/oncologie\/aandoeningen-en-behandelingen\/neuro-endocriene-tumoren\/\">M\u00e1xima Oncologisch Centrum, neuro-endocriene tumoren (NET)<\/a>: <a href=\"tel:\/\/0031-040-8886190\">040 \u2013 888 6190<\/a>.<\/p>\n<h3>Specialist<\/h3>\n<p><a href=\"https:\/\/www.mmc.nl\/specialisten\/dercksen-dr-m-w\/\" target=\"_blank\" rel=\"noopener noreferrer\">Dhr. dr. M.W. Dercksen<\/a><\/p>\n","protected":false},"excerpt":{"rendered":"<p>NET-Centrum Zuid Maxima oncologisch Centrum (MOC) is \u00e9\u00e9n van de aangewezen, gespecialiseerde centra van Nederland waar pati\u00ebnten met een neuro-endocriene tumor (NET) of een neuro-endocrien carcinoom (NEC) worden behandeld. Samen met Maastricht UMC+ Comprehensive Cancer Center (MCCC) zijn wij door de European Neuroendocrine Tumor Society (ENETS) erkend als Center of Excellence. Dit betekend dat de [&hellip;]<\/p>\n","protected":false},"author":3,"featured_media":1,"parent":0,"menu_order":0,"comment_status":"closed","ping_status":"closed","template":"","meta":{"_acf_changed":false,"ep_exclude_from_search":false,"footnotes":""},"tags":[1876,1879,1873],"class_list":["post-2737","page","type-page","status-publish","has-post-thumbnail","hentry","tag-net-patient","tag-verwijsformulier-net","tag-verwijzen-net-patient"],"acf":[],"yoast_head":"<!-- This site is optimized with the Yoast SEO Premium plugin v27.3 (Yoast SEO v27.3) - https:\/\/yoast.com\/product\/yoast-seo-premium-wordpress\/ -->\n<title>Verwijsinformatie Neuro endocriene tumoren - Verwijzers<\/title>\n<meta name=\"description\" content=\"Om de snelheid en kwaliteit voor de behandeling van pati\u00ebnten te waarborgen, kunt u pati\u00ebnten digitaal bij ons aanmelden. Gebruik dit verwijsformulier.\" \/>\n<meta name=\"robots\" content=\"index, follow, max-snippet:-1, max-image-preview:large, max-video-preview:-1\" \/>\n<link rel=\"canonical\" href=\"https:\/\/www.mmc.nl\/verwijzers\/verwijsinformatie-neuro-endocriene-tumoren\/\" \/>\n<meta property=\"og:locale\" content=\"nl_NL\" \/>\n<meta property=\"og:type\" content=\"article\" \/>\n<meta property=\"og:title\" content=\"Verwijsinformatie Neuro endocriene tumoren\" \/>\n<meta property=\"og:description\" content=\"Om de snelheid en kwaliteit voor de behandeling van pati\u00ebnten te waarborgen, kunt u pati\u00ebnten digitaal bij ons aanmelden. Gebruik dit verwijsformulier.\" \/>\n<meta property=\"og:url\" content=\"https:\/\/www.mmc.nl\/verwijzers\/verwijsinformatie-neuro-endocriene-tumoren\/\" \/>\n<meta property=\"og:site_name\" content=\"Verwijzers\" \/>\n<meta property=\"article:modified_time\" content=\"2023-08-08T11:52:43+00:00\" \/>\n<meta name=\"twitter:card\" content=\"summary_large_image\" \/>\n<meta name=\"twitter:label1\" content=\"Geschatte leestijd\" \/>\n\t<meta name=\"twitter:data1\" content=\"1 minuut\" \/>\n<script type=\"application\/ld+json\" class=\"yoast-schema-graph\">{\"@context\":\"https:\\\/\\\/schema.org\",\"@graph\":[{\"@type\":\"WebPage\",\"@id\":\"https:\\\/\\\/www.mmc.nl\\\/verwijzers\\\/verwijsinformatie-neuro-endocriene-tumoren\\\/\",\"url\":\"https:\\\/\\\/www.mmc.nl\\\/verwijzers\\\/verwijsinformatie-neuro-endocriene-tumoren\\\/\",\"name\":\"Verwijsinformatie Neuro endocriene tumoren - Verwijzers\",\"isPartOf\":{\"@id\":\"https:\\\/\\\/www.mmc.nl\\\/verwijzers\\\/#website\"},\"primaryImageOfPage\":{\"@id\":\"https:\\\/\\\/www.mmc.nl\\\/verwijzers\\\/verwijsinformatie-neuro-endocriene-tumoren\\\/#primaryimage\"},\"image\":{\"@id\":\"https:\\\/\\\/www.mmc.nl\\\/verwijzers\\\/verwijsinformatie-neuro-endocriene-tumoren\\\/#primaryimage\"},\"thumbnailUrl\":\"\",\"datePublished\":\"2019-11-11T12:49:55+00:00\",\"dateModified\":\"2023-08-08T11:52:43+00:00\",\"description\":\"Om de snelheid en kwaliteit voor de behandeling van pati\u00ebnten te waarborgen, kunt u pati\u00ebnten digitaal bij ons aanmelden. Gebruik dit verwijsformulier.\",\"breadcrumb\":{\"@id\":\"https:\\\/\\\/www.mmc.nl\\\/verwijzers\\\/verwijsinformatie-neuro-endocriene-tumoren\\\/#breadcrumb\"},\"inLanguage\":\"nl-NL\",\"potentialAction\":[{\"@type\":\"ReadAction\",\"target\":[\"https:\\\/\\\/www.mmc.nl\\\/verwijzers\\\/verwijsinformatie-neuro-endocriene-tumoren\\\/\"]}]},{\"@type\":\"ImageObject\",\"inLanguage\":\"nl-NL\",\"@id\":\"https:\\\/\\\/www.mmc.nl\\\/verwijzers\\\/verwijsinformatie-neuro-endocriene-tumoren\\\/#primaryimage\",\"url\":\"\",\"contentUrl\":\"\"},{\"@type\":\"BreadcrumbList\",\"@id\":\"https:\\\/\\\/www.mmc.nl\\\/verwijzers\\\/verwijsinformatie-neuro-endocriene-tumoren\\\/#breadcrumb\",\"itemListElement\":[{\"@type\":\"ListItem\",\"position\":1,\"name\":\"Verwijzers\",\"item\":\"https:\\\/\\\/www.mmc.nl\\\/verwijzers\\\/\"},{\"@type\":\"ListItem\",\"position\":2,\"name\":\"Verwijsinformatie Neuro endocriene tumoren\"}]},{\"@type\":\"WebSite\",\"@id\":\"https:\\\/\\\/www.mmc.nl\\\/verwijzers\\\/#website\",\"url\":\"https:\\\/\\\/www.mmc.nl\\\/verwijzers\\\/\",\"name\":\"Verwijzers\",\"description\":\"\",\"potentialAction\":[{\"@type\":\"SearchAction\",\"target\":{\"@type\":\"EntryPoint\",\"urlTemplate\":\"https:\\\/\\\/www.mmc.nl\\\/verwijzers\\\/?s={search_term_string}\"},\"query-input\":{\"@type\":\"PropertyValueSpecification\",\"valueRequired\":true,\"valueName\":\"search_term_string\"}}],\"inLanguage\":\"nl-NL\"}]}<\/script>\n<!-- \/ Yoast SEO Premium plugin. -->","yoast_head_json":{"title":"Verwijsinformatie Neuro endocriene tumoren - Verwijzers","description":"Om de snelheid en kwaliteit voor de behandeling van pati\u00ebnten te waarborgen, kunt u pati\u00ebnten digitaal bij ons aanmelden. Gebruik dit verwijsformulier.","robots":{"index":"index","follow":"follow","max-snippet":"max-snippet:-1","max-image-preview":"max-image-preview:large","max-video-preview":"max-video-preview:-1"},"canonical":"https:\/\/www.mmc.nl\/verwijzers\/verwijsinformatie-neuro-endocriene-tumoren\/","og_locale":"nl_NL","og_type":"article","og_title":"Verwijsinformatie Neuro endocriene tumoren","og_description":"Om de snelheid en kwaliteit voor de behandeling van pati\u00ebnten te waarborgen, kunt u pati\u00ebnten digitaal bij ons aanmelden. Gebruik dit verwijsformulier.","og_url":"https:\/\/www.mmc.nl\/verwijzers\/verwijsinformatie-neuro-endocriene-tumoren\/","og_site_name":"Verwijzers","article_modified_time":"2023-08-08T11:52:43+00:00","twitter_card":"summary_large_image","twitter_misc":{"Geschatte leestijd":"1 minuut"},"schema":{"@context":"https:\/\/schema.org","@graph":[{"@type":"WebPage","@id":"https:\/\/www.mmc.nl\/verwijzers\/verwijsinformatie-neuro-endocriene-tumoren\/","url":"https:\/\/www.mmc.nl\/verwijzers\/verwijsinformatie-neuro-endocriene-tumoren\/","name":"Verwijsinformatie Neuro endocriene tumoren - Verwijzers","isPartOf":{"@id":"https:\/\/www.mmc.nl\/verwijzers\/#website"},"primaryImageOfPage":{"@id":"https:\/\/www.mmc.nl\/verwijzers\/verwijsinformatie-neuro-endocriene-tumoren\/#primaryimage"},"image":{"@id":"https:\/\/www.mmc.nl\/verwijzers\/verwijsinformatie-neuro-endocriene-tumoren\/#primaryimage"},"thumbnailUrl":"","datePublished":"2019-11-11T12:49:55+00:00","dateModified":"2023-08-08T11:52:43+00:00","description":"Om de snelheid en kwaliteit voor de behandeling van pati\u00ebnten te waarborgen, kunt u pati\u00ebnten digitaal bij ons aanmelden. Gebruik dit verwijsformulier.","breadcrumb":{"@id":"https:\/\/www.mmc.nl\/verwijzers\/verwijsinformatie-neuro-endocriene-tumoren\/#breadcrumb"},"inLanguage":"nl-NL","potentialAction":[{"@type":"ReadAction","target":["https:\/\/www.mmc.nl\/verwijzers\/verwijsinformatie-neuro-endocriene-tumoren\/"]}]},{"@type":"ImageObject","inLanguage":"nl-NL","@id":"https:\/\/www.mmc.nl\/verwijzers\/verwijsinformatie-neuro-endocriene-tumoren\/#primaryimage","url":"","contentUrl":""},{"@type":"BreadcrumbList","@id":"https:\/\/www.mmc.nl\/verwijzers\/verwijsinformatie-neuro-endocriene-tumoren\/#breadcrumb","itemListElement":[{"@type":"ListItem","position":1,"name":"Verwijzers","item":"https:\/\/www.mmc.nl\/verwijzers\/"},{"@type":"ListItem","position":2,"name":"Verwijsinformatie Neuro endocriene tumoren"}]},{"@type":"WebSite","@id":"https:\/\/www.mmc.nl\/verwijzers\/#website","url":"https:\/\/www.mmc.nl\/verwijzers\/","name":"Verwijzers","description":"","potentialAction":[{"@type":"SearchAction","target":{"@type":"EntryPoint","urlTemplate":"https:\/\/www.mmc.nl\/verwijzers\/?s={search_term_string}"},"query-input":{"@type":"PropertyValueSpecification","valueRequired":true,"valueName":"search_term_string"}}],"inLanguage":"nl-NL"}]}},"_links":{"self":[{"href":"https:\/\/www.mmc.nl\/verwijzers\/wp-json\/wp\/v2\/pages\/2737","targetHints":{"allow":["GET"]}}],"collection":[{"href":"https:\/\/www.mmc.nl\/verwijzers\/wp-json\/wp\/v2\/pages"}],"about":[{"href":"https:\/\/www.mmc.nl\/verwijzers\/wp-json\/wp\/v2\/types\/page"}],"author":[{"embeddable":true,"href":"https:\/\/www.mmc.nl\/verwijzers\/wp-json\/wp\/v2\/users\/3"}],"replies":[{"embeddable":true,"href":"https:\/\/www.mmc.nl\/verwijzers\/wp-json\/wp\/v2\/comments?post=2737"}],"version-history":[{"count":5,"href":"https:\/\/www.mmc.nl\/verwijzers\/wp-json\/wp\/v2\/pages\/2737\/revisions"}],"predecessor-version":[{"id":4898,"href":"https:\/\/www.mmc.nl\/verwijzers\/wp-json\/wp\/v2\/pages\/2737\/revisions\/4898"}],"wp:featuredmedia":[{"embeddable":true,"href":"https:\/\/www.mmc.nl\/verwijzers\/wp-json\/"}],"wp:attachment":[{"href":"https:\/\/www.mmc.nl\/verwijzers\/wp-json\/wp\/v2\/media?parent=2737"}],"wp:term":[{"taxonomy":"post_tag","embeddable":true,"href":"https:\/\/www.mmc.nl\/verwijzers\/wp-json\/wp\/v2\/tags?post=2737"}],"curies":[{"name":"wp","href":"https:\/\/api.w.org\/{rel}","templated":true}]}}