{"id":1133,"date":"2017-10-06T14:26:03","date_gmt":"2017-10-06T12:26:03","guid":{"rendered":"https:\/\/www.mmc.nl\/werkenbijmmc\/?page_id=1133"},"modified":"2017-10-06T14:32:40","modified_gmt":"2017-10-06T12:32:40","slug":"dag-verpleegkundige-op-dagbehandeling-en-preoperatieve-afdeling","status":"publish","type":"page","link":"https:\/\/www.mmc.nl\/werkenbijmmc\/dag-verpleegkundige-op-dagbehandeling-en-preoperatieve-afdeling\/","title":{"rendered":"Een dag van een verpleegkundige op de dagbehandeling en preoperatieve afdeling"},"content":{"rendered":"<p><em><strong>Meer dan bedden op en neer rijden\u2026.<\/strong><br \/>\n<\/em>Jouw dag begint vandaag lekker vroeg om 7 uur. Vandaag heb je vijf pati\u00ebnten die jij begeleidt bij hun opname in MMC. De eerste pati\u00ebnt komt binnen, waarna je de pati\u00ebnt verwelkomt en bespreekt wat er die dag staat te gebeuren. Je beantwoordt vragen die de pati\u00ebnt heeft over de operatie die hij ondergaat, je bereidt de pati\u00ebnt voor en brengt hem naar de OK. Je stelt de pati\u00ebnt nog even gerust en gaat terug naar de dagbehandeling, waar de volgende pati\u00ebnt al op je wacht. Deze pati\u00ebnt komt voor een bloedtransfusie, je hebt deze pati\u00ebnt al een keer eerder geholpen bij een bloedtransfusie. Nadat je ge\u00efnformeerd hebt hoe het met de pati\u00ebnt gaat, ga je het bloed halen, prik je het infuus en begeleid je de bloedtransfusie. Ondertussen komt de volgende pati\u00ebnt binnen. Ook met deze pati\u00ebnt houd je een intakegesprek, waarna de pati\u00ebnt zich omkleedt. Ondertussen controleer jij de bloedtransfusie en breng je hierna de andere pati\u00ebnt naar de OK. Je loopt meteen even langs bij de recovery om te informeren of jouw eerste pati\u00ebnt van de dag weer mee naar de afdeling kan. Gelukkig voor de pati\u00ebnt zit de operatie er weer op en mag hij weer met je mee. Op de afdeling verzorg je de pati\u00ebnt en voer je een aantal controles uit. Daarna ga je de bloedtransfusie be\u00ebindigen en regel je het ontslag voor de pati\u00ebnt.<\/p>\n<p>Tijd om met je collega\u2019s te lunchen! Dit lukt nog net voordat je volgende pati\u00ebnt komt; een mevrouw die je gaat begeleiden bij een onderzoek. Na de lunch loop je even langs bij de pati\u00ebnt die vanochtend geopereerd is. Je ziet wat signalen die je ongerust maken en besluit de arts te bellen voor afstemming. Nadat de arts is langsgekomen en heeft aangegeven dat de pati\u00ebnt nog wat langer moet blijven voordat hij met ontslag mag, ga je snel naar de volgende pati\u00ebnt die voor het onderzoek komt. Je houdt de intake, beantwoordt een aantal vragen en brengt de pati\u00ebnt naar de r\u00f6ntgen. De recovery belt of je jouw pati\u00ebnt wil komen ophalen. Het gaat goed met de pati\u00ebnt en na wat nazorg kun je de pati\u00ebnt ontslaan en mag diegene weer naar huis. Ook met de eerder geopereerde pati\u00ebnt gaat het weer een stuk beter en na afstemming met de arts mag je ook deze pati\u00ebnt ontslaan.<\/p>\n<p>Je hebt even een rustig moment en werkt verder aan een project rondom de nieuwbouw van de (kinder)dagbehandeling. Ook bereid je de meeting die je volgende week hebt alvast voor. Tot slot haal je jouw pati\u00ebnt op die het onderzoek gelukkig achter de rug heeft. Je helpt de pati\u00ebnt met een aantal zaken en plant een vervolgafspraak in. Zo, jouw dag zit erop, morgen weer een dag. Een dag met weer allerlei\u00a0verschillende pati\u00ebnten,\u00a0handelingen, verhalen\u00a0en ziektebeelden.<\/p>\n","protected":false},"excerpt":{"rendered":"<p>Meer dan bedden op en neer rijden\u2026. Jouw dag begint vandaag lekker vroeg om 7 uur. Vandaag heb je vijf pati\u00ebnten die jij begeleidt bij hun opname in MMC. De eerste pati\u00ebnt komt binnen, waarna je de pati\u00ebnt verwelkomt en bespreekt wat er die dag staat te gebeuren. Je beantwoordt vragen die de pati\u00ebnt heeft [&hellip;]<\/p>\n","protected":false},"author":28,"featured_media":1,"parent":0,"menu_order":0,"comment_status":"closed","ping_status":"closed","template":"","meta":{"_acf_changed":false,"ep_exclude_from_search":false,"footnotes":""},"tags":[],"class_list":["post-1133","page","type-page","status-publish","has-post-thumbnail","hentry"],"acf":[],"yoast_head":"<!-- This site is optimized with the Yoast SEO Premium plugin v27.3 (Yoast SEO v27.3) - https:\/\/yoast.com\/product\/yoast-seo-premium-wordpress\/ -->\n<title>Een dag van een verpleegkundige op de dagbehandeling en preoperatieve afdeling - Werken bij MMC<\/title>\n<meta name=\"robots\" content=\"index, follow, max-snippet:-1, max-image-preview:large, max-video-preview:-1\" \/>\n<link rel=\"canonical\" href=\"https:\/\/www.mmc.nl\/werkenbijmmc\/dag-verpleegkundige-op-dagbehandeling-en-preoperatieve-afdeling\/\" \/>\n<meta property=\"og:locale\" content=\"nl_NL\" \/>\n<meta property=\"og:type\" content=\"article\" \/>\n<meta property=\"og:title\" content=\"Een dag van een verpleegkundige op de dagbehandeling en preoperatieve afdeling\" \/>\n<meta property=\"og:description\" content=\"Meer dan bedden op en neer rijden\u2026. Jouw dag begint vandaag lekker vroeg om 7 uur. Vandaag heb je vijf pati\u00ebnten die jij begeleidt bij hun opname in MMC. De eerste pati\u00ebnt komt binnen, waarna je de pati\u00ebnt verwelkomt en bespreekt wat er die dag staat te gebeuren. Je beantwoordt vragen die de pati\u00ebnt heeft [&hellip;]\" \/>\n<meta property=\"og:url\" content=\"https:\/\/www.mmc.nl\/werkenbijmmc\/dag-verpleegkundige-op-dagbehandeling-en-preoperatieve-afdeling\/\" \/>\n<meta property=\"og:site_name\" content=\"Werken bij MMC\" \/>\n<meta property=\"article:modified_time\" content=\"2017-10-06T12:32:40+00:00\" \/>\n<meta name=\"twitter:card\" content=\"summary_large_image\" \/>\n<meta name=\"twitter:label1\" content=\"Geschatte leestijd\" \/>\n\t<meta name=\"twitter:data1\" content=\"3 minuten\" \/>\n<script type=\"application\/ld+json\" class=\"yoast-schema-graph\">{\"@context\":\"https:\\\/\\\/schema.org\",\"@graph\":[{\"@type\":\"WebPage\",\"@id\":\"https:\\\/\\\/www.mmc.nl\\\/werkenbijmmc\\\/dag-verpleegkundige-op-dagbehandeling-en-preoperatieve-afdeling\\\/\",\"url\":\"https:\\\/\\\/www.mmc.nl\\\/werkenbijmmc\\\/dag-verpleegkundige-op-dagbehandeling-en-preoperatieve-afdeling\\\/\",\"name\":\"Een dag van een verpleegkundige op de dagbehandeling en preoperatieve afdeling - Werken bij MMC\",\"isPartOf\":{\"@id\":\"https:\\\/\\\/www.mmc.nl\\\/werkenbijmmc\\\/#website\"},\"primaryImageOfPage\":{\"@id\":\"https:\\\/\\\/www.mmc.nl\\\/werkenbijmmc\\\/dag-verpleegkundige-op-dagbehandeling-en-preoperatieve-afdeling\\\/#primaryimage\"},\"image\":{\"@id\":\"https:\\\/\\\/www.mmc.nl\\\/werkenbijmmc\\\/dag-verpleegkundige-op-dagbehandeling-en-preoperatieve-afdeling\\\/#primaryimage\"},\"thumbnailUrl\":\"\",\"datePublished\":\"2017-10-06T12:26:03+00:00\",\"dateModified\":\"2017-10-06T12:32:40+00:00\",\"breadcrumb\":{\"@id\":\"https:\\\/\\\/www.mmc.nl\\\/werkenbijmmc\\\/dag-verpleegkundige-op-dagbehandeling-en-preoperatieve-afdeling\\\/#breadcrumb\"},\"inLanguage\":\"nl-NL\",\"potentialAction\":[{\"@type\":\"ReadAction\",\"target\":[\"https:\\\/\\\/www.mmc.nl\\\/werkenbijmmc\\\/dag-verpleegkundige-op-dagbehandeling-en-preoperatieve-afdeling\\\/\"]}]},{\"@type\":\"ImageObject\",\"inLanguage\":\"nl-NL\",\"@id\":\"https:\\\/\\\/www.mmc.nl\\\/werkenbijmmc\\\/dag-verpleegkundige-op-dagbehandeling-en-preoperatieve-afdeling\\\/#primaryimage\",\"url\":\"\",\"contentUrl\":\"\"},{\"@type\":\"BreadcrumbList\",\"@id\":\"https:\\\/\\\/www.mmc.nl\\\/werkenbijmmc\\\/dag-verpleegkundige-op-dagbehandeling-en-preoperatieve-afdeling\\\/#breadcrumb\",\"itemListElement\":[{\"@type\":\"ListItem\",\"position\":1,\"name\":\"Werken bij MMC\",\"item\":\"https:\\\/\\\/www.mmc.nl\\\/werkenbijmmc\\\/\"},{\"@type\":\"ListItem\",\"position\":2,\"name\":\"Een dag van een verpleegkundige op de dagbehandeling en preoperatieve afdeling\"}]},{\"@type\":\"WebSite\",\"@id\":\"https:\\\/\\\/www.mmc.nl\\\/werkenbijmmc\\\/#website\",\"url\":\"https:\\\/\\\/www.mmc.nl\\\/werkenbijmmc\\\/\",\"name\":\"Werken bij MMC\",\"description\":\"\",\"potentialAction\":[{\"@type\":\"SearchAction\",\"target\":{\"@type\":\"EntryPoint\",\"urlTemplate\":\"https:\\\/\\\/www.mmc.nl\\\/werkenbijmmc\\\/?s={search_term_string}\"},\"query-input\":{\"@type\":\"PropertyValueSpecification\",\"valueRequired\":true,\"valueName\":\"search_term_string\"}}],\"inLanguage\":\"nl-NL\"}]}<\/script>\n<!-- \/ Yoast SEO Premium plugin. -->","yoast_head_json":{"title":"Een dag van een verpleegkundige op de dagbehandeling en preoperatieve afdeling - Werken bij MMC","robots":{"index":"index","follow":"follow","max-snippet":"max-snippet:-1","max-image-preview":"max-image-preview:large","max-video-preview":"max-video-preview:-1"},"canonical":"https:\/\/www.mmc.nl\/werkenbijmmc\/dag-verpleegkundige-op-dagbehandeling-en-preoperatieve-afdeling\/","og_locale":"nl_NL","og_type":"article","og_title":"Een dag van een verpleegkundige op de dagbehandeling en preoperatieve afdeling","og_description":"Meer dan bedden op en neer rijden\u2026. Jouw dag begint vandaag lekker vroeg om 7 uur. Vandaag heb je vijf pati\u00ebnten die jij begeleidt bij hun opname in MMC. De eerste pati\u00ebnt komt binnen, waarna je de pati\u00ebnt verwelkomt en bespreekt wat er die dag staat te gebeuren. Je beantwoordt vragen die de pati\u00ebnt heeft [&hellip;]","og_url":"https:\/\/www.mmc.nl\/werkenbijmmc\/dag-verpleegkundige-op-dagbehandeling-en-preoperatieve-afdeling\/","og_site_name":"Werken bij MMC","article_modified_time":"2017-10-06T12:32:40+00:00","twitter_card":"summary_large_image","twitter_misc":{"Geschatte leestijd":"3 minuten"},"schema":{"@context":"https:\/\/schema.org","@graph":[{"@type":"WebPage","@id":"https:\/\/www.mmc.nl\/werkenbijmmc\/dag-verpleegkundige-op-dagbehandeling-en-preoperatieve-afdeling\/","url":"https:\/\/www.mmc.nl\/werkenbijmmc\/dag-verpleegkundige-op-dagbehandeling-en-preoperatieve-afdeling\/","name":"Een dag van een verpleegkundige op de dagbehandeling en preoperatieve afdeling - Werken bij MMC","isPartOf":{"@id":"https:\/\/www.mmc.nl\/werkenbijmmc\/#website"},"primaryImageOfPage":{"@id":"https:\/\/www.mmc.nl\/werkenbijmmc\/dag-verpleegkundige-op-dagbehandeling-en-preoperatieve-afdeling\/#primaryimage"},"image":{"@id":"https:\/\/www.mmc.nl\/werkenbijmmc\/dag-verpleegkundige-op-dagbehandeling-en-preoperatieve-afdeling\/#primaryimage"},"thumbnailUrl":"","datePublished":"2017-10-06T12:26:03+00:00","dateModified":"2017-10-06T12:32:40+00:00","breadcrumb":{"@id":"https:\/\/www.mmc.nl\/werkenbijmmc\/dag-verpleegkundige-op-dagbehandeling-en-preoperatieve-afdeling\/#breadcrumb"},"inLanguage":"nl-NL","potentialAction":[{"@type":"ReadAction","target":["https:\/\/www.mmc.nl\/werkenbijmmc\/dag-verpleegkundige-op-dagbehandeling-en-preoperatieve-afdeling\/"]}]},{"@type":"ImageObject","inLanguage":"nl-NL","@id":"https:\/\/www.mmc.nl\/werkenbijmmc\/dag-verpleegkundige-op-dagbehandeling-en-preoperatieve-afdeling\/#primaryimage","url":"","contentUrl":""},{"@type":"BreadcrumbList","@id":"https:\/\/www.mmc.nl\/werkenbijmmc\/dag-verpleegkundige-op-dagbehandeling-en-preoperatieve-afdeling\/#breadcrumb","itemListElement":[{"@type":"ListItem","position":1,"name":"Werken bij MMC","item":"https:\/\/www.mmc.nl\/werkenbijmmc\/"},{"@type":"ListItem","position":2,"name":"Een dag van een verpleegkundige op de dagbehandeling en preoperatieve afdeling"}]},{"@type":"WebSite","@id":"https:\/\/www.mmc.nl\/werkenbijmmc\/#website","url":"https:\/\/www.mmc.nl\/werkenbijmmc\/","name":"Werken bij MMC","description":"","potentialAction":[{"@type":"SearchAction","target":{"@type":"EntryPoint","urlTemplate":"https:\/\/www.mmc.nl\/werkenbijmmc\/?s={search_term_string}"},"query-input":{"@type":"PropertyValueSpecification","valueRequired":true,"valueName":"search_term_string"}}],"inLanguage":"nl-NL"}]}},"_links":{"self":[{"href":"https:\/\/www.mmc.nl\/werkenbijmmc\/wp-json\/wp\/v2\/pages\/1133","targetHints":{"allow":["GET"]}}],"collection":[{"href":"https:\/\/www.mmc.nl\/werkenbijmmc\/wp-json\/wp\/v2\/pages"}],"about":[{"href":"https:\/\/www.mmc.nl\/werkenbijmmc\/wp-json\/wp\/v2\/types\/page"}],"author":[{"embeddable":true,"href":"https:\/\/www.mmc.nl\/werkenbijmmc\/wp-json\/wp\/v2\/users\/28"}],"replies":[{"embeddable":true,"href":"https:\/\/www.mmc.nl\/werkenbijmmc\/wp-json\/wp\/v2\/comments?post=1133"}],"version-history":[{"count":4,"href":"https:\/\/www.mmc.nl\/werkenbijmmc\/wp-json\/wp\/v2\/pages\/1133\/revisions"}],"predecessor-version":[{"id":1137,"href":"https:\/\/www.mmc.nl\/werkenbijmmc\/wp-json\/wp\/v2\/pages\/1133\/revisions\/1137"}],"wp:featuredmedia":[{"embeddable":true,"href":"https:\/\/www.mmc.nl\/werkenbijmmc\/wp-json\/"}],"wp:attachment":[{"href":"https:\/\/www.mmc.nl\/werkenbijmmc\/wp-json\/wp\/v2\/media?parent=1133"}],"wp:term":[{"taxonomy":"post_tag","embeddable":true,"href":"https:\/\/www.mmc.nl\/werkenbijmmc\/wp-json\/wp\/v2\/tags?post=1133"}],"curies":[{"name":"wp","href":"https:\/\/api.w.org\/{rel}","templated":true}]}}