{"id":39031,"date":"2019-10-29T13:53:03","date_gmt":"2019-10-29T12:53:03","guid":{"rendered":"https:\/\/www.mmc.nl\/werkenbijmmc\/?page_id=39031"},"modified":"2019-10-29T13:53:03","modified_gmt":"2019-10-29T12:53:03","slug":"een-dag-als-trainee-op-een-van-de-afdelingen-binnen-acuut-de-ic","status":"publish","type":"page","link":"https:\/\/www.mmc.nl\/werkenbijmmc\/een-dag-als-trainee-op-een-van-de-afdelingen-binnen-acuut-de-ic\/","title":{"rendered":"Een dag als trainee op \u00e9\u00e9n van de afdelingen binnen acuut (de IC)"},"content":{"rendered":"<p><strong>Geen een dag als trainee is hetzelfde, hieronder hebben we beschreven hoe een dag als trainee op \u00e9\u00e9n van de afdelingen binnen acuut (de IC) er uit kan zien: <\/strong><\/p>\n<p>Je start je dag met de overdracht van je pati\u00ebnt. Op de IC liggen pati\u00ebnten met een complex ziektebeeld die veel zorg nodig hebben en die je goed moet monitoren. Daarom zorg je vaak maar voor 1 pati\u00ebnt. Als trainee doe je dit samen met je begeleider. Aan het begin van je dienst heb je een overdracht met de verpleegkundige die gezorgd heeft voor jouw pati\u00ebnt van die dag. Samen bespreek je bijzonderheden in de voorgeschiedenis van de pati\u00ebnt en waar je extra op moet letten in de komende tijd. Het kan bijvoorbeeld zijn dat er veel pieken en dalen zijn geweest in de bloeddruk waardoor je die nu extra in de gaten moet houden. Of juist extra aandacht voor de ademhaling moet hebben. Alle aandachtspunten neem je mee in de controles die je elke twee uur doet. Gelukkig blijft de pati\u00ebnt gedurende de dag stabiel. Tussen de controles door was en verzorg je de pati\u00ebnt en doe je alle verpleegtechnische handelingen als infuus aanprikken of katheteriseren. Tijdens de artsenvisite bespreek je met de arts welke acties er gedaan kunnen worden om de gezondheid te verbeteren, zoals andere medicatie. Je zorgt dat de pati\u00ebnt deze krijgt via een infuus. Tussen de controles spar je met collega\u2019s over het ziektebeeld van de pati\u00ebnt. Dit had je nog niet eerder gezien en doordat je boventallig staat is er tijd je hier in te verdiepen. Zo bouw je snel aan je kennis en vaardigheden. In de middag heb je een bootcamp van een ervaren collega over de ABCD Methode. Hier leer je hoe je pati\u00ebnten kunt prioriteren op basis van hun Airway, Breathing, Circulation or Disabilities. Dit is een veelgebruikte methode om te acute pati\u00ebnten te behandelen. Na de bootcamp evalueer je de dag met je begeleiders en krijg je tips om nog beter in je vak te worden. Moe maar voldaan ga je op de fiets naar huis.<\/p>\n","protected":false},"excerpt":{"rendered":"<p>Geen een dag als trainee is hetzelfde, hieronder hebben we beschreven hoe een dag als trainee op \u00e9\u00e9n van de afdelingen binnen acuut (de IC) er uit kan zien: Je start je dag met de overdracht van je pati\u00ebnt. Op de IC liggen pati\u00ebnten met een complex ziektebeeld die veel zorg nodig hebben en die [&hellip;]<\/p>\n","protected":false},"author":112,"featured_media":1,"parent":0,"menu_order":0,"comment_status":"closed","ping_status":"closed","template":"","meta":{"_acf_changed":false,"ep_exclude_from_search":false,"footnotes":""},"tags":[],"class_list":["post-39031","page","type-page","status-publish","has-post-thumbnail","hentry"],"acf":[],"yoast_head":"<!-- This site is optimized with the Yoast SEO Premium plugin v27.1 (Yoast SEO v27.1.1) - https:\/\/yoast.com\/product\/yoast-seo-premium-wordpress\/ -->\n<title>Een dag als trainee op \u00e9\u00e9n van de afdelingen binnen acuut (de IC) - Werken bij MMC<\/title>\n<meta name=\"robots\" content=\"index, follow, max-snippet:-1, max-image-preview:large, max-video-preview:-1\" \/>\n<link rel=\"canonical\" href=\"https:\/\/www.mmc.nl\/werkenbijmmc\/een-dag-als-trainee-op-een-van-de-afdelingen-binnen-acuut-de-ic\/\" \/>\n<meta property=\"og:locale\" content=\"nl_NL\" \/>\n<meta property=\"og:type\" content=\"article\" \/>\n<meta property=\"og:title\" content=\"Een dag als trainee op \u00e9\u00e9n van de afdelingen binnen acuut (de IC)\" \/>\n<meta property=\"og:description\" content=\"Geen een dag als trainee is hetzelfde, hieronder hebben we beschreven hoe een dag als trainee op \u00e9\u00e9n van de afdelingen binnen acuut (de IC) er uit kan zien: Je start je dag met de overdracht van je pati\u00ebnt. Op de IC liggen pati\u00ebnten met een complex ziektebeeld die veel zorg nodig hebben en die [&hellip;]\" \/>\n<meta property=\"og:url\" content=\"https:\/\/www.mmc.nl\/werkenbijmmc\/een-dag-als-trainee-op-een-van-de-afdelingen-binnen-acuut-de-ic\/\" \/>\n<meta property=\"og:site_name\" content=\"Werken bij MMC\" \/>\n<meta name=\"twitter:card\" content=\"summary_large_image\" \/>\n<meta name=\"twitter:label1\" content=\"Geschatte leestijd\" \/>\n\t<meta name=\"twitter:data1\" content=\"2 minuten\" \/>\n<script type=\"application\/ld+json\" class=\"yoast-schema-graph\">{\"@context\":\"https:\/\/schema.org\",\"@graph\":[{\"@type\":\"WebPage\",\"@id\":\"https:\/\/www.mmc.nl\/werkenbijmmc\/een-dag-als-trainee-op-een-van-de-afdelingen-binnen-acuut-de-ic\/\",\"url\":\"https:\/\/www.mmc.nl\/werkenbijmmc\/een-dag-als-trainee-op-een-van-de-afdelingen-binnen-acuut-de-ic\/\",\"name\":\"Een dag als trainee op \u00e9\u00e9n van de afdelingen binnen acuut (de IC) - Werken bij MMC\",\"isPartOf\":{\"@id\":\"https:\/\/www.mmc.nl\/werkenbijmmc\/#website\"},\"primaryImageOfPage\":{\"@id\":\"https:\/\/www.mmc.nl\/werkenbijmmc\/een-dag-als-trainee-op-een-van-de-afdelingen-binnen-acuut-de-ic\/#primaryimage\"},\"image\":{\"@id\":\"https:\/\/www.mmc.nl\/werkenbijmmc\/een-dag-als-trainee-op-een-van-de-afdelingen-binnen-acuut-de-ic\/#primaryimage\"},\"thumbnailUrl\":\"\",\"datePublished\":\"2019-10-29T12:53:03+00:00\",\"breadcrumb\":{\"@id\":\"https:\/\/www.mmc.nl\/werkenbijmmc\/een-dag-als-trainee-op-een-van-de-afdelingen-binnen-acuut-de-ic\/#breadcrumb\"},\"inLanguage\":\"nl-NL\",\"potentialAction\":[{\"@type\":\"ReadAction\",\"target\":[\"https:\/\/www.mmc.nl\/werkenbijmmc\/een-dag-als-trainee-op-een-van-de-afdelingen-binnen-acuut-de-ic\/\"]}]},{\"@type\":\"ImageObject\",\"inLanguage\":\"nl-NL\",\"@id\":\"https:\/\/www.mmc.nl\/werkenbijmmc\/een-dag-als-trainee-op-een-van-de-afdelingen-binnen-acuut-de-ic\/#primaryimage\",\"url\":\"\",\"contentUrl\":\"\"},{\"@type\":\"BreadcrumbList\",\"@id\":\"https:\/\/www.mmc.nl\/werkenbijmmc\/een-dag-als-trainee-op-een-van-de-afdelingen-binnen-acuut-de-ic\/#breadcrumb\",\"itemListElement\":[{\"@type\":\"ListItem\",\"position\":1,\"name\":\"Werken bij MMC\",\"item\":\"https:\/\/www.mmc.nl\/werkenbijmmc\/\"},{\"@type\":\"ListItem\",\"position\":2,\"name\":\"Een dag als trainee op \u00e9\u00e9n van de afdelingen binnen acuut (de IC)\"}]},{\"@type\":\"WebSite\",\"@id\":\"https:\/\/www.mmc.nl\/werkenbijmmc\/#website\",\"url\":\"https:\/\/www.mmc.nl\/werkenbijmmc\/\",\"name\":\"Werken bij MMC\",\"description\":\"\",\"potentialAction\":[{\"@type\":\"SearchAction\",\"target\":{\"@type\":\"EntryPoint\",\"urlTemplate\":\"https:\/\/www.mmc.nl\/werkenbijmmc\/?s={search_term_string}\"},\"query-input\":{\"@type\":\"PropertyValueSpecification\",\"valueRequired\":true,\"valueName\":\"search_term_string\"}}],\"inLanguage\":\"nl-NL\"}]}<\/script>\n<!-- \/ Yoast SEO Premium plugin. -->","yoast_head_json":{"title":"Een dag als trainee op \u00e9\u00e9n van de afdelingen binnen acuut (de IC) - Werken bij MMC","robots":{"index":"index","follow":"follow","max-snippet":"max-snippet:-1","max-image-preview":"max-image-preview:large","max-video-preview":"max-video-preview:-1"},"canonical":"https:\/\/www.mmc.nl\/werkenbijmmc\/een-dag-als-trainee-op-een-van-de-afdelingen-binnen-acuut-de-ic\/","og_locale":"nl_NL","og_type":"article","og_title":"Een dag als trainee op \u00e9\u00e9n van de afdelingen binnen acuut (de IC)","og_description":"Geen een dag als trainee is hetzelfde, hieronder hebben we beschreven hoe een dag als trainee op \u00e9\u00e9n van de afdelingen binnen acuut (de IC) er uit kan zien: Je start je dag met de overdracht van je pati\u00ebnt. Op de IC liggen pati\u00ebnten met een complex ziektebeeld die veel zorg nodig hebben en die [&hellip;]","og_url":"https:\/\/www.mmc.nl\/werkenbijmmc\/een-dag-als-trainee-op-een-van-de-afdelingen-binnen-acuut-de-ic\/","og_site_name":"Werken bij MMC","twitter_card":"summary_large_image","twitter_misc":{"Geschatte leestijd":"2 minuten"},"schema":{"@context":"https:\/\/schema.org","@graph":[{"@type":"WebPage","@id":"https:\/\/www.mmc.nl\/werkenbijmmc\/een-dag-als-trainee-op-een-van-de-afdelingen-binnen-acuut-de-ic\/","url":"https:\/\/www.mmc.nl\/werkenbijmmc\/een-dag-als-trainee-op-een-van-de-afdelingen-binnen-acuut-de-ic\/","name":"Een dag als trainee op \u00e9\u00e9n van de afdelingen binnen acuut (de IC) - Werken bij MMC","isPartOf":{"@id":"https:\/\/www.mmc.nl\/werkenbijmmc\/#website"},"primaryImageOfPage":{"@id":"https:\/\/www.mmc.nl\/werkenbijmmc\/een-dag-als-trainee-op-een-van-de-afdelingen-binnen-acuut-de-ic\/#primaryimage"},"image":{"@id":"https:\/\/www.mmc.nl\/werkenbijmmc\/een-dag-als-trainee-op-een-van-de-afdelingen-binnen-acuut-de-ic\/#primaryimage"},"thumbnailUrl":"","datePublished":"2019-10-29T12:53:03+00:00","breadcrumb":{"@id":"https:\/\/www.mmc.nl\/werkenbijmmc\/een-dag-als-trainee-op-een-van-de-afdelingen-binnen-acuut-de-ic\/#breadcrumb"},"inLanguage":"nl-NL","potentialAction":[{"@type":"ReadAction","target":["https:\/\/www.mmc.nl\/werkenbijmmc\/een-dag-als-trainee-op-een-van-de-afdelingen-binnen-acuut-de-ic\/"]}]},{"@type":"ImageObject","inLanguage":"nl-NL","@id":"https:\/\/www.mmc.nl\/werkenbijmmc\/een-dag-als-trainee-op-een-van-de-afdelingen-binnen-acuut-de-ic\/#primaryimage","url":"","contentUrl":""},{"@type":"BreadcrumbList","@id":"https:\/\/www.mmc.nl\/werkenbijmmc\/een-dag-als-trainee-op-een-van-de-afdelingen-binnen-acuut-de-ic\/#breadcrumb","itemListElement":[{"@type":"ListItem","position":1,"name":"Werken bij MMC","item":"https:\/\/www.mmc.nl\/werkenbijmmc\/"},{"@type":"ListItem","position":2,"name":"Een dag als trainee op \u00e9\u00e9n van de afdelingen binnen acuut (de IC)"}]},{"@type":"WebSite","@id":"https:\/\/www.mmc.nl\/werkenbijmmc\/#website","url":"https:\/\/www.mmc.nl\/werkenbijmmc\/","name":"Werken bij MMC","description":"","potentialAction":[{"@type":"SearchAction","target":{"@type":"EntryPoint","urlTemplate":"https:\/\/www.mmc.nl\/werkenbijmmc\/?s={search_term_string}"},"query-input":{"@type":"PropertyValueSpecification","valueRequired":true,"valueName":"search_term_string"}}],"inLanguage":"nl-NL"}]}},"_links":{"self":[{"href":"https:\/\/www.mmc.nl\/werkenbijmmc\/wp-json\/wp\/v2\/pages\/39031","targetHints":{"allow":["GET"]}}],"collection":[{"href":"https:\/\/www.mmc.nl\/werkenbijmmc\/wp-json\/wp\/v2\/pages"}],"about":[{"href":"https:\/\/www.mmc.nl\/werkenbijmmc\/wp-json\/wp\/v2\/types\/page"}],"author":[{"embeddable":true,"href":"https:\/\/www.mmc.nl\/werkenbijmmc\/wp-json\/wp\/v2\/users\/112"}],"replies":[{"embeddable":true,"href":"https:\/\/www.mmc.nl\/werkenbijmmc\/wp-json\/wp\/v2\/comments?post=39031"}],"version-history":[{"count":1,"href":"https:\/\/www.mmc.nl\/werkenbijmmc\/wp-json\/wp\/v2\/pages\/39031\/revisions"}],"predecessor-version":[{"id":39034,"href":"https:\/\/www.mmc.nl\/werkenbijmmc\/wp-json\/wp\/v2\/pages\/39031\/revisions\/39034"}],"wp:featuredmedia":[{"embeddable":true,"href":"https:\/\/www.mmc.nl\/werkenbijmmc\/wp-json\/"}],"wp:attachment":[{"href":"https:\/\/www.mmc.nl\/werkenbijmmc\/wp-json\/wp\/v2\/media?parent=39031"}],"wp:term":[{"taxonomy":"post_tag","embeddable":true,"href":"https:\/\/www.mmc.nl\/werkenbijmmc\/wp-json\/wp\/v2\/tags?post=39031"}],"curies":[{"name":"wp","href":"https:\/\/api.w.org\/{rel}","templated":true}]}}