{"id":46184,"date":"2023-02-09T15:28:14","date_gmt":"2023-02-09T14:28:14","guid":{"rendered":"https:\/\/www.mmc.nl\/werkenbijmmc\/?page_id=46184"},"modified":"2023-02-13T11:22:52","modified_gmt":"2023-02-13T10:22:52","slug":"interview-met-latifa-verpleegkundige-neurologie","status":"publish","type":"page","link":"https:\/\/www.mmc.nl\/werkenbijmmc\/interview-met-latifa-verpleegkundige-neurologie\/","title":{"rendered":"Interview met Latifa, verpleegkundige neurologie"},"content":{"rendered":"<p><img decoding=\"async\" class=\"alignnone size-large wp-image-45239 size-medium lazyload\" data-src=\"https:\/\/www.mmc.nl\/werkenbijmmc\/wp-content\/uploads\/sites\/6\/2022\/10\/Latifa-vpl-neurologie-1024x683.jpg\" alt=\"\" width=\"1024\" height=\"683\" data-srcset=\"https:\/\/www.mmc.nl\/werkenbijmmc\/wp-content\/uploads\/sites\/6\/2022\/10\/Latifa-vpl-neurologie-1024x683.jpg 1024w, https:\/\/www.mmc.nl\/werkenbijmmc\/wp-content\/uploads\/sites\/6\/2022\/10\/Latifa-vpl-neurologie-300x200.jpg 300w, https:\/\/www.mmc.nl\/werkenbijmmc\/wp-content\/uploads\/sites\/6\/2022\/10\/Latifa-vpl-neurologie-768x512.jpg 768w, https:\/\/www.mmc.nl\/werkenbijmmc\/wp-content\/uploads\/sites\/6\/2022\/10\/Latifa-vpl-neurologie-1536x1024.jpg 1536w, https:\/\/www.mmc.nl\/werkenbijmmc\/wp-content\/uploads\/sites\/6\/2022\/10\/Latifa-vpl-neurologie-2048x1365.jpg 2048w, https:\/\/www.mmc.nl\/werkenbijmmc\/wp-content\/uploads\/sites\/6\/2022\/10\/Latifa-vpl-neurologie-150x100.jpg 150w, https:\/\/www.mmc.nl\/werkenbijmmc\/wp-content\/uploads\/sites\/6\/2022\/10\/Latifa-vpl-neurologie-scaled.jpg 1400w\" data-sizes=\"(max-width: 1024px) 100vw, 1024px\" src=\"data:image\/svg+xml;base64,PHN2ZyB3aWR0aD0iMSIgaGVpZ2h0PSIxIiB4bWxucz0iaHR0cDovL3d3dy53My5vcmcvMjAwMC9zdmciPjwvc3ZnPg==\" style=\"--smush-placeholder-width: 1024px; --smush-placeholder-aspect-ratio: 1024\/683;\" \/><br \/>\n<strong>Latifa is sinds 2019 werkzaam als verpleegkundige op de afdeling neurologie bij M\u00e1xima MC (MMC). Latifa vertelt hoe ze bij ons terecht is gekomen en hoe zij haar toekomst in MMC voor zich ziet. <\/strong><\/p>\n<p><strong>\u201c<\/strong>Toen ik 23 was, vluchtte ik vanuit Afghanistan naar Nederland. Mijn man was ook al in Nederland. Vrij snel daarna werd ik zwanger. Het was een moeilijke zwangerschap en uiteindelijk beviel ik in MMC. Na mijn bevalling verbleef ik een tijdje in MMC en dat voelde als een tweede thuis. Al snel werd ik enthousiast over het werken in een ziekenhuis. Ik vroeg het personeel welke opleiding ik moest volgen om als verpleegkundige aan de slag te kunnen in een ziekenhuis.<\/p>\n<p>Ik startte met de opleiding tot verzorgende individuele gezondheidszorg (IG) en werkte een aantal jaar in een verpleeghuis. Daarna volgde ik de opleiding verpleegkundige en maakte ik de switch naar de gehandicaptenzorg. Als gediplomeerd verpleegkundige solliciteerde ik een aantal keer bij verschillende ziekenhuizen. Het lukte telkens niet omdat ik geen ziekenhuiservaring had.<br \/>\nIn 2019 kwam ik in contact met Tessa; teamleider flexbureau bij MMC. Zij adviseerde me destijds om bij de verpleegafdeling neurologie te solliciteren. Daar zou ik meer kans hebben om zonder ziekenhuiservaring binnen te komen en dat bleek; ik werd aangenomen!<\/p>\n<p>Hoewel ik heel graag in het ziekenhuis wilde werken was ik wel bang dat de sfeer heel zakelijk zou zijn. En dat je minder goed een band kan opbouwen met pati\u00ebnten omdat ze komen en gaan. Dat bleek helemaal niet zo te zijn. Ik heb hier ook \u00e9cht een band met pati\u00ebnten. Ook de samenwerking met collega\u2019s is heel fijn. Je hebt een buddy waar je samen in de dienst mee optrekt. Daarnaast is er een stipdienst, deze verpleegkundige staat \u201cboventallig\u201d en helpt en springt bij waar nodig. Het contact met de artsen is prettig, we luisteren naar elkaar en ik voel de ruimte om mijn idee\u00ebn in te brengen. Doordat ik regelmatig aansluit bij het MDO (Multidisciplinair Overleg), leer ik veel van andere disciplines.<\/p>\n<p>In het begin waren veel zaken nieuw voor mij, zeker een aantal verpleegtechnische handelingen. Ik kreeg ruim de tijd (8 weken) om boventallig in te werken en had twee buddy\u2019s die mij alles uitlegden. Eerst keek ik met hen mee, daarna deed ik het onder toezicht en na twee weken kon ik een pati\u00ebnt alleen verzorgen. Dat werd goed opgebouwd.<\/p>\n<p>Nu ik een tijd werkzaam ben in het ziekenhuis, heb ik een goede basis gelegd en ben ik vorig jaar begonnen met de hbo-opleiding Verpleegkunde. Dat bevalt heel goed. Ik ga een dag per week naar school, binnen mijn contracturen. Twee andere collega\u2019s op de afdeling volgen deze opleiding ook. Dat is handig \u00e9n gezellig. Ik hoop regieverpleegkundige te worden. En de stap daarna? Dat zien we dan weer. Het ziekenhuis biedt mij in ieder geval allerlei opties. Mogelijk als ik ouder ben, maar dat duurt nog wel even, wil ik niet meer aan het bed staan maar wel blijven werken als verpleegkundige.\u201d<\/p>\n<p>Lees <a href=\"https:\/\/www.mmc.nl\/werkenbijmmc\/ervaringen\/latifa-verpleegkundige-neurologie\/\">hier<\/a> het ervaringsverhaal van Latifa in M\u00e1xima MC.<\/p>\n","protected":false},"excerpt":{"rendered":"<p>Latifa is sinds 2019 werkzaam als verpleegkundige op de afdeling neurologie bij M\u00e1xima MC (MMC). Latifa vertelt hoe ze bij ons terecht is gekomen en hoe zij haar toekomst in MMC voor zich ziet. \u201cToen ik 23 was, vluchtte ik vanuit Afghanistan naar Nederland. Mijn man was ook al in Nederland. Vrij snel daarna werd [&hellip;]<\/p>\n","protected":false},"author":221,"featured_media":1,"parent":0,"menu_order":0,"comment_status":"closed","ping_status":"closed","template":"","meta":{"_acf_changed":false,"ep_exclude_from_search":false,"footnotes":""},"tags":[],"class_list":["post-46184","page","type-page","status-publish","has-post-thumbnail","hentry"],"acf":[],"yoast_head":"<!-- This site is optimized with the Yoast SEO Premium plugin v27.1 (Yoast SEO v27.1.1) - https:\/\/yoast.com\/product\/yoast-seo-premium-wordpress\/ -->\n<title>Interview met Latifa, verpleegkundige neurologie - Werken bij MMC<\/title>\n<meta name=\"description\" content=\"Latifa is sinds 2019 werkzaam als verpleegkundige op de afdeling neurologie bij M\u00e1xima MC (MMC). Latifa vertelt hoe ze bij ons terecht is gekomen en hoe zij haar toekomst in MMC voor zich ziet.\" \/>\n<meta name=\"robots\" content=\"index, follow, max-snippet:-1, max-image-preview:large, max-video-preview:-1\" \/>\n<link rel=\"canonical\" href=\"https:\/\/www.mmc.nl\/werkenbijmmc\/interview-met-latifa-verpleegkundige-neurologie\/\" \/>\n<meta property=\"og:locale\" content=\"nl_NL\" \/>\n<meta property=\"og:type\" content=\"article\" \/>\n<meta property=\"og:title\" content=\"Interview met Latifa, verpleegkundige neurologie\" \/>\n<meta property=\"og:description\" content=\"Latifa is sinds 2019 werkzaam als verpleegkundige op de afdeling neurologie bij M\u00e1xima MC (MMC). Latifa vertelt hoe ze bij ons terecht is gekomen en hoe zij haar toekomst in MMC voor zich ziet.\" \/>\n<meta property=\"og:url\" content=\"https:\/\/www.mmc.nl\/werkenbijmmc\/interview-met-latifa-verpleegkundige-neurologie\/\" \/>\n<meta property=\"og:site_name\" content=\"Werken bij MMC\" \/>\n<meta property=\"article:modified_time\" content=\"2023-02-13T10:22:52+00:00\" \/>\n<meta name=\"twitter:card\" content=\"summary_large_image\" \/>\n<meta name=\"twitter:label1\" content=\"Geschatte leestijd\" \/>\n\t<meta name=\"twitter:data1\" content=\"3 minuten\" \/>\n<script type=\"application\/ld+json\" class=\"yoast-schema-graph\">{\"@context\":\"https:\/\/schema.org\",\"@graph\":[{\"@type\":\"WebPage\",\"@id\":\"https:\/\/www.mmc.nl\/werkenbijmmc\/interview-met-latifa-verpleegkundige-neurologie\/\",\"url\":\"https:\/\/www.mmc.nl\/werkenbijmmc\/interview-met-latifa-verpleegkundige-neurologie\/\",\"name\":\"Interview met Latifa, verpleegkundige neurologie - Werken bij MMC\",\"isPartOf\":{\"@id\":\"https:\/\/www.mmc.nl\/werkenbijmmc\/#website\"},\"primaryImageOfPage\":{\"@id\":\"https:\/\/www.mmc.nl\/werkenbijmmc\/interview-met-latifa-verpleegkundige-neurologie\/#primaryimage\"},\"image\":{\"@id\":\"https:\/\/www.mmc.nl\/werkenbijmmc\/interview-met-latifa-verpleegkundige-neurologie\/#primaryimage\"},\"thumbnailUrl\":\"\",\"datePublished\":\"2023-02-09T14:28:14+00:00\",\"dateModified\":\"2023-02-13T10:22:52+00:00\",\"description\":\"Latifa is sinds 2019 werkzaam als verpleegkundige op de afdeling neurologie bij M\u00e1xima MC (MMC). Latifa vertelt hoe ze bij ons terecht is gekomen en hoe zij haar toekomst in MMC voor zich ziet.\",\"breadcrumb\":{\"@id\":\"https:\/\/www.mmc.nl\/werkenbijmmc\/interview-met-latifa-verpleegkundige-neurologie\/#breadcrumb\"},\"inLanguage\":\"nl-NL\",\"potentialAction\":[{\"@type\":\"ReadAction\",\"target\":[\"https:\/\/www.mmc.nl\/werkenbijmmc\/interview-met-latifa-verpleegkundige-neurologie\/\"]}]},{\"@type\":\"ImageObject\",\"inLanguage\":\"nl-NL\",\"@id\":\"https:\/\/www.mmc.nl\/werkenbijmmc\/interview-met-latifa-verpleegkundige-neurologie\/#primaryimage\",\"url\":\"\",\"contentUrl\":\"\"},{\"@type\":\"BreadcrumbList\",\"@id\":\"https:\/\/www.mmc.nl\/werkenbijmmc\/interview-met-latifa-verpleegkundige-neurologie\/#breadcrumb\",\"itemListElement\":[{\"@type\":\"ListItem\",\"position\":1,\"name\":\"Werken bij MMC\",\"item\":\"https:\/\/www.mmc.nl\/werkenbijmmc\/\"},{\"@type\":\"ListItem\",\"position\":2,\"name\":\"Interview met Latifa, verpleegkundige neurologie\"}]},{\"@type\":\"WebSite\",\"@id\":\"https:\/\/www.mmc.nl\/werkenbijmmc\/#website\",\"url\":\"https:\/\/www.mmc.nl\/werkenbijmmc\/\",\"name\":\"Werken bij MMC\",\"description\":\"\",\"potentialAction\":[{\"@type\":\"SearchAction\",\"target\":{\"@type\":\"EntryPoint\",\"urlTemplate\":\"https:\/\/www.mmc.nl\/werkenbijmmc\/?s={search_term_string}\"},\"query-input\":{\"@type\":\"PropertyValueSpecification\",\"valueRequired\":true,\"valueName\":\"search_term_string\"}}],\"inLanguage\":\"nl-NL\"}]}<\/script>\n<!-- \/ Yoast SEO Premium plugin. -->","yoast_head_json":{"title":"Interview met Latifa, verpleegkundige neurologie - Werken bij MMC","description":"Latifa is sinds 2019 werkzaam als verpleegkundige op de afdeling neurologie bij M\u00e1xima MC (MMC). Latifa vertelt hoe ze bij ons terecht is gekomen en hoe zij haar toekomst in MMC voor zich ziet.","robots":{"index":"index","follow":"follow","max-snippet":"max-snippet:-1","max-image-preview":"max-image-preview:large","max-video-preview":"max-video-preview:-1"},"canonical":"https:\/\/www.mmc.nl\/werkenbijmmc\/interview-met-latifa-verpleegkundige-neurologie\/","og_locale":"nl_NL","og_type":"article","og_title":"Interview met Latifa, verpleegkundige neurologie","og_description":"Latifa is sinds 2019 werkzaam als verpleegkundige op de afdeling neurologie bij M\u00e1xima MC (MMC). Latifa vertelt hoe ze bij ons terecht is gekomen en hoe zij haar toekomst in MMC voor zich ziet.","og_url":"https:\/\/www.mmc.nl\/werkenbijmmc\/interview-met-latifa-verpleegkundige-neurologie\/","og_site_name":"Werken bij MMC","article_modified_time":"2023-02-13T10:22:52+00:00","twitter_card":"summary_large_image","twitter_misc":{"Geschatte leestijd":"3 minuten"},"schema":{"@context":"https:\/\/schema.org","@graph":[{"@type":"WebPage","@id":"https:\/\/www.mmc.nl\/werkenbijmmc\/interview-met-latifa-verpleegkundige-neurologie\/","url":"https:\/\/www.mmc.nl\/werkenbijmmc\/interview-met-latifa-verpleegkundige-neurologie\/","name":"Interview met Latifa, verpleegkundige neurologie - Werken bij MMC","isPartOf":{"@id":"https:\/\/www.mmc.nl\/werkenbijmmc\/#website"},"primaryImageOfPage":{"@id":"https:\/\/www.mmc.nl\/werkenbijmmc\/interview-met-latifa-verpleegkundige-neurologie\/#primaryimage"},"image":{"@id":"https:\/\/www.mmc.nl\/werkenbijmmc\/interview-met-latifa-verpleegkundige-neurologie\/#primaryimage"},"thumbnailUrl":"","datePublished":"2023-02-09T14:28:14+00:00","dateModified":"2023-02-13T10:22:52+00:00","description":"Latifa is sinds 2019 werkzaam als verpleegkundige op de afdeling neurologie bij M\u00e1xima MC (MMC). Latifa vertelt hoe ze bij ons terecht is gekomen en hoe zij haar toekomst in MMC voor zich ziet.","breadcrumb":{"@id":"https:\/\/www.mmc.nl\/werkenbijmmc\/interview-met-latifa-verpleegkundige-neurologie\/#breadcrumb"},"inLanguage":"nl-NL","potentialAction":[{"@type":"ReadAction","target":["https:\/\/www.mmc.nl\/werkenbijmmc\/interview-met-latifa-verpleegkundige-neurologie\/"]}]},{"@type":"ImageObject","inLanguage":"nl-NL","@id":"https:\/\/www.mmc.nl\/werkenbijmmc\/interview-met-latifa-verpleegkundige-neurologie\/#primaryimage","url":"","contentUrl":""},{"@type":"BreadcrumbList","@id":"https:\/\/www.mmc.nl\/werkenbijmmc\/interview-met-latifa-verpleegkundige-neurologie\/#breadcrumb","itemListElement":[{"@type":"ListItem","position":1,"name":"Werken bij MMC","item":"https:\/\/www.mmc.nl\/werkenbijmmc\/"},{"@type":"ListItem","position":2,"name":"Interview met Latifa, verpleegkundige neurologie"}]},{"@type":"WebSite","@id":"https:\/\/www.mmc.nl\/werkenbijmmc\/#website","url":"https:\/\/www.mmc.nl\/werkenbijmmc\/","name":"Werken bij MMC","description":"","potentialAction":[{"@type":"SearchAction","target":{"@type":"EntryPoint","urlTemplate":"https:\/\/www.mmc.nl\/werkenbijmmc\/?s={search_term_string}"},"query-input":{"@type":"PropertyValueSpecification","valueRequired":true,"valueName":"search_term_string"}}],"inLanguage":"nl-NL"}]}},"_links":{"self":[{"href":"https:\/\/www.mmc.nl\/werkenbijmmc\/wp-json\/wp\/v2\/pages\/46184","targetHints":{"allow":["GET"]}}],"collection":[{"href":"https:\/\/www.mmc.nl\/werkenbijmmc\/wp-json\/wp\/v2\/pages"}],"about":[{"href":"https:\/\/www.mmc.nl\/werkenbijmmc\/wp-json\/wp\/v2\/types\/page"}],"author":[{"embeddable":true,"href":"https:\/\/www.mmc.nl\/werkenbijmmc\/wp-json\/wp\/v2\/users\/221"}],"replies":[{"embeddable":true,"href":"https:\/\/www.mmc.nl\/werkenbijmmc\/wp-json\/wp\/v2\/comments?post=46184"}],"version-history":[{"count":5,"href":"https:\/\/www.mmc.nl\/werkenbijmmc\/wp-json\/wp\/v2\/pages\/46184\/revisions"}],"predecessor-version":[{"id":46265,"href":"https:\/\/www.mmc.nl\/werkenbijmmc\/wp-json\/wp\/v2\/pages\/46184\/revisions\/46265"}],"wp:featuredmedia":[{"embeddable":true,"href":"https:\/\/www.mmc.nl\/werkenbijmmc\/wp-json\/"}],"wp:attachment":[{"href":"https:\/\/www.mmc.nl\/werkenbijmmc\/wp-json\/wp\/v2\/media?parent=46184"}],"wp:term":[{"taxonomy":"post_tag","embeddable":true,"href":"https:\/\/www.mmc.nl\/werkenbijmmc\/wp-json\/wp\/v2\/tags?post=46184"}],"curies":[{"name":"wp","href":"https:\/\/api.w.org\/{rel}","templated":true}]}}